{"id":63033,"date":"2024-01-25T20:06:46","date_gmt":"2024-09-16T12:23:35","guid":{"rendered":"https:\/\/staging.nbg.eu\/product\/iosso-ar-rifle-gas-tube-cleaning-kit\/"},"modified":"2024-09-16T12:24:34","modified_gmt":"2024-09-16T12:24:34","slug":"iosso-ar-gevaer-gasroer-rengoeringskit","status":"publish","type":"product","link":"https:\/\/staging.nbg.eu\/sv\/produkt\/iosso-ar-gevaer-gasroer-rengoeringskit\/","title":{"rendered":"Iosso AR Gev\u00e4r Gasr\u00f6r Reng\u00f6ringskit"},"content":{"rendered":"<p>\nIosso AR-gev\u00e4r gasr\u00f6rreng\u00f6ringsset inneh\u00e5ller:<\/p>\n<ul>\n<li>Tv\u00e5 specialiserade gasr\u00f6rborstar<\/li>\n<li>Genomskinligt styrr\u00f6r<\/li>\n<li>Iosso Triple Action-olja<\/li>\n<\/ul>\n<p>Reng\u00f6r ditt gasr\u00f6r utan demontering. S\u00e4kerst\u00e4ller korrekt slutstyckscykel och f\u00f6rhindrar kolutveckling. Detta reng\u00f6ringssystem sparar tid.<\/p>\n","protected":false},"excerpt":{"rendered":"<p>Effektiv AR-gasr\u00f6rstv\u00e4ttare &#8211; ingen demontering kr\u00e4vs.<\/p>\n","protected":false},"featured_media":102334,"template":"","meta":{"_acf_changed":false},"product_brand":[11478],"product_cat":[13061,13034],"product_tag":[],"class_list":{"0":"post-63033","1":"product","2":"type-product","3":"status-publish","4":"has-post-thumbnail","6":"product_brand-iosso","7":"product_cat-borstar","8":"product_cat-vapenrengoering","10":"first","11":"instock","12":"taxable","13":"shipping-taxable","14":"purchasable","15":"product-type-simple"},"acf":[],"_links":{"self":[{"href":"https:\/\/staging.nbg.eu\/sv\/wp-json\/wp\/v2\/product\/63033","targetHints":{"allow":["GET"]}}],"collection":[{"href":"https:\/\/staging.nbg.eu\/sv\/wp-json\/wp\/v2\/product"}],"about":[{"href":"https:\/\/staging.nbg.eu\/sv\/wp-json\/wp\/v2\/types\/product"}],"wp:featuredmedia":[{"embeddable":true,"href":"https:\/\/staging.nbg.eu\/sv\/wp-json\/wp\/v2\/media\/102334"}],"wp:attachment":[{"href":"https:\/\/staging.nbg.eu\/sv\/wp-json\/wp\/v2\/media?parent=63033"}],"wp:term":[{"taxonomy":"product_brand","embeddable":true,"href":"https:\/\/staging.nbg.eu\/sv\/wp-json\/wp\/v2\/product_brand?post=63033"},{"taxonomy":"product_cat","embeddable":true,"href":"https:\/\/staging.nbg.eu\/sv\/wp-json\/wp\/v2\/product_cat?post=63033"},{"taxonomy":"product_tag","embeddable":true,"href":"https:\/\/staging.nbg.eu\/sv\/wp-json\/wp\/v2\/product_tag?post=63033"}],"curies":[{"name":"wp","href":"https:\/\/api.w.org\/{rel}","templated":true}]}}