{"id":62987,"date":"2024-01-25T20:19:03","date_gmt":"2024-09-16T12:21:39","guid":{"rendered":"https:\/\/staging.nbg.eu\/product\/iosso-chamber-brushes-2-pack\/"},"modified":"2024-09-16T12:22:43","modified_gmt":"2024-09-16T12:22:43","slug":"iosso-kammarborstar-2-pack","status":"publish","type":"product","link":"https:\/\/staging.nbg.eu\/sv\/produkt\/iosso-kammarborstar-2-pack\/","title":{"rendered":"Iosso Kammarborstar 2-pack"},"content":{"rendered":"<p style=\"text-align: center\"><strong><span style=\"font-size: 170%\">Iosso kammarborstar (2-pack)<\/span><\/strong><\/p>\n<p>Den f\u00f6rsta borsten f\u00f6r reng\u00f6ring av 6.5 Creedmoor-kammaren. De \u00e4r dimensionerade med sn\u00e4v tolerans f\u00f6r precis reng\u00f6ring. Tillverkade av bl\u00e5 fiber som \u00e4r tjock, styv och beh\u00e5ller formen b\u00e4ttre \u00e4n traditionella m\u00e4ssings- och bronsborstar. De kan anv\u00e4ndas flera g\u00e5nger innan de slits ut. F\u00f6rpackningen inneh\u00e5ller 2 borstar. Rekommenderade reng\u00f6ringsmedel att anv\u00e4ndas med denna borste \u00e4r Iosso Bore Cleaner och Iosso Triple Action Oil. <strong>De bl\u00e5 borstarna \u00e4r ett varum\u00e4rke som tillh\u00f6r Iosso Products.<\/strong><\/p>\n<table width=\"305\">\n<tbody>\n<tr>\n<td width=\"305\"><strong>AR-15 kammarborste med stift 2-pack<\/strong><\/td>\n<\/tr>\n<tr>\n<td><strong>Grendel AR-15 6.5 kammarborste 2-pack<\/strong><\/td>\n<\/tr>\n<tr>\n<td><strong>Creedmoor 6.5 kammarborste 2-pack<\/strong><\/td>\n<\/tr>\n<tr>\n<td><strong>AR.308 gev\u00e4r kammarborste med stift 2-pack<\/strong><\/td>\n<\/tr>\n<\/tbody>\n<\/table>\n","protected":false},"excerpt":{"rendered":"<p><strong>F\u00f6rsta borsten f\u00f6r att reng\u00f6ra 6,5 Creedmoor-kammaren<\/strong><\/p>\n","protected":false},"featured_media":107695,"template":"","meta":{"_acf_changed":false},"product_brand":[11478],"product_cat":[13061,13034],"product_tag":[],"class_list":{"0":"post-62987","1":"product","2":"type-product","3":"status-publish","4":"has-post-thumbnail","6":"product_brand-iosso","7":"product_cat-borstar","8":"product_cat-vapenrengoering","9":"pa_model-6-5-creedmoor-sv-2","10":"pa_model-6-5-grendel-sv","11":"pa_model-ar-308-sv-2","12":"pa_model-ar-15-sv","14":"first","15":"instock","16":"taxable","17":"shipping-taxable","18":"purchasable","19":"product-type-variable","20":"wvs-archive-product-wrapper"},"acf":[],"_links":{"self":[{"href":"https:\/\/staging.nbg.eu\/sv\/wp-json\/wp\/v2\/product\/62987","targetHints":{"allow":["GET"]}}],"collection":[{"href":"https:\/\/staging.nbg.eu\/sv\/wp-json\/wp\/v2\/product"}],"about":[{"href":"https:\/\/staging.nbg.eu\/sv\/wp-json\/wp\/v2\/types\/product"}],"wp:featuredmedia":[{"embeddable":true,"href":"https:\/\/staging.nbg.eu\/sv\/wp-json\/wp\/v2\/media\/107695"}],"wp:attachment":[{"href":"https:\/\/staging.nbg.eu\/sv\/wp-json\/wp\/v2\/media?parent=62987"}],"wp:term":[{"taxonomy":"product_brand","embeddable":true,"href":"https:\/\/staging.nbg.eu\/sv\/wp-json\/wp\/v2\/product_brand?post=62987"},{"taxonomy":"product_cat","embeddable":true,"href":"https:\/\/staging.nbg.eu\/sv\/wp-json\/wp\/v2\/product_cat?post=62987"},{"taxonomy":"product_tag","embeddable":true,"href":"https:\/\/staging.nbg.eu\/sv\/wp-json\/wp\/v2\/product_tag?post=62987"}],"curies":[{"name":"wp","href":"https:\/\/api.w.org\/{rel}","templated":true}]}}