{"id":62861,"date":"2024-01-25T20:40:36","date_gmt":"2024-09-16T12:17:44","guid":{"rendered":"https:\/\/staging.nbg.eu\/product\/iosso-shotgun-adapter-brass-8-32-to-5-16-27\/"},"modified":"2024-09-16T12:18:43","modified_gmt":"2024-09-16T12:18:43","slug":"iosso-hagelgevaer-adapter-maessing-832-till-516-27","status":"publish","type":"product","link":"https:\/\/staging.nbg.eu\/sv\/produkt\/iosso-hagelgevaer-adapter-maessing-832-till-516-27\/","title":{"rendered":"Iosso Hagelgev\u00e4r Adapter m\u00e4ssing 8\/32 till 5\/16-27"},"content":{"rendered":"<p>\nIosso hagelgev\u00e4rsadapter: 8\/32 hane till 5\/16-27 hona. Konverterar st\u00e4nger f\u00f6r hagelgev\u00e4rsborstar. Tillverkad av massiv m\u00e4ssing i USA.<\/p>\n","protected":false},"excerpt":{"rendered":"<p>M\u00e4ssingsadapter: 8\/32 hane till 5\/16-27 hona. F\u00f6r hagelb\u00f6rsteborstar. Tillverkad i USA.<\/p>\n","protected":false},"featured_media":107320,"template":"","meta":{"_acf_changed":false},"product_brand":[11478],"product_cat":[13061,13059,13034],"product_tag":[],"class_list":{"0":"post-62861","1":"product","2":"type-product","3":"status-publish","4":"has-post-thumbnail","6":"product_brand-iosso","7":"product_cat-borstar","8":"product_cat-rensnalar","9":"product_cat-vapenrengoering","11":"first","12":"instock","13":"taxable","14":"shipping-taxable","15":"purchasable","16":"product-type-simple"},"acf":[],"_links":{"self":[{"href":"https:\/\/staging.nbg.eu\/sv\/wp-json\/wp\/v2\/product\/62861","targetHints":{"allow":["GET"]}}],"collection":[{"href":"https:\/\/staging.nbg.eu\/sv\/wp-json\/wp\/v2\/product"}],"about":[{"href":"https:\/\/staging.nbg.eu\/sv\/wp-json\/wp\/v2\/types\/product"}],"wp:featuredmedia":[{"embeddable":true,"href":"https:\/\/staging.nbg.eu\/sv\/wp-json\/wp\/v2\/media\/107320"}],"wp:attachment":[{"href":"https:\/\/staging.nbg.eu\/sv\/wp-json\/wp\/v2\/media?parent=62861"}],"wp:term":[{"taxonomy":"product_brand","embeddable":true,"href":"https:\/\/staging.nbg.eu\/sv\/wp-json\/wp\/v2\/product_brand?post=62861"},{"taxonomy":"product_cat","embeddable":true,"href":"https:\/\/staging.nbg.eu\/sv\/wp-json\/wp\/v2\/product_cat?post=62861"},{"taxonomy":"product_tag","embeddable":true,"href":"https:\/\/staging.nbg.eu\/sv\/wp-json\/wp\/v2\/product_tag?post=62861"}],"curies":[{"name":"wp","href":"https:\/\/api.w.org\/{rel}","templated":true}]}}