{"id":62653,"date":"2024-02-13T19:47:45","date_gmt":"2024-09-16T11:59:27","guid":{"rendered":"https:\/\/staging.nbg.eu\/product\/geissele-chf-chrome-lined-barrel-5-56-16\/"},"modified":"2024-09-16T12:00:30","modified_gmt":"2024-09-16T12:00:30","slug":"geissele-chf-kromfoerkromad-pipa-556-16","status":"publish","type":"product","link":"https:\/\/staging.nbg.eu\/sv\/produkt\/geissele-chf-kromfoerkromad-pipa-556-16\/","title":{"rendered":"Geissele CHF, Kromf\u00f6rkromad Pipa, 5.56 &#8211; 16&#8243;"},"content":{"rendered":"<div class=\"product-description\">\n<h2>Geissele CHF Kromfodrad Pipa &#8211; 5,56<\/h2>\n<p>Geissele CHF Kromfodrad Pipa i 5,56 NATO tillverkas i North Wales, PA. Denna pipa kombinerar modern teknik med hantverksskicklighet.<\/p>\n<ul>\n<li>Kallhamrad (CHF) f\u00f6r \u00f6kad styrka och livsl\u00e4ngd<\/li>\n<li>Kromfodrad f\u00f6r \u00f6kad korrosionsbest\u00e4ndighet och enklare reng\u00f6ring<\/li>\n<li>H\u00f6gtryckstestad (HPT) och magnetpartikelinspekterad (MPI) f\u00f6r kvalitetss\u00e4kring<\/li>\n<li>L\u00e4mplig f\u00f6r tj\u00e4nstevapen, t\u00e4vlingsvapen och allt d\u00e4remellan<\/li>\n<li>Precisionsfr\u00e4st med h\u00f6gkvalitativa material f\u00f6r konsekvens och noggrannhet<\/li>\n<\/ul>\n<p>V\u00e4lj Geissele f\u00f6r prestanda i alla situationer.<\/p>\n<\/div>\n","protected":false},"excerpt":{"rendered":"<p>Precisionssmidda 5,56-pipa. HPT\/MPI-testad f\u00f6r tillf\u00f6rlitlighet.<\/p>\n","protected":false},"featured_media":62654,"template":"","meta":{"_acf_changed":false},"product_brand":[11396],"product_cat":[13053,13002,13050,13027],"product_tag":[],"class_list":{"0":"post-62653","1":"product","2":"type-product","3":"status-publish","4":"has-post-thumbnail","6":"product_brand-geissele","7":"product_cat-gevaer","8":"product_cat-gevaersjustering","9":"product_cat-karbiner","10":"product_cat-pipor","12":"first","13":"instock","14":"taxable","15":"shipping-taxable","16":"product-type-simple"},"acf":[],"_links":{"self":[{"href":"https:\/\/staging.nbg.eu\/sv\/wp-json\/wp\/v2\/product\/62653","targetHints":{"allow":["GET"]}}],"collection":[{"href":"https:\/\/staging.nbg.eu\/sv\/wp-json\/wp\/v2\/product"}],"about":[{"href":"https:\/\/staging.nbg.eu\/sv\/wp-json\/wp\/v2\/types\/product"}],"wp:featuredmedia":[{"embeddable":true,"href":"https:\/\/staging.nbg.eu\/sv\/wp-json\/wp\/v2\/media\/62654"}],"wp:attachment":[{"href":"https:\/\/staging.nbg.eu\/sv\/wp-json\/wp\/v2\/media?parent=62653"}],"wp:term":[{"taxonomy":"product_brand","embeddable":true,"href":"https:\/\/staging.nbg.eu\/sv\/wp-json\/wp\/v2\/product_brand?post=62653"},{"taxonomy":"product_cat","embeddable":true,"href":"https:\/\/staging.nbg.eu\/sv\/wp-json\/wp\/v2\/product_cat?post=62653"},{"taxonomy":"product_tag","embeddable":true,"href":"https:\/\/staging.nbg.eu\/sv\/wp-json\/wp\/v2\/product_tag?post=62653"}],"curies":[{"name":"wp","href":"https:\/\/api.w.org\/{rel}","templated":true}]}}