{"id":62407,"date":"2024-02-14T06:58:29","date_gmt":"2024-09-16T11:50:20","guid":{"rendered":"https:\/\/staging.nbg.eu\/product\/geissele-super-mcx-ssa-m4-curved-trigger\/"},"modified":"2024-09-16T11:51:21","modified_gmt":"2024-09-16T11:51:21","slug":"geissele-super-mcx-ssa-m4-boejd-avtryckare","status":"publish","type":"product","link":"https:\/\/staging.nbg.eu\/sv\/produkt\/geissele-super-mcx-ssa-m4-boejd-avtryckare\/","title":{"rendered":"Geissele Super MCX SSA &#8211; M4 B\u00f6jd Avtryckare"},"content":{"rendered":"<div class=\"product-description\">\n<h2>Geissele Super MCX SSA &#8211; M4 B\u00f6jd Avtryckare<\/h2>\n<p>Geissele Super MCX SSA \u00e4r en tv\u00e5stegs avtryckare. Den \u00e4r baserad p\u00e5 v\u00e5r M4 karbinavtryckare och har en ungef\u00e4rlig vikt p\u00e5 4,5 lb. Avtryckaren \u00e4r icke-justerbar och erbjuder:<\/p>\n<ul>\n<li>Exakt avtryckarkontroll<\/li>\n<li>L\u00e4tt nog f\u00f6r precisionsanv\u00e4ndning<\/li>\n<li>L\u00e4mplig f\u00f6r kr\u00e4vande situationer som n\u00e4rstrid<\/li>\n<li>Anv\u00e4ndbar f\u00f6r jakt, polis och milit\u00e4r<\/li>\n<\/ul>\n<p>Super MCX SSA kombinerar prestanda, p\u00e5litlighet, s\u00e4kerhet och m\u00e5ngsidighet, vilket g\u00f6r den till en allsidig avtryckare f\u00f6r ditt vapen.<\/p>\n<\/div>\n","protected":false},"excerpt":{"rendered":"<p>H\u00f6gpresterande 2-stegs avtryckare f\u00f6r precision och CQB. 2 kg dragvikt.<\/p>\n","protected":false},"featured_media":62408,"template":"","meta":{"_acf_changed":false},"product_brand":[11396],"product_cat":[12990,13053,13002],"product_tag":[],"class_list":{"0":"post-62407","1":"product","2":"type-product","3":"status-publish","4":"has-post-thumbnail","6":"product_brand-geissele","7":"product_cat-avtryckare","8":"product_cat-gevaer","9":"product_cat-gevaersjustering","11":"first","12":"instock","13":"taxable","14":"shipping-taxable","15":"product-type-simple"},"acf":[],"_links":{"self":[{"href":"https:\/\/staging.nbg.eu\/sv\/wp-json\/wp\/v2\/product\/62407","targetHints":{"allow":["GET"]}}],"collection":[{"href":"https:\/\/staging.nbg.eu\/sv\/wp-json\/wp\/v2\/product"}],"about":[{"href":"https:\/\/staging.nbg.eu\/sv\/wp-json\/wp\/v2\/types\/product"}],"wp:featuredmedia":[{"embeddable":true,"href":"https:\/\/staging.nbg.eu\/sv\/wp-json\/wp\/v2\/media\/62408"}],"wp:attachment":[{"href":"https:\/\/staging.nbg.eu\/sv\/wp-json\/wp\/v2\/media?parent=62407"}],"wp:term":[{"taxonomy":"product_brand","embeddable":true,"href":"https:\/\/staging.nbg.eu\/sv\/wp-json\/wp\/v2\/product_brand?post=62407"},{"taxonomy":"product_cat","embeddable":true,"href":"https:\/\/staging.nbg.eu\/sv\/wp-json\/wp\/v2\/product_cat?post=62407"},{"taxonomy":"product_tag","embeddable":true,"href":"https:\/\/staging.nbg.eu\/sv\/wp-json\/wp\/v2\/product_tag?post=62407"}],"curies":[{"name":"wp","href":"https:\/\/api.w.org\/{rel}","templated":true}]}}