{"id":62346,"date":"2024-02-14T07:09:17","date_gmt":"2024-09-16T11:47:44","guid":{"rendered":"https:\/\/staging.nbg.eu\/product\/geissele-super-semi-automatic-ssa-trigger\/"},"modified":"2024-09-16T11:48:45","modified_gmt":"2024-09-16T11:48:45","slug":"geissele-super-halvautomatisk-ssa-avtryckare","status":"publish","type":"product","link":"https:\/\/staging.nbg.eu\/sv\/produkt\/geissele-super-halvautomatisk-ssa-avtryckare\/","title":{"rendered":"Geissele Super Halvautomatisk (SSA\u00ae) Avtryckare"},"content":{"rendered":"<h2>Geissele Super Semi-Automatisk (SSA\u00ae) Avtryckare<\/h2>\n<p>Geissele SSA\u00ae-avtryckaren \u00e4r en semi-automatisk anpassning av Super Select-Fire-avtryckaren. Denna icke-justerbara tv\u00e5stegsavtryckare erbjuder:<\/p>\n<ul>\n<li>H\u00f6g precision f\u00f6r noggranna skott<\/li>\n<li>M\u00e5ngsidighet f\u00f6r n\u00e4rstrid<\/li>\n<li>S\u00e4kerhetscertifierad av Crane Naval Surface Warfare Center<\/li>\n<li>L\u00e4mplig f\u00f6r polis och kr\u00e4vande milj\u00f6er<\/li>\n<\/ul>\n<p>SSA\u00ae-avtryckarens konstruktion ger en l\u00e4tt ber\u00f6ring f\u00f6r l\u00e5ngdistansprecision samtidigt som den bibeh\u00e5ller den tolerans som beh\u00f6vs f\u00f6r snabbeldssituationer. Oavsett om du anv\u00e4nder karbiner p\u00e5 medell\u00e5ngt avst\u00e5nd eller arbetar i stressiga situationer, ger Geissele SSA\u00ae-avtryckaren konsekvent och p\u00e5litlig prestanda.<\/p>\n<p>F\u00f6rb\u00e4ttra ditt vapens kapacitet med detta avtryckarsystem som har bepr\u00f6vats i strid.<\/p>\n","protected":false},"excerpt":{"rendered":"<p>Precisionstrigger i tv\u00e5 steg f\u00f6r m\u00e5ngsidig och tr\u00e4ffs\u00e4ker skjutning.<\/p>\n","protected":false},"featured_media":62282,"template":"","meta":{"_acf_changed":false},"product_brand":[11396],"product_cat":[12990,13053,13002],"product_tag":[],"class_list":{"0":"post-62346","1":"product","2":"type-product","3":"status-publish","4":"has-post-thumbnail","6":"product_brand-geissele","7":"product_cat-avtryckare","8":"product_cat-gevaer","9":"product_cat-gevaersjustering","11":"first","12":"instock","13":"taxable","14":"shipping-taxable","15":"product-type-simple"},"acf":[],"_links":{"self":[{"href":"https:\/\/staging.nbg.eu\/sv\/wp-json\/wp\/v2\/product\/62346","targetHints":{"allow":["GET"]}}],"collection":[{"href":"https:\/\/staging.nbg.eu\/sv\/wp-json\/wp\/v2\/product"}],"about":[{"href":"https:\/\/staging.nbg.eu\/sv\/wp-json\/wp\/v2\/types\/product"}],"wp:featuredmedia":[{"embeddable":true,"href":"https:\/\/staging.nbg.eu\/sv\/wp-json\/wp\/v2\/media\/62282"}],"wp:attachment":[{"href":"https:\/\/staging.nbg.eu\/sv\/wp-json\/wp\/v2\/media?parent=62346"}],"wp:term":[{"taxonomy":"product_brand","embeddable":true,"href":"https:\/\/staging.nbg.eu\/sv\/wp-json\/wp\/v2\/product_brand?post=62346"},{"taxonomy":"product_cat","embeddable":true,"href":"https:\/\/staging.nbg.eu\/sv\/wp-json\/wp\/v2\/product_cat?post=62346"},{"taxonomy":"product_tag","embeddable":true,"href":"https:\/\/staging.nbg.eu\/sv\/wp-json\/wp\/v2\/product_tag?post=62346"}],"curies":[{"name":"wp","href":"https:\/\/api.w.org\/{rel}","templated":true}]}}