{"id":62139,"date":"2024-02-14T07:32:28","date_gmt":"2024-09-16T11:41:52","guid":{"rendered":"https:\/\/staging.nbg.eu\/product\/geissele-ssa-x-trigger-with-lightning-bow\/"},"modified":"2024-09-16T11:42:54","modified_gmt":"2024-09-16T11:42:54","slug":"geissele-ssa-x-avtryckare-med-lightning-bow","status":"publish","type":"product","link":"https:\/\/staging.nbg.eu\/sv\/produkt\/geissele-ssa-x-avtryckare-med-lightning-bow\/","title":{"rendered":"Geissele SSA X Avtryckare med Lightning Bow\u00ae"},"content":{"rendered":"<div class=\"product-description\">\n<h2>Geissele SSA X Avtryckare med Lightning Bow\u00ae<\/h2>\n<p>SSA-X med Lightning Bow\u00ae teknologi. Denna avtryckare kombinerar:<\/p>\n<ul>\n<li>Halvb\u00f6jd, bred profil<\/li>\n<li>Egenskaper fr\u00e5n standardb\u00f6jda AR-avtryckare och platta konstruktioner<\/li>\n<li>Nanoweapon-bel\u00e4ggning f\u00f6r \u00f6kad slitstyrka och korrosionsbest\u00e4ndighet<\/li>\n<li>Funktion med minimal sm\u00f6rjning<\/li>\n<\/ul>\n<p>I likhet med SSA erbjuder denna avtryckare f\u00f6r tj\u00e4nstebruk:<\/p>\n<ul>\n<li>Precision f\u00f6r l\u00e5ngdistansskott<\/li>\n<li>Tolerans f\u00f6r n\u00e4rstrid (CQB) situationer<\/li>\n<\/ul>\n<p>Geissele SSA X Avtryckare f\u00f6r AR-vapen.<\/p>\n<\/div>\n","protected":false},"excerpt":{"rendered":"<p>Precisionstillverkad AR-avtryckare med hybridb\u00e5ge f\u00f6r \u00f6verl\u00e4gsen kontroll och h\u00e5llbarhet.<\/p>\n","protected":false},"featured_media":62140,"template":"","meta":{"_acf_changed":false},"product_brand":[11396],"product_cat":[12990,13053,13002],"product_tag":[],"class_list":{"0":"post-62139","1":"product","2":"type-product","3":"status-publish","4":"has-post-thumbnail","6":"product_brand-geissele","7":"product_cat-avtryckare","8":"product_cat-gevaer","9":"product_cat-gevaersjustering","11":"first","12":"instock","13":"taxable","14":"shipping-taxable","15":"product-type-simple"},"acf":[],"_links":{"self":[{"href":"https:\/\/staging.nbg.eu\/sv\/wp-json\/wp\/v2\/product\/62139","targetHints":{"allow":["GET"]}}],"collection":[{"href":"https:\/\/staging.nbg.eu\/sv\/wp-json\/wp\/v2\/product"}],"about":[{"href":"https:\/\/staging.nbg.eu\/sv\/wp-json\/wp\/v2\/types\/product"}],"wp:featuredmedia":[{"embeddable":true,"href":"https:\/\/staging.nbg.eu\/sv\/wp-json\/wp\/v2\/media\/62140"}],"wp:attachment":[{"href":"https:\/\/staging.nbg.eu\/sv\/wp-json\/wp\/v2\/media?parent=62139"}],"wp:term":[{"taxonomy":"product_brand","embeddable":true,"href":"https:\/\/staging.nbg.eu\/sv\/wp-json\/wp\/v2\/product_brand?post=62139"},{"taxonomy":"product_cat","embeddable":true,"href":"https:\/\/staging.nbg.eu\/sv\/wp-json\/wp\/v2\/product_cat?post=62139"},{"taxonomy":"product_tag","embeddable":true,"href":"https:\/\/staging.nbg.eu\/sv\/wp-json\/wp\/v2\/product_tag?post=62139"}],"curies":[{"name":"wp","href":"https:\/\/api.w.org\/{rel}","templated":true}]}}