{"id":62076,"date":"2024-02-14T07:49:55","date_gmt":"2024-09-16T11:38:51","guid":{"rendered":"https:\/\/staging.nbg.eu\/product\/geissele-ssa-e-x-trigger-with-lightning-bow\/"},"modified":"2024-09-16T11:39:52","modified_gmt":"2024-09-16T11:39:52","slug":"geissele-ssa-e-x-avtryckare-med-lightning-bow","status":"publish","type":"product","link":"https:\/\/staging.nbg.eu\/sv\/produkt\/geissele-ssa-e-x-avtryckare-med-lightning-bow\/","title":{"rendered":"Geissele SSA-E X Avtryckare med Lightning Bow\u00ae"},"content":{"rendered":"<div class=\"product-description\">\n<h2>Geissele SSA-E X avtryckare med Lightning Bow\u00ae<\/h2>\n<p>SSA-E X\u2122 med Lightning Bow\u00ae har f\u00f6ljande egenskaper:<\/p>\n<ul>\n<li>Halvb\u00f6jd, bred profil<\/li>\n<li>Nanovapenbel\u00e4ggning f\u00f6r \u00f6kad h\u00e5llbarhet<\/li>\n<li>Mjukt, l\u00e4tt f\u00f6rsta stegs upptag<\/li>\n<li>Distinkt andra stegs brytning<\/li>\n<\/ul>\n<p>SSA-E X\u2122 \u00e4r l\u00e4mplig f\u00f6r precisionsskyttegev\u00e4r. Den kombinerar egenskaper fr\u00e5n b\u00f6jda och platta avtryckare och fungerar \u00e4ven med minimal sm\u00f6rjning.<\/p>\n<\/div>\n","protected":false},"excerpt":{"rendered":"<p>Precisionstrigger f\u00f6r AR med hybrid-b\u00e5gdesign f\u00f6r \u00f6verl\u00e4gsen kontroll och precision.<\/p>\n","protected":false},"featured_media":62077,"template":"","meta":{"_acf_changed":false},"product_brand":[11396],"product_cat":[12990,13053,13002],"product_tag":[],"class_list":{"0":"post-62076","1":"product","2":"type-product","3":"status-publish","4":"has-post-thumbnail","6":"product_brand-geissele","7":"product_cat-avtryckare","8":"product_cat-gevaer","9":"product_cat-gevaersjustering","11":"first","12":"instock","13":"taxable","14":"shipping-taxable","15":"product-type-simple"},"acf":[],"_links":{"self":[{"href":"https:\/\/staging.nbg.eu\/sv\/wp-json\/wp\/v2\/product\/62076","targetHints":{"allow":["GET"]}}],"collection":[{"href":"https:\/\/staging.nbg.eu\/sv\/wp-json\/wp\/v2\/product"}],"about":[{"href":"https:\/\/staging.nbg.eu\/sv\/wp-json\/wp\/v2\/types\/product"}],"wp:featuredmedia":[{"embeddable":true,"href":"https:\/\/staging.nbg.eu\/sv\/wp-json\/wp\/v2\/media\/62077"}],"wp:attachment":[{"href":"https:\/\/staging.nbg.eu\/sv\/wp-json\/wp\/v2\/media?parent=62076"}],"wp:term":[{"taxonomy":"product_brand","embeddable":true,"href":"https:\/\/staging.nbg.eu\/sv\/wp-json\/wp\/v2\/product_brand?post=62076"},{"taxonomy":"product_cat","embeddable":true,"href":"https:\/\/staging.nbg.eu\/sv\/wp-json\/wp\/v2\/product_cat?post=62076"},{"taxonomy":"product_tag","embeddable":true,"href":"https:\/\/staging.nbg.eu\/sv\/wp-json\/wp\/v2\/product_tag?post=62076"}],"curies":[{"name":"wp","href":"https:\/\/api.w.org\/{rel}","templated":true}]}}