{"id":62012,"date":"2024-02-14T11:11:36","date_gmt":"2024-09-16T11:22:35","guid":{"rendered":"https:\/\/staging.nbg.eu\/product\/geissele-super-dynamic-enhanced-sd-e-trigger\/"},"modified":"2024-09-16T11:23:36","modified_gmt":"2024-09-16T11:23:36","slug":"geissele-super-dynamic-enhanced-sd-e-avtryckare","status":"publish","type":"product","link":"https:\/\/staging.nbg.eu\/sv\/produkt\/geissele-super-dynamic-enhanced-sd-e-avtryckare\/","title":{"rendered":"Geissele Super Dynamic Enhanced (SD-E) Avtryckare"},"content":{"rendered":"<div class=\"product-description\">\n<h2>Geissele Super Dynamic Enhanced (SD-E) Avtryckare<\/h2>\n<p>Geissele SD-E Avtryckare \u00e4r en tv\u00e5stegsavtryckare med f\u00f6ljande egenskaper:<\/p>\n<ul>\n<li>Platt avtryckarb\u00e5ge<\/li>\n<li>Justerad mekanism f\u00f6r b\u00e4ttre kontroll<\/li>\n<li>F\u00f6rb\u00e4ttrad vapenprecision<\/li>\n<li>P\u00e5litlig i stridssituationer<\/li>\n<\/ul>\n<p>SD-E \u00e4r en variant av SSA-E med platt avtryckarb\u00e5ge. Den erbjuder:<\/p>\n<ul>\n<li>Tydliga avtryck<\/li>\n<li>Konsekvent avtrycksvikt<\/li>\n<li>Snabbare uppf\u00f6ljningsskott<\/li>\n<\/ul>\n<p>Geissele SD-E Avtryckare \u00e4r ett tillbeh\u00f6r f\u00f6r att f\u00f6rb\u00e4ttra ditt skjutvapen.<\/p>\n<\/div>\n","protected":false},"excerpt":{"rendered":"<p>Precisionsflat-bow 2-stegs avtryckare f\u00f6r f\u00f6rb\u00e4ttrad kontroll och precision.<\/p>\n","protected":false},"featured_media":62013,"template":"","meta":{"_acf_changed":false},"product_brand":[11396],"product_cat":[12990,13053,13002],"product_tag":[],"class_list":{"0":"post-62012","1":"product","2":"type-product","3":"status-publish","4":"has-post-thumbnail","6":"product_brand-geissele","7":"product_cat-avtryckare","8":"product_cat-gevaer","9":"product_cat-gevaersjustering","11":"first","12":"instock","13":"taxable","14":"shipping-taxable","15":"product-type-simple"},"acf":[],"_links":{"self":[{"href":"https:\/\/staging.nbg.eu\/sv\/wp-json\/wp\/v2\/product\/62012","targetHints":{"allow":["GET"]}}],"collection":[{"href":"https:\/\/staging.nbg.eu\/sv\/wp-json\/wp\/v2\/product"}],"about":[{"href":"https:\/\/staging.nbg.eu\/sv\/wp-json\/wp\/v2\/types\/product"}],"wp:featuredmedia":[{"embeddable":true,"href":"https:\/\/staging.nbg.eu\/sv\/wp-json\/wp\/v2\/media\/62013"}],"wp:attachment":[{"href":"https:\/\/staging.nbg.eu\/sv\/wp-json\/wp\/v2\/media?parent=62012"}],"wp:term":[{"taxonomy":"product_brand","embeddable":true,"href":"https:\/\/staging.nbg.eu\/sv\/wp-json\/wp\/v2\/product_brand?post=62012"},{"taxonomy":"product_cat","embeddable":true,"href":"https:\/\/staging.nbg.eu\/sv\/wp-json\/wp\/v2\/product_cat?post=62012"},{"taxonomy":"product_tag","embeddable":true,"href":"https:\/\/staging.nbg.eu\/sv\/wp-json\/wp\/v2\/product_tag?post=62012"}],"curies":[{"name":"wp","href":"https:\/\/api.w.org\/{rel}","templated":true}]}}