{"id":61950,"date":"2024-02-14T11:24:38","date_gmt":"2024-09-16T11:18:48","guid":{"rendered":"https:\/\/staging.nbg.eu\/product\/geissele-super-dynamic-3-gun-sd-3g-trigger\/"},"modified":"2024-09-16T11:19:48","modified_gmt":"2024-09-16T11:19:48","slug":"geissele-super-dynamic-3-gun-sd-3g-avtryckare","status":"publish","type":"product","link":"https:\/\/staging.nbg.eu\/sv\/produkt\/geissele-super-dynamic-3-gun-sd-3g-avtryckare\/","title":{"rendered":"Geissele Super Dynamic 3 Gun (SD-3G) Avtryckare"},"content":{"rendered":"<div class=\"product-description\">\n<h2>Geissele Super Dynamic 3 Gun (SD-3G) Avtryckare<\/h2>\n<p>Geissele SD-3G avtryckaren har f\u00f6ljande egenskaper:<\/p>\n<ul>\n<li>Platt avtryckarb\u00e5ge f\u00f6r minskad upplevd avtryckarvikt<\/li>\n<li>Hybriddesign som kombinerar egenskaper fr\u00e5n enstegs- och tv\u00e5stegsavtryckare<\/li>\n<li>F\u00f6rkortad avtryckarl\u00e4ngd och snabb \u00e5terst\u00e4llning<\/li>\n<li>F\u00f6rb\u00e4ttrad taktil \u00e5terkoppling f\u00f6r \u00f6kad operat\u00f6rskontroll<\/li>\n<li>L\u00e4mplig f\u00f6r 3 Gun-t\u00e4vlingsskytte<\/li>\n<\/ul>\n<p>Anpassad f\u00f6r t\u00e4vlingar p\u00e5 korta banor som kr\u00e4ver snabb m\u00e5lengagemang och snabba uppf\u00f6ljningsskott. Rekommenderas inte f\u00f6r tj\u00e4nstebruk, b\u00e4nkskytte eller precisionsskytte.<\/p>\n<p><strong>Obs:<\/strong> SD-3G ger h\u00f6g hastighet samtidigt som den beh\u00e5ller s\u00e4kerheten och robustheten hos en tv\u00e5stegs stridavtryckare.<\/p>\n<\/div>\n","protected":false},"excerpt":{"rendered":"<p>Flatt b\u00e5gtrigger f\u00f6r 3-vapen: ultrasnabb, kort avtryckare, snabb \u00e5terst\u00e4llning.<\/p>\n","protected":false},"featured_media":61951,"template":"","meta":{"_acf_changed":false},"product_brand":[11396],"product_cat":[12990,13053,13002],"product_tag":[],"class_list":{"0":"post-61950","1":"product","2":"type-product","3":"status-publish","4":"has-post-thumbnail","6":"product_brand-geissele","7":"product_cat-avtryckare","8":"product_cat-gevaer","9":"product_cat-gevaersjustering","11":"first","12":"outofstock","13":"taxable","14":"shipping-taxable","15":"product-type-simple"},"acf":[],"_links":{"self":[{"href":"https:\/\/staging.nbg.eu\/sv\/wp-json\/wp\/v2\/product\/61950","targetHints":{"allow":["GET"]}}],"collection":[{"href":"https:\/\/staging.nbg.eu\/sv\/wp-json\/wp\/v2\/product"}],"about":[{"href":"https:\/\/staging.nbg.eu\/sv\/wp-json\/wp\/v2\/types\/product"}],"wp:featuredmedia":[{"embeddable":true,"href":"https:\/\/staging.nbg.eu\/sv\/wp-json\/wp\/v2\/media\/61951"}],"wp:attachment":[{"href":"https:\/\/staging.nbg.eu\/sv\/wp-json\/wp\/v2\/media?parent=61950"}],"wp:term":[{"taxonomy":"product_brand","embeddable":true,"href":"https:\/\/staging.nbg.eu\/sv\/wp-json\/wp\/v2\/product_brand?post=61950"},{"taxonomy":"product_cat","embeddable":true,"href":"https:\/\/staging.nbg.eu\/sv\/wp-json\/wp\/v2\/product_cat?post=61950"},{"taxonomy":"product_tag","embeddable":true,"href":"https:\/\/staging.nbg.eu\/sv\/wp-json\/wp\/v2\/product_tag?post=61950"}],"curies":[{"name":"wp","href":"https:\/\/api.w.org\/{rel}","templated":true}]}}