{"id":61888,"date":"2024-02-14T19:46:21","date_gmt":"2024-09-16T11:14:40","guid":{"rendered":"https:\/\/staging.nbg.eu\/product\/geissele-hk-mr-556-trigger\/"},"modified":"2024-09-16T11:15:39","modified_gmt":"2024-09-16T11:15:39","slug":"geissele-hk-mr-556-avtryckare","status":"publish","type":"product","link":"https:\/\/staging.nbg.eu\/sv\/produkt\/geissele-hk-mr-556-avtryckare\/","title":{"rendered":"Geissele HK MR 556 Avtryckare"},"content":{"rendered":"<h2>Geissele HK MR 556 Avtryckare<\/h2>\n<p>Uppgradera din HK 556 eller halvautomatiska HK 416 med Geissele HK MR 556 avtryckare. Liknande v\u00e5r SSA-avtryckare, erbjuder denna uppgradering:<\/p>\n<ul>\n<li>F\u00f6rb\u00e4ttrad precision<\/li>\n<li>J\u00e4mnare avtryck<\/li>\n<li>Snabbare uppf\u00f6ljningsskott<\/li>\n<li>Kompatibel med HK 556 och halvautomatisk HK 416<\/li>\n<\/ul>\n<p>F\u00f6rb\u00e4ttra din skjutupplevelse med Geisseles avtryckare.<\/p>\n","protected":false},"excerpt":{"rendered":"<p>Precisionsavtryckare f\u00f6r HK MR 556\/416. SSA-liknande prestanda f\u00f6r f\u00f6rb\u00e4ttrad precision.<\/p>\n","protected":false},"featured_media":61889,"template":"","meta":{"_acf_changed":false},"product_brand":[11396],"product_cat":[12990,13053,13002],"product_tag":[],"class_list":{"0":"post-61888","1":"product","2":"type-product","3":"status-publish","4":"has-post-thumbnail","6":"product_brand-geissele","7":"product_cat-avtryckare","8":"product_cat-gevaer","9":"product_cat-gevaersjustering","11":"first","12":"instock","13":"taxable","14":"shipping-taxable","15":"product-type-simple"},"acf":[],"_links":{"self":[{"href":"https:\/\/staging.nbg.eu\/sv\/wp-json\/wp\/v2\/product\/61888","targetHints":{"allow":["GET"]}}],"collection":[{"href":"https:\/\/staging.nbg.eu\/sv\/wp-json\/wp\/v2\/product"}],"about":[{"href":"https:\/\/staging.nbg.eu\/sv\/wp-json\/wp\/v2\/types\/product"}],"wp:featuredmedia":[{"embeddable":true,"href":"https:\/\/staging.nbg.eu\/sv\/wp-json\/wp\/v2\/media\/61889"}],"wp:attachment":[{"href":"https:\/\/staging.nbg.eu\/sv\/wp-json\/wp\/v2\/media?parent=61888"}],"wp:term":[{"taxonomy":"product_brand","embeddable":true,"href":"https:\/\/staging.nbg.eu\/sv\/wp-json\/wp\/v2\/product_brand?post=61888"},{"taxonomy":"product_cat","embeddable":true,"href":"https:\/\/staging.nbg.eu\/sv\/wp-json\/wp\/v2\/product_cat?post=61888"},{"taxonomy":"product_tag","embeddable":true,"href":"https:\/\/staging.nbg.eu\/sv\/wp-json\/wp\/v2\/product_tag?post=61888"}],"curies":[{"name":"wp","href":"https:\/\/api.w.org\/{rel}","templated":true}]}}