{"id":61763,"date":"2024-02-14T19:58:42","date_gmt":"2024-09-16T11:08:05","guid":{"rendered":"https:\/\/staging.nbg.eu\/product\/geissele-10-5-super-modular-rail-mk16-m-lok\/"},"modified":"2024-09-16T11:09:09","modified_gmt":"2024-09-16T11:09:09","slug":"geissele-105-super-modulaer-skena-mk16-m-lok","status":"publish","type":"product","link":"https:\/\/staging.nbg.eu\/sv\/produkt\/geissele-105-super-modulaer-skena-mk16-m-lok\/","title":{"rendered":"Geissele 10.5&#8243; Super Modul\u00e4r Skena MK16 M-LOK\u00ae"},"content":{"rendered":"<h2 style=\"text-align: center\"><b>10.5\u2033 Super Modul\u00e4r Skena MK16 M-LOK\u00ae<\/b><\/h2>\n<p>Geissele Super Modul\u00e4r Skena MK16 erbjuder prestanda f\u00f6r kr\u00e4vande skyttar. Den monteras p\u00e5 AR-15-\u00f6vre delen med en uppdaterad version av Geissele-pipans mutterkonstruktion. MK16 \u00e4r enkel att installera och underh\u00e5lla, och ger h\u00f6g stabilitet. Anti-rotationsflikar och st\u00e4llskruvar s\u00e4kerst\u00e4ller att skenan inte roterar under anv\u00e4ndning. <b>M1913 picatinny-skena p\u00e5 toppen och M-LOK\u2122<\/b>-sp\u00e5r p\u00e5 alla sidor m\u00f6jligg\u00f6r anpassning f\u00f6r tillbeh\u00f6r. Geissele SMR MK16 \u00e4r tillverkad av <b>7000-seriens aluminium<\/b> f\u00f6r styrka, styvhet och l\u00e5g vikt, och \u00e4r ytbehandlad med Typ-3 h\u00e5rdanodisering.<\/p>\n<p>Super Modul\u00e4r Skena 13.5&#8243; (SMR) MK16 M-LOK\u00ae, NSN# 1005-01-672-4794 (13.5&#8243;), <b>har antagits av USASOC f\u00f6r URG-I-programmet (F\u00f6rb\u00e4ttrad \u00f6vre mottagargrupp)<\/b>.<\/p>\n<p>&nbsp;<\/p>\n<h2 style=\"text-align: center\"><strong>SPECIFIKATIONER<\/strong><\/h2>\n<hr \/>\n<table border=\"1\">\n<tbody>\n<tr>\n<td><strong>H\u00d6JD: <\/strong><\/td>\n<td> 2,39&#8243;<\/td>\n<\/tr>\n<tr>\n<td><strong>F\u00c4RG: <\/strong><\/td>\n<td> Svart, DDC, Gr\u00e5, ODG<\/td>\n<\/tr>\n<tr>\n<td><strong>MATERIAL: <\/strong><\/td>\n<td> 7000-seriens aluminium<\/td>\n<\/tr>\n<tr>\n<td><strong>YTBEHANDLING: <\/strong><\/td>\n<td> Typ 3 h\u00e5rdanodisering<\/td>\n<\/tr>\n<tr>\n<td><strong>TILLG\u00c4NGLIGA L\u00c4NGDER: <\/strong><\/td>\n<td> 9,3&#8243;, 10,5&#8243;, 13,5&#8243;, 15&#8243;<\/td>\n<\/tr>\n<tr>\n<td><strong>INRE DIAMETER: <\/strong><\/td>\n<td> 1,26&#8243;<\/td>\n<\/tr>\n<tr>\n<td><strong>YTTRE DIAMETER (DAQ*): <\/strong><\/td>\n<td> 1,59&#8243;<\/td>\n<\/tr>\n<tr>\n<td><strong>SMR MK16 9,3&#8243; VIKT: <\/strong><\/td>\n<td> 286 g (333 g med pipmutter)<\/td>\n<\/tr>\n<tr>\n<td><strong>SMR MK16 10,5&#8243; VIKT: <\/strong><\/td>\n<td> 312 g (357 g med pipmutter)<\/td>\n<\/tr>\n<tr>\n<td><strong>SMR MK16 13,5&#8243; VIKT: <\/strong><\/td>\n<td> 380 g (422 g med pipmutter)<\/td>\n<\/tr>\n<tr>\n<td><strong>SMR MK16 15&#8243; VIKT: <\/strong><\/td>\n<td> 403 g (448 g med pipmutter)<\/td>\n<\/tr>\n<\/tbody>\n<\/table>\n<p><em>*DAQ &#8211; Avst\u00e5nd \u00f6ver kvadranter<\/em><\/p>\n","protected":false},"excerpt":{"rendered":"<p><strong>O\u00f6vertr\u00e4ffad prestanda f\u00f6r de mest kr\u00e4vande skyttarna<\/strong><\/p>\n","protected":false},"featured_media":61764,"template":"","meta":{"_acf_changed":false},"product_brand":[11396],"product_cat":[13053,13002,13050,13001],"product_tag":[],"class_list":{"0":"post-61763","1":"product","2":"type-product","3":"status-publish","4":"has-post-thumbnail","6":"product_brand-geissele","7":"product_cat-gevaer","8":"product_cat-gevaersjustering","9":"product_cat-karbiner","10":"product_cat-skenor","12":"first","13":"instock","14":"taxable","15":"shipping-taxable","16":"product-type-variable","17":"wvs-archive-product-wrapper"},"acf":[],"_links":{"self":[{"href":"https:\/\/staging.nbg.eu\/sv\/wp-json\/wp\/v2\/product\/61763","targetHints":{"allow":["GET"]}}],"collection":[{"href":"https:\/\/staging.nbg.eu\/sv\/wp-json\/wp\/v2\/product"}],"about":[{"href":"https:\/\/staging.nbg.eu\/sv\/wp-json\/wp\/v2\/types\/product"}],"wp:featuredmedia":[{"embeddable":true,"href":"https:\/\/staging.nbg.eu\/sv\/wp-json\/wp\/v2\/media\/61764"}],"wp:attachment":[{"href":"https:\/\/staging.nbg.eu\/sv\/wp-json\/wp\/v2\/media?parent=61763"}],"wp:term":[{"taxonomy":"product_brand","embeddable":true,"href":"https:\/\/staging.nbg.eu\/sv\/wp-json\/wp\/v2\/product_brand?post=61763"},{"taxonomy":"product_cat","embeddable":true,"href":"https:\/\/staging.nbg.eu\/sv\/wp-json\/wp\/v2\/product_cat?post=61763"},{"taxonomy":"product_tag","embeddable":true,"href":"https:\/\/staging.nbg.eu\/sv\/wp-json\/wp\/v2\/product_tag?post=61763"}],"curies":[{"name":"wp","href":"https:\/\/api.w.org\/{rel}","templated":true}]}}