{"id":61670,"date":"2024-02-14T20:12:21","date_gmt":"2024-09-16T10:54:59","guid":{"rendered":"https:\/\/staging.nbg.eu\/product\/geissele-13-5-super-modular-rail-mk16-m-lok\/"},"modified":"2024-09-16T11:03:47","modified_gmt":"2024-09-16T11:03:47","slug":"geissele-135-super-modulaer-skena-mk16-m-lok","status":"publish","type":"product","link":"https:\/\/staging.nbg.eu\/sv\/produkt\/geissele-135-super-modulaer-skena-mk16-m-lok\/","title":{"rendered":"Geissele 13.5&#8243; Super Modul\u00e4r Skena MK16 M-LOK\u00ae"},"content":{"rendered":"<h2 style=\"text-align: center\"><b>13,5&#8243; Super Modul\u00e4r Skena MK16 M-LOK\u00ae<\/b><\/h2>\n<p>Geissele Super Modul\u00e4r Skena MK16 monteras p\u00e5 din AR-15 \u00f6vre del med en uppdaterad version av Geissele pipl\u00e5sdesign. Den \u00e4r enkel att installera och underh\u00e5lla och erbjuder \u00f6verl\u00e4gsen stabilitet. Anti-rotationstappar och st\u00e4llskruvar s\u00e4kerst\u00e4ller att skenan inte roterar. M<b>1913 picatinny-skena \u00f6verst och M-LOK\u2122<\/b>-sp\u00e5r p\u00e5 alla sidor m\u00f6jligg\u00f6r anpassning f\u00f6r tillbeh\u00f6r. Geissele SMR MK16 \u00e4r precisionstillverkad av <b>7000-seriens aluminium<\/b> och har en Typ-3 h\u00e5rdanodiserad yta.<\/p>\n<p>Super Modul\u00e4r Skena 13,5&#8243; (SMR) MK16 M-LOK\u00ae, NSN# 1005-01-672-4794 (13,5&#8243;), <b>har antagits av USASOC f\u00f6r URG-I-programmet (Upper Receiver Group Improved)<\/b>.<\/p>\n<p>&nbsp;<\/p>\n<h2 style=\"text-align: center\"><strong>SPECIFIKATIONER<\/strong><\/h2>\n<hr \/>\n<table border=\"1\">\n<tbody>\n<tr>\n<td><strong>H\u00d6JD: <\/strong><\/td>\n<td> 2,39&#8243;<\/td>\n<\/tr>\n<tr>\n<td><strong>F\u00c4RG: <\/strong><\/td>\n<td> Svart, DDC, Gr\u00e5, ODG<\/td>\n<\/tr>\n<tr>\n<td><strong>MATERIAL: <\/strong><\/td>\n<td> 7000-seriens aluminium<\/td>\n<\/tr>\n<tr>\n<td><strong>YTBEHANDLING: <\/strong><\/td>\n<td> Typ 3 h\u00e5rdanodisering<\/td>\n<\/tr>\n<tr>\n<td><strong>TILLG\u00c4NGLIGA L\u00c4NGDER: <\/strong><\/td>\n<td> 9,3&#8243;, 10,5&#8243;, 13,5&#8243;, 15&#8243;<\/td>\n<\/tr>\n<tr>\n<td><strong>INRE DIAMETER: <\/strong><\/td>\n<td> 1,26&#8243;<\/td>\n<\/tr>\n<tr>\n<td><strong>YTTRE DIAMETER (DAQ*): <\/strong><\/td>\n<td> 1,59&#8243;<\/td>\n<\/tr>\n<tr>\n<td><strong>SMR MK16 9,3&#8243; VIKT: <\/strong><\/td>\n<td> 286 g (333 g med pipl\u00e5s)<\/td>\n<\/tr>\n<tr>\n<td><strong>SMR MK16 10,5&#8243; VIKT: <\/strong><\/td>\n<td> 312 g (357 g med pipl\u00e5s)<\/td>\n<\/tr>\n<tr>\n<td><strong>SMR MK16 13,5&#8243; VIKT: <\/strong><\/td>\n<td> 380 g (422 g med pipl\u00e5s)<\/td>\n<\/tr>\n<tr>\n<td><strong>SMR MK16 15&#8243; VIKT: <\/strong><\/td>\n<td> 403 g (448 g med pipl\u00e5s)<\/td>\n<\/tr>\n<\/tbody>\n<\/table>\n<p><em>*DAQ &#8211; Avst\u00e5nd mellan motst\u00e5ende kvadranter<\/em><\/p>\n","protected":false},"excerpt":{"rendered":"<p><strong>O\u00f6vertr\u00e4ffad prestanda f\u00f6r de mest kr\u00e4vande skyttarna<\/strong><\/p>\n","protected":false},"featured_media":61671,"template":"","meta":{"_acf_changed":false},"product_brand":[11396],"product_cat":[13053,13002,13050,13001],"product_tag":[],"class_list":{"0":"post-61670","1":"product","2":"type-product","3":"status-publish","4":"has-post-thumbnail","6":"product_brand-geissele","7":"product_cat-gevaer","8":"product_cat-gevaersjustering","9":"product_cat-karbiner","10":"product_cat-skenor","12":"first","13":"instock","14":"taxable","15":"shipping-taxable","16":"product-type-variable","17":"wvs-archive-product-wrapper"},"acf":[],"_links":{"self":[{"href":"https:\/\/staging.nbg.eu\/sv\/wp-json\/wp\/v2\/product\/61670","targetHints":{"allow":["GET"]}}],"collection":[{"href":"https:\/\/staging.nbg.eu\/sv\/wp-json\/wp\/v2\/product"}],"about":[{"href":"https:\/\/staging.nbg.eu\/sv\/wp-json\/wp\/v2\/types\/product"}],"wp:featuredmedia":[{"embeddable":true,"href":"https:\/\/staging.nbg.eu\/sv\/wp-json\/wp\/v2\/media\/61671"}],"wp:attachment":[{"href":"https:\/\/staging.nbg.eu\/sv\/wp-json\/wp\/v2\/media?parent=61670"}],"wp:term":[{"taxonomy":"product_brand","embeddable":true,"href":"https:\/\/staging.nbg.eu\/sv\/wp-json\/wp\/v2\/product_brand?post=61670"},{"taxonomy":"product_cat","embeddable":true,"href":"https:\/\/staging.nbg.eu\/sv\/wp-json\/wp\/v2\/product_cat?post=61670"},{"taxonomy":"product_tag","embeddable":true,"href":"https:\/\/staging.nbg.eu\/sv\/wp-json\/wp\/v2\/product_tag?post=61670"}],"curies":[{"name":"wp","href":"https:\/\/api.w.org\/{rel}","templated":true}]}}