{"id":61254,"date":"2024-02-14T20:33:29","date_gmt":"2024-09-16T10:40:41","guid":{"rendered":"https:\/\/staging.nbg.eu\/product\/geissele-16-super-modular-rail-mk18-m-lok\/"},"modified":"2024-09-16T10:41:46","modified_gmt":"2024-09-16T10:41:46","slug":"geissele-16-super-modulaer-skena-mk18-m-lok","status":"publish","type":"product","link":"https:\/\/staging.nbg.eu\/sv\/produkt\/geissele-16-super-modulaer-skena-mk18-m-lok\/","title":{"rendered":"Geissele 16&#8243; Super Modul\u00e4r Skena MK18 M-LOK\u00ae"},"content":{"rendered":"<h2 style=\"text-align: center\"><b>16&#8243; Super Modul\u00e4r Skena MK18 M-LOK\u00ae<\/b><\/h2>\n<p>MK18 \u00e4r den senaste i serien av Geissele Super Modul\u00e4ra skenor och \u00e4r specifikt designad f\u00f6r att passa med <b>Arca-Swiss snabbkopplingssystem<\/b>. Detta nya handskydd \u00e4r baserat p\u00e5 MK16 M-LOK Super Modul\u00e4r Skena, med en liten diameter och totalh\u00f6jd som skapar en smal profil. Den platta basen p\u00e5 MK18 har en &#8221;Arca-stil&#8221; 35mm bred form med en 45 graders svalstj\u00e4rt, som m\u00f6jligg\u00f6r snabb montering p\u00e5 en Arca-Swiss snabbkopplingsbas, och kan glida till valfri position l\u00e4ngs skenan. MK18 har Geisseles <b>egenutvecklade 2,25&#8243; l\u00e5nga pipn\u00f6t<\/b> som ansluter till mottagaren och skapar en plattform som \u00e4r rak och p\u00e5litlig l\u00e4ngs hela den fritt flytande skenan. Den 16&#8243; l\u00e5nga MK18 \u00e4r 3D-precisionsbearbetad med 7000-seriens aluminium p\u00e5 grund av dess starka, styva och l\u00e4tta egenskaper.<\/p>\n<p>Genom att anv\u00e4nda <b>Magpuls M-LOK-teknik i de tre huvudsakliga kvadranterna<\/b> (v\u00e4nster, h\u00f6ger och botten), samt de \u00f6vre 45-graderna, ger MK18 m\u00f6jlighet till anpassning. MK18 Super Modul\u00e4r skena \u00e4r <b>f\u00e4rdigbehandlad med en h\u00e5llbar Typ 3 h\u00e5rdanodisering<\/b> tillg\u00e4nglig i antingen svart eller Geisseles DDC-finish.<\/p>\n<p>Geissele Super Modul\u00e4r Skena MK18 \u00e4r <b>kompatibel med AR15-m\u00f6nstrade gev\u00e4r av milit\u00e4r standard.<\/b><\/p>\n<h2 style=\"text-align: center\"><strong>SPECIFIKATIONER<\/strong><\/h2>\n<hr \/>\n<table border=\"1\">\n<tbody>\n<tr>\n<td><strong>H\u00d6JD: <\/strong><\/td>\n<td> 2,08<\/td>\n<\/tr>\n<tr>\n<td><strong>F\u00c4RG: <\/strong><\/td>\n<td> DDC \/ Svart<\/td>\n<\/tr>\n<tr>\n<td><strong>MATERIAL: <\/strong><\/td>\n<td> 7000-seriens aluminium<\/td>\n<\/tr>\n<tr>\n<td><strong>YTBEHANDLING: <\/strong><\/td>\n<td> Typ 3 h\u00e5rdanodisering<\/td>\n<\/tr>\n<tr>\n<td><strong>L\u00c4NGD: <\/strong><\/td>\n<td> 16,5&#8243;<\/td>\n<\/tr>\n<tr>\n<td><strong>INNERDIAMETER: <\/strong><\/td>\n<td> 1,26&#8243;<\/td>\n<\/tr>\n<tr>\n<td><strong>YTTERDIAMETER (DAQ*): <\/strong><\/td>\n<td> 1,59&#8243;<\/td>\n<\/tr>\n<tr>\n<td><strong>SMR MK18 VIKT: <\/strong><\/td>\n<td> 482g (522g med pipn\u00f6t)<\/td>\n<\/tr>\n<\/tbody>\n<\/table>\n<p>&nbsp;<\/p>\n<p><em>*DAQ &#8211; Avst\u00e5nd \u00f6ver kvadranter<\/em><\/p>\n","protected":false},"excerpt":{"rendered":"<p><strong>Utformad f\u00f6r att passa med Arca-Swiss snabbkopplingssystem<\/strong><\/p>\n","protected":false},"featured_media":61255,"template":"","meta":{"_acf_changed":false},"product_brand":[11396],"product_cat":[13053,13002,13050,13001],"product_tag":[],"class_list":{"0":"post-61254","1":"product","2":"type-product","3":"status-publish","4":"has-post-thumbnail","6":"product_brand-geissele","7":"product_cat-gevaer","8":"product_cat-gevaersjustering","9":"product_cat-karbiner","10":"product_cat-skenor","12":"first","13":"outofstock","14":"taxable","15":"shipping-taxable","16":"product-type-variable","17":"wvs-archive-product-wrapper"},"acf":[],"_links":{"self":[{"href":"https:\/\/staging.nbg.eu\/sv\/wp-json\/wp\/v2\/product\/61254","targetHints":{"allow":["GET"]}}],"collection":[{"href":"https:\/\/staging.nbg.eu\/sv\/wp-json\/wp\/v2\/product"}],"about":[{"href":"https:\/\/staging.nbg.eu\/sv\/wp-json\/wp\/v2\/types\/product"}],"wp:featuredmedia":[{"embeddable":true,"href":"https:\/\/staging.nbg.eu\/sv\/wp-json\/wp\/v2\/media\/61255"}],"wp:attachment":[{"href":"https:\/\/staging.nbg.eu\/sv\/wp-json\/wp\/v2\/media?parent=61254"}],"wp:term":[{"taxonomy":"product_brand","embeddable":true,"href":"https:\/\/staging.nbg.eu\/sv\/wp-json\/wp\/v2\/product_brand?post=61254"},{"taxonomy":"product_cat","embeddable":true,"href":"https:\/\/staging.nbg.eu\/sv\/wp-json\/wp\/v2\/product_cat?post=61254"},{"taxonomy":"product_tag","embeddable":true,"href":"https:\/\/staging.nbg.eu\/sv\/wp-json\/wp\/v2\/product_tag?post=61254"}],"curies":[{"name":"wp","href":"https:\/\/api.w.org\/{rel}","templated":true}]}}