{"id":60882,"date":"2024-02-14T20:38:31","date_gmt":"2024-09-16T10:32:29","guid":{"rendered":"https:\/\/staging.nbg.eu\/product\/alg-defense-emr-v3x-15-handguard-black\/"},"modified":"2024-09-16T10:33:28","modified_gmt":"2024-09-16T10:33:28","slug":"alg-defense-emr-v3x-15-handskydd-svart","status":"publish","type":"product","link":"https:\/\/staging.nbg.eu\/sv\/produkt\/alg-defense-emr-v3x-15-handskydd-svart\/","title":{"rendered":"ALG Defense EMR V3X 15&#8243; Handskydd &#8211; Svart"},"content":{"rendered":"<p>ALG Defense EMR V3X 15&#8243; handskydd i svart har ett M-LOK-system f\u00f6r anpassning. Tillbeh\u00f6r kan monteras vid positionerna klockan 2, 4, 6, 8 och 10. Det har en full\u00e4ngds M1913 picatinny-skena vid klockan 12 f\u00f6r montering av sikten, lasrar, lampor och annan optik. Avsett f\u00f6r anpassning av vapnet efter individuella behov.<\/p>\n","protected":false},"excerpt":{"rendered":"<p>M\u00e5ngsidig 15&#8243; M-LOK handskydd med Picatinny-skena i full l\u00e4ngd.<\/p>\n","protected":false},"featured_media":60883,"template":"","meta":{"_acf_changed":false},"product_brand":[11396],"product_cat":[13053,13002,13001],"product_tag":[],"class_list":{"0":"post-60882","1":"product","2":"type-product","3":"status-publish","4":"has-post-thumbnail","6":"product_brand-geissele","7":"product_cat-gevaer","8":"product_cat-gevaersjustering","9":"product_cat-skenor","11":"first","12":"instock","13":"taxable","14":"shipping-taxable","15":"product-type-simple"},"acf":[],"_links":{"self":[{"href":"https:\/\/staging.nbg.eu\/sv\/wp-json\/wp\/v2\/product\/60882","targetHints":{"allow":["GET"]}}],"collection":[{"href":"https:\/\/staging.nbg.eu\/sv\/wp-json\/wp\/v2\/product"}],"about":[{"href":"https:\/\/staging.nbg.eu\/sv\/wp-json\/wp\/v2\/types\/product"}],"wp:featuredmedia":[{"embeddable":true,"href":"https:\/\/staging.nbg.eu\/sv\/wp-json\/wp\/v2\/media\/60883"}],"wp:attachment":[{"href":"https:\/\/staging.nbg.eu\/sv\/wp-json\/wp\/v2\/media?parent=60882"}],"wp:term":[{"taxonomy":"product_brand","embeddable":true,"href":"https:\/\/staging.nbg.eu\/sv\/wp-json\/wp\/v2\/product_brand?post=60882"},{"taxonomy":"product_cat","embeddable":true,"href":"https:\/\/staging.nbg.eu\/sv\/wp-json\/wp\/v2\/product_cat?post=60882"},{"taxonomy":"product_tag","embeddable":true,"href":"https:\/\/staging.nbg.eu\/sv\/wp-json\/wp\/v2\/product_tag?post=60882"}],"curies":[{"name":"wp","href":"https:\/\/api.w.org\/{rel}","templated":true}]}}