{"id":60462,"date":"2024-02-15T07:17:14","date_gmt":"2024-02-15T07:17:14","guid":{"rendered":"https:\/\/staging.nbg.eu\/product\/geissele-super-42-rifle-length-spring\/"},"modified":"2024-09-13T16:17:07","modified_gmt":"2024-09-13T16:17:07","slug":"geissele-super-42-gevaerslaengd-fjaeder","status":"publish","type":"product","link":"https:\/\/staging.nbg.eu\/sv\/produkt\/geissele-super-42-gevaerslaengd-fjaeder\/","title":{"rendered":"Geissele Super 42 Gev\u00e4rsl\u00e4ngd Fj\u00e4der"},"content":{"rendered":"<p>\nF\u00f6rb\u00e4ttra din M-16\/AR-15:s prestanda med Geissele Super 42 gev\u00e4rsfj\u00e4der. Den har en trippeltr\u00e5dskonstruktion som fungerar som en harmonisk d\u00e4mpare, absorberar energi och minskar fj\u00e4derfel. Den ger \u00f6kad tillf\u00f6rlitlighet, minskat &#8221;twang&#8221;-ljud och \u00e4r kompatibel med standard gev\u00e4rsl\u00e4ngds buffertar och r\u00f6r. Denna fj\u00e4der kan anv\u00e4ndas f\u00f6r att uppgradera ditt gev\u00e4r.<\/p>\n","protected":false},"excerpt":{"rendered":"<p>F\u00f6rb\u00e4ttra AR-15:s prestanda med Geisseles innovativa trestr\u00e4ngade fj\u00e4der.<\/p>\n","protected":false},"featured_media":60463,"template":"","meta":{"_acf_changed":false},"product_brand":[11396],"product_cat":[13064,13053,13002],"product_tag":[],"class_list":{"0":"post-60462","1":"product","2":"type-product","3":"status-publish","4":"has-post-thumbnail","6":"product_brand-geissele","7":"product_cat-fjaedrar","8":"product_cat-gevaer","9":"product_cat-gevaersjustering","11":"first","12":"instock","13":"taxable","14":"shipping-taxable","15":"product-type-simple"},"acf":[],"_links":{"self":[{"href":"https:\/\/staging.nbg.eu\/sv\/wp-json\/wp\/v2\/product\/60462","targetHints":{"allow":["GET"]}}],"collection":[{"href":"https:\/\/staging.nbg.eu\/sv\/wp-json\/wp\/v2\/product"}],"about":[{"href":"https:\/\/staging.nbg.eu\/sv\/wp-json\/wp\/v2\/types\/product"}],"wp:featuredmedia":[{"embeddable":true,"href":"https:\/\/staging.nbg.eu\/sv\/wp-json\/wp\/v2\/media\/60463"}],"wp:attachment":[{"href":"https:\/\/staging.nbg.eu\/sv\/wp-json\/wp\/v2\/media?parent=60462"}],"wp:term":[{"taxonomy":"product_brand","embeddable":true,"href":"https:\/\/staging.nbg.eu\/sv\/wp-json\/wp\/v2\/product_brand?post=60462"},{"taxonomy":"product_cat","embeddable":true,"href":"https:\/\/staging.nbg.eu\/sv\/wp-json\/wp\/v2\/product_cat?post=60462"},{"taxonomy":"product_tag","embeddable":true,"href":"https:\/\/staging.nbg.eu\/sv\/wp-json\/wp\/v2\/product_tag?post=60462"}],"curies":[{"name":"wp","href":"https:\/\/api.w.org\/{rel}","templated":true}]}}