{"id":59927,"date":"2024-02-15T10:31:20","date_gmt":"2024-09-13T16:05:56","guid":{"rendered":"https:\/\/staging.nbg.eu\/product\/geissele-super-configurable-safety-selector-black\/"},"modified":"2024-09-13T16:06:54","modified_gmt":"2024-09-13T16:06:54","slug":"geissele-super-konfigurerbar-saekringsvaeljare-svart","status":"publish","type":"product","link":"https:\/\/staging.nbg.eu\/sv\/produkt\/geissele-super-konfigurerbar-saekringsvaeljare-svart\/","title":{"rendered":"Geissele Super Konfigurerbar S\u00e4kringsv\u00e4ljare &#8211; Svart"},"content":{"rendered":"<div class=\"product-description\">\n<h2>Geissele Konfigurerbar S\u00e4kerhetsv\u00e4ljare &#8211; Svart<\/h2>\n<p>En ambidextr\u00f6s s\u00e4kerhetsv\u00e4ljare f\u00f6r karbiner. Har utbytbara spakar f\u00f6r anpassad anv\u00e4ndning. Fj\u00e4derbelastad design f\u00f6rhindrar f\u00f6rlust vid reng\u00f6ring. Tillverkad av rostfritt st\u00e5l. F\u00f6rb\u00e4ttrar vapnets s\u00e4kerhet och anv\u00e4ndbarhet.<\/p>\n<\/div>\n","protected":false},"excerpt":{"rendered":"<p>Ambidextr\u00f6s, konfigurerbar s\u00e4kerhetsv\u00e4ljare f\u00f6r AR-15. H\u00e5llbart st\u00e5l.<\/p>\n","protected":false},"featured_media":59928,"template":"","meta":{"_acf_changed":false},"product_brand":[11396],"product_cat":[13053,13002],"product_tag":[],"class_list":{"0":"post-59927","1":"product","2":"type-product","3":"status-publish","4":"has-post-thumbnail","6":"product_brand-geissele","7":"product_cat-gevaer","8":"product_cat-gevaersjustering","10":"first","11":"instock","12":"taxable","13":"shipping-taxable","14":"product-type-simple"},"acf":[],"_links":{"self":[{"href":"https:\/\/staging.nbg.eu\/sv\/wp-json\/wp\/v2\/product\/59927","targetHints":{"allow":["GET"]}}],"collection":[{"href":"https:\/\/staging.nbg.eu\/sv\/wp-json\/wp\/v2\/product"}],"about":[{"href":"https:\/\/staging.nbg.eu\/sv\/wp-json\/wp\/v2\/types\/product"}],"wp:featuredmedia":[{"embeddable":true,"href":"https:\/\/staging.nbg.eu\/sv\/wp-json\/wp\/v2\/media\/59928"}],"wp:attachment":[{"href":"https:\/\/staging.nbg.eu\/sv\/wp-json\/wp\/v2\/media?parent=59927"}],"wp:term":[{"taxonomy":"product_brand","embeddable":true,"href":"https:\/\/staging.nbg.eu\/sv\/wp-json\/wp\/v2\/product_brand?post=59927"},{"taxonomy":"product_cat","embeddable":true,"href":"https:\/\/staging.nbg.eu\/sv\/wp-json\/wp\/v2\/product_cat?post=59927"},{"taxonomy":"product_tag","embeddable":true,"href":"https:\/\/staging.nbg.eu\/sv\/wp-json\/wp\/v2\/product_tag?post=59927"}],"curies":[{"name":"wp","href":"https:\/\/api.w.org\/{rel}","templated":true}]}}