{"id":59821,"date":"2024-02-15T10:48:43","date_gmt":"2024-09-13T16:02:18","guid":{"rendered":"https:\/\/staging.nbg.eu\/product\/geissele-maritime-bolt-catch\/"},"modified":"2024-09-13T16:03:17","modified_gmt":"2024-09-13T16:03:17","slug":"geissele-maritime-slutstyckesspaerr","status":"publish","type":"product","link":"https:\/\/staging.nbg.eu\/sv\/produkt\/geissele-maritime-slutstyckesspaerr\/","title":{"rendered":"Geissele Maritime Slutstyckessp\u00e4rr"},"content":{"rendered":"<p>\nGeissele Maritime Bolt Catch f\u00f6rb\u00e4ttrar funktionen p\u00e5 din AR-15:<\/p>\n<ul>\n<li>Kompatibel med M16\/M4 l\u00e4gre mottagare enligt milit\u00e4r standard<\/li>\n<li>\u00d6kad ytarea f\u00f6r enklare anv\u00e4ndning<\/li>\n<li>F\u00f6rl\u00e4ngda reglage f\u00f6r v\u00e4nsterh\u00e4nta skyttar<\/li>\n<li>Grov r\u00e4ffling f\u00f6r s\u00e4kert grepp<\/li>\n<li>L\u00e4mplig f\u00f6r anv\u00e4ndning med handskar eller i svagt ljus<\/li>\n<\/ul>\n<p>Uppgradera ditt gev\u00e4r med denna bolt catch.<\/p>\n","protected":false},"excerpt":{"rendered":"<p>F\u00f6rb\u00e4ttrad slutstyckssp\u00e4rr med st\u00f6rre yta f\u00f6r enklare hantering.<\/p>\n","protected":false},"featured_media":59822,"template":"","meta":{"_acf_changed":false},"product_brand":[11396],"product_cat":[13053,13002],"product_tag":[],"class_list":{"0":"post-59821","1":"product","2":"type-product","3":"status-publish","4":"has-post-thumbnail","6":"product_brand-geissele","7":"product_cat-gevaer","8":"product_cat-gevaersjustering","10":"first","11":"instock","12":"taxable","13":"shipping-taxable","14":"product-type-simple"},"acf":[],"_links":{"self":[{"href":"https:\/\/staging.nbg.eu\/sv\/wp-json\/wp\/v2\/product\/59821","targetHints":{"allow":["GET"]}}],"collection":[{"href":"https:\/\/staging.nbg.eu\/sv\/wp-json\/wp\/v2\/product"}],"about":[{"href":"https:\/\/staging.nbg.eu\/sv\/wp-json\/wp\/v2\/types\/product"}],"wp:featuredmedia":[{"embeddable":true,"href":"https:\/\/staging.nbg.eu\/sv\/wp-json\/wp\/v2\/media\/59822"}],"wp:attachment":[{"href":"https:\/\/staging.nbg.eu\/sv\/wp-json\/wp\/v2\/media?parent=59821"}],"wp:term":[{"taxonomy":"product_brand","embeddable":true,"href":"https:\/\/staging.nbg.eu\/sv\/wp-json\/wp\/v2\/product_brand?post=59821"},{"taxonomy":"product_cat","embeddable":true,"href":"https:\/\/staging.nbg.eu\/sv\/wp-json\/wp\/v2\/product_cat?post=59821"},{"taxonomy":"product_tag","embeddable":true,"href":"https:\/\/staging.nbg.eu\/sv\/wp-json\/wp\/v2\/product_tag?post=59821"}],"curies":[{"name":"wp","href":"https:\/\/api.w.org\/{rel}","templated":true}]}}