{"id":59413,"date":"2024-02-15T11:15:35","date_gmt":"2024-09-13T15:20:45","guid":{"rendered":"https:\/\/staging.nbg.eu\/product\/geissele-rail-panels-black-ddc\/"},"modified":"2024-09-13T15:21:47","modified_gmt":"2024-09-13T15:21:47","slug":"geissele-skenpaneler-svartddc","status":"publish","type":"product","link":"https:\/\/staging.nbg.eu\/sv\/produkt\/geissele-skenpaneler-svartddc\/","title":{"rendered":"Geissele Skenpaneler (Svart\/DDC)"},"content":{"rendered":"<div class=\"product-description\">\n<h2>Geissele M-Lok R\u00e4ls-paneler (Svart\/DDC)<\/h2>\n<p>Geissele M-Lok R\u00e4ls-paneler f\u00f6r URGI-r\u00e4ls. Egenskaper:<\/p>\n<ul>\n<li>Texturerad yta f\u00f6r b\u00e4ttre grepp<\/li>\n<li>Tillverkad av polymer<\/li>\n<li>H\u00e5llbar vid intensiv anv\u00e4ndning<\/li>\n<li>Fungerar som v\u00e4rmesk\u00f6ld<\/li>\n<li>Finns i svart och DDC<\/li>\n<\/ul>\n<p>R\u00e4ls-paneler f\u00f6r f\u00f6rb\u00e4ttrad hantering och handskydd.<\/p>\n<\/div>\n","protected":false},"excerpt":{"rendered":"<p>H\u00e5llbara, texturerade M-LOK-skenepaneler f\u00f6r f\u00f6rb\u00e4ttrat grepp och v\u00e4rmeskydd.<\/p>\n","protected":false},"featured_media":59414,"template":"","meta":{"_acf_changed":false},"product_brand":[11396],"product_cat":[13053,13001],"product_tag":[],"class_list":{"0":"post-59413","1":"product","2":"type-product","3":"status-publish","4":"has-post-thumbnail","6":"product_brand-geissele","7":"product_cat-gevaer","8":"product_cat-skenor","10":"first","11":"instock","12":"taxable","13":"shipping-taxable","14":"product-type-variable","15":"wvs-archive-product-wrapper"},"acf":[],"_links":{"self":[{"href":"https:\/\/staging.nbg.eu\/sv\/wp-json\/wp\/v2\/product\/59413","targetHints":{"allow":["GET"]}}],"collection":[{"href":"https:\/\/staging.nbg.eu\/sv\/wp-json\/wp\/v2\/product"}],"about":[{"href":"https:\/\/staging.nbg.eu\/sv\/wp-json\/wp\/v2\/types\/product"}],"wp:featuredmedia":[{"embeddable":true,"href":"https:\/\/staging.nbg.eu\/sv\/wp-json\/wp\/v2\/media\/59414"}],"wp:attachment":[{"href":"https:\/\/staging.nbg.eu\/sv\/wp-json\/wp\/v2\/media?parent=59413"}],"wp:term":[{"taxonomy":"product_brand","embeddable":true,"href":"https:\/\/staging.nbg.eu\/sv\/wp-json\/wp\/v2\/product_brand?post=59413"},{"taxonomy":"product_cat","embeddable":true,"href":"https:\/\/staging.nbg.eu\/sv\/wp-json\/wp\/v2\/product_cat?post=59413"},{"taxonomy":"product_tag","embeddable":true,"href":"https:\/\/staging.nbg.eu\/sv\/wp-json\/wp\/v2\/product_tag?post=59413"}],"curies":[{"name":"wp","href":"https:\/\/api.w.org\/{rel}","templated":true}]}}