{"id":58890,"date":"2024-02-15T19:41:39","date_gmt":"2024-09-13T15:17:48","guid":{"rendered":"https:\/\/staging.nbg.eu\/product\/geissele-super-gas-block-black\/"},"modified":"2024-09-13T15:18:48","modified_gmt":"2024-09-13T15:18:48","slug":"geissele-super-gasblock-svart","status":"publish","type":"product","link":"https:\/\/staging.nbg.eu\/sv\/produkt\/geissele-super-gasblock-svart\/","title":{"rendered":"Geissele Super Gasblock &#8211; Svart"},"content":{"rendered":"<div class=\"product-description\">\n<h2>Geissele Super Gasblock &#8211; Svart<\/h2>\n<p>Geissele Super Gasblock \u00e4r en l\u00e5gprofils komponent utformad f\u00f6r att passa under de flesta fritt flytande handskydd. Den \u00e4r tillverkad av 17-4 utskiljningsh\u00e4rdande rostfritt st\u00e5l, vilket ger korrosionsbest\u00e4ndighet och h\u00e5llbarhet.<\/p>\n<ul>\n<li>T\u00e5l tusentals skott<\/li>\n<li>Inkluderar standard st\u00e4llskruv och &#8221;Bombproof Installation&#8221;-metoder<\/li>\n<li>Spiralstift l\u00e5ser gasblocket p\u00e5 plats f\u00f6r stabilitet<\/li>\n<li>Rostfritt st\u00e5lstift s\u00e4kerst\u00e4ller inriktning med Geissele CHF-pipor<\/li>\n<\/ul>\n<p>Geissele Super Gasblock \u00e4r konstruerad f\u00f6r att fungera under alla driftsf\u00f6rh\u00e5llanden.<\/p>\n<\/div>\n","protected":false},"excerpt":{"rendered":"<p>L\u00e5gprofilerad, h\u00e5llbar gasblock i rostfritt st\u00e5l f\u00f6r AR-15-gev\u00e4r.<\/p>\n","protected":false},"featured_media":58891,"template":"","meta":{"_acf_changed":false},"product_brand":[11396],"product_cat":[13053,13002],"product_tag":[],"class_list":{"0":"post-58890","1":"product","2":"type-product","3":"status-publish","4":"has-post-thumbnail","6":"product_brand-geissele","7":"product_cat-gevaer","8":"product_cat-gevaersjustering","10":"first","11":"instock","12":"taxable","13":"shipping-taxable","14":"product-type-simple"},"acf":[],"_links":{"self":[{"href":"https:\/\/staging.nbg.eu\/sv\/wp-json\/wp\/v2\/product\/58890","targetHints":{"allow":["GET"]}}],"collection":[{"href":"https:\/\/staging.nbg.eu\/sv\/wp-json\/wp\/v2\/product"}],"about":[{"href":"https:\/\/staging.nbg.eu\/sv\/wp-json\/wp\/v2\/types\/product"}],"wp:featuredmedia":[{"embeddable":true,"href":"https:\/\/staging.nbg.eu\/sv\/wp-json\/wp\/v2\/media\/58891"}],"wp:attachment":[{"href":"https:\/\/staging.nbg.eu\/sv\/wp-json\/wp\/v2\/media?parent=58890"}],"wp:term":[{"taxonomy":"product_brand","embeddable":true,"href":"https:\/\/staging.nbg.eu\/sv\/wp-json\/wp\/v2\/product_brand?post=58890"},{"taxonomy":"product_cat","embeddable":true,"href":"https:\/\/staging.nbg.eu\/sv\/wp-json\/wp\/v2\/product_cat?post=58890"},{"taxonomy":"product_tag","embeddable":true,"href":"https:\/\/staging.nbg.eu\/sv\/wp-json\/wp\/v2\/product_tag?post=58890"}],"curies":[{"name":"wp","href":"https:\/\/api.w.org\/{rel}","templated":true}]}}