{"id":584441,"date":"2025-09-05T18:16:13","date_gmt":"2025-09-05T15:16:13","guid":{"rendered":"https:\/\/staging.nbg.eu\/product\/mak-viper-fts-left\/"},"modified":"2025-10-16T16:00:55","modified_gmt":"2025-10-16T13:00:55","slug":"mak-viper-fts-vaenster","status":"publish","type":"product","link":"https:\/\/staging.nbg.eu\/sv\/produkt\/mak-viper-fts-vaenster\/","title":{"rendered":"MAK Viper FTS V\u00e4nster"},"content":{"rendered":"<div class=\"product-description\">\n<h2>MAK Viper FTS V\u00e4nster<\/h2>\n<p>MAK Viper FTS V\u00e4nster \u00e4r en kikarsiktesf\u00e4ste f\u00f6r v\u00e4nsterh\u00e4nta skyttar. Detta f\u00e4ste har f\u00f6ljande egenskaper:<\/p>\n<ul>\n<li>Aluminiumkonstruktion f\u00f6r l\u00e4tt vikt och styrka<\/li>\n<li>Fast vridmomentsystem (FTS) f\u00f6r konsekvent montering<\/li>\n<li>Snabbkopplingshandtag f\u00f6r enkel borttagning och \u00e5termontering av kikarsiktet<\/li>\n<li>V\u00e4nsterh\u00e4nt konfiguration f\u00f6r f\u00f6rb\u00e4ttrad ergonomi<\/li>\n<li>Kompatibel med Picatinny- och Weaver-skenor<\/li>\n<li>Tillg\u00e4nglig i olika ringstorlekar f\u00f6r olika kikarsikte-diametrar<\/li>\n<\/ul>\n<p>MAK Viper FTS V\u00e4nster ger stabilitet och beh\u00e5ller nollpunkten, \u00e4ven under kraftig rekyl. Detta kikarsiktesf\u00e4ste \u00e4r utformat f\u00f6r v\u00e4nsterh\u00e4nta skyttar.<\/p>\n<\/div>\n","protected":false},"excerpt":{"rendered":"<p>MAK Viper FTS V\u00e4nster: Precisionssiktesoptik f\u00f6r v\u00e4nsterh\u00e4nta skyttar.<\/p>\n","protected":false},"featured_media":0,"template":"","meta":{"_acf_changed":false},"product_brand":[],"product_cat":[],"product_tag":[],"class_list":{"0":"post-584441","1":"product","2":"type-product","3":"status-publish","6":"first","7":"instock","8":"taxable","9":"shipping-taxable","10":"purchasable","11":"product-type-simple"},"acf":[],"_links":{"self":[{"href":"https:\/\/staging.nbg.eu\/sv\/wp-json\/wp\/v2\/product\/584441","targetHints":{"allow":["GET"]}}],"collection":[{"href":"https:\/\/staging.nbg.eu\/sv\/wp-json\/wp\/v2\/product"}],"about":[{"href":"https:\/\/staging.nbg.eu\/sv\/wp-json\/wp\/v2\/types\/product"}],"wp:attachment":[{"href":"https:\/\/staging.nbg.eu\/sv\/wp-json\/wp\/v2\/media?parent=584441"}],"wp:term":[{"taxonomy":"product_brand","embeddable":true,"href":"https:\/\/staging.nbg.eu\/sv\/wp-json\/wp\/v2\/product_brand?post=584441"},{"taxonomy":"product_cat","embeddable":true,"href":"https:\/\/staging.nbg.eu\/sv\/wp-json\/wp\/v2\/product_cat?post=584441"},{"taxonomy":"product_tag","embeddable":true,"href":"https:\/\/staging.nbg.eu\/sv\/wp-json\/wp\/v2\/product_tag?post=584441"}],"curies":[{"name":"wp","href":"https:\/\/api.w.org\/{rel}","templated":true}]}}