{"id":583500,"date":"2025-10-08T23:38:14","date_gmt":"2025-10-08T20:38:14","guid":{"rendered":"https:\/\/staging.nbg.eu\/product\/bipod-harris-s-brm-notch-rotate-6-9\/"},"modified":"2025-10-16T14:45:39","modified_gmt":"2025-10-16T11:45:39","slug":"benstoed-harris-s-brm-notch-rotate-6-9","status":"publish","type":"product","link":"https:\/\/staging.nbg.eu\/sv\/produkt\/benstoed-harris-s-brm-notch-rotate-6-9\/","title":{"rendered":"Benst\u00f6d Harris &#8211; S &#8211; BRM Notch Rotate 6-9&#8243;"},"content":{"rendered":"<div class=\"product-description\">\n<h2>Harris 6&#8243; &#8211; 9&#8243; Sv\u00e4ngbart Tv\u00e5benst\u00f6d med Bensp\u00e4rrar BRM-S<\/h2>\n<p>Harris 6&#8243; &#8211; 9&#8243; Sv\u00e4ngbart Tv\u00e5benst\u00f6d (BRM-S) har f\u00f6ljande egenskaper:<\/p>\n<ul>\n<li>Justerbara ben fr\u00e5n 6&#8243; till 9&#8243;<\/li>\n<li>B\u00e4nkst\u00f6d f\u00f6r stabilitet<\/li>\n<li>Sv\u00e4ngbar funktion f\u00f6r oj\u00e4mn terr\u00e4ng<\/li>\n<li>Bensp\u00e4rrar f\u00f6r exakt h\u00f6jdjustering<\/li>\n<\/ul>\n<p>St\u00e4ngt m\u00e5tt \u00e4r 2 3\/4&#8243; brett och \u00f6ppet m\u00e5tt \u00e4r 7 1\/4&#8243; brett. Tv\u00e5benst\u00f6det v\u00e4ger 8 oz. och passar olika skjutpositioner. Harris BRM-S tv\u00e5benst\u00f6d \u00e4r h\u00e5llbart och funktionellt.<\/p>\n<p>SKU: Harris-BRM-S | UPC: 051156113090 | MPN: S-BRM<\/p>\n<\/div>\n","protected":false},"excerpt":{"rendered":"<p>Justerbart 15-23 cm vridbart st\u00f6dben med r\u00e4fflade ben. Klart f\u00f6r b\u00e4nkskytte.<\/p>\n","protected":false},"featured_media":583536,"template":"","meta":{"_acf_changed":false},"product_brand":[12021],"product_cat":[13046],"product_tag":[],"class_list":{"0":"post-583500","1":"product","2":"type-product","3":"status-publish","4":"has-post-thumbnail","6":"product_brand-harris-bipods","7":"product_cat-tvabenstoed","9":"first","10":"outofstock","11":"taxable","12":"shipping-taxable","13":"purchasable","14":"product-type-simple"},"acf":[],"_links":{"self":[{"href":"https:\/\/staging.nbg.eu\/sv\/wp-json\/wp\/v2\/product\/583500","targetHints":{"allow":["GET"]}}],"collection":[{"href":"https:\/\/staging.nbg.eu\/sv\/wp-json\/wp\/v2\/product"}],"about":[{"href":"https:\/\/staging.nbg.eu\/sv\/wp-json\/wp\/v2\/types\/product"}],"wp:featuredmedia":[{"embeddable":true,"href":"https:\/\/staging.nbg.eu\/sv\/wp-json\/wp\/v2\/media\/583536"}],"wp:attachment":[{"href":"https:\/\/staging.nbg.eu\/sv\/wp-json\/wp\/v2\/media?parent=583500"}],"wp:term":[{"taxonomy":"product_brand","embeddable":true,"href":"https:\/\/staging.nbg.eu\/sv\/wp-json\/wp\/v2\/product_brand?post=583500"},{"taxonomy":"product_cat","embeddable":true,"href":"https:\/\/staging.nbg.eu\/sv\/wp-json\/wp\/v2\/product_cat?post=583500"},{"taxonomy":"product_tag","embeddable":true,"href":"https:\/\/staging.nbg.eu\/sv\/wp-json\/wp\/v2\/product_tag?post=583500"}],"curies":[{"name":"wp","href":"https:\/\/api.w.org\/{rel}","templated":true}]}}