{"id":582560,"date":"2025-10-10T18:10:11","date_gmt":"2025-10-10T15:10:11","guid":{"rendered":"https:\/\/staging.nbg.eu\/product\/daa-gripz-grip-enhancer-75-ml\/"},"modified":"2025-10-16T13:57:08","modified_gmt":"2025-10-16T10:57:08","slug":"daa-gripz-greppfoerstaerkare-75-ml","status":"publish","type":"product","link":"https:\/\/staging.nbg.eu\/sv\/produkt\/daa-gripz-greppfoerstaerkare-75-ml\/","title":{"rendered":"DAA GRIPZ &#8211; Greppf\u00f6rst\u00e4rkare 75 ml"},"content":{"rendered":"<div class=\"product-description\">\n<h2>DAA GRIPZ &#8211; Greppf\u00f6rb\u00e4ttrare 75 ml<\/h2>\n<p>DAA GRIPZ \u00e4r en greppf\u00f6rb\u00e4ttrande lotion f\u00f6r IPSC- och USPSA-pistolskytte. Denna 75 ml flaska ger ett s\u00e4kert grepp i v\u00e5ta f\u00f6rh\u00e5llanden och extrem v\u00e4rme.<\/p>\n<ul>\n<li>Kiselbaserad formel med alkohol och stabilisatorer<\/li>\n<li>Praktisk &#8221;Snap-cap&#8221; f\u00f6rslutning f\u00f6r enkel anv\u00e4ndning med en hand<\/li>\n<li>Torkar inte vitt och gnids inte l\u00e4tt av p\u00e5 kl\u00e4der och pistolgrepp<\/li>\n<li>H\u00e5ller h\u00e4nderna torra och ger ett s\u00e4kert grepp vid snabb och precis skjutning<\/li>\n<\/ul>\n<p>DAA GRIPZ kan f\u00f6rb\u00e4ttra ditt skytte.<\/p>\n<\/div>\n","protected":false},"excerpt":{"rendered":"<p>DAA GRIPZ: F\u00f6rb\u00e4ttra greppet f\u00f6r precis skjutning. 75 ml flaska.<\/p>\n","protected":false},"featured_media":582641,"template":"","meta":{"_acf_changed":false},"product_brand":[],"product_cat":[13069],"product_tag":[],"class_list":{"0":"post-582560","1":"product","2":"type-product","3":"status-publish","4":"has-post-thumbnail","6":"product_cat-okategoriserad","8":"first","9":"instock","10":"taxable","11":"shipping-taxable","12":"purchasable","13":"product-type-simple"},"acf":[],"_links":{"self":[{"href":"https:\/\/staging.nbg.eu\/sv\/wp-json\/wp\/v2\/product\/582560","targetHints":{"allow":["GET"]}}],"collection":[{"href":"https:\/\/staging.nbg.eu\/sv\/wp-json\/wp\/v2\/product"}],"about":[{"href":"https:\/\/staging.nbg.eu\/sv\/wp-json\/wp\/v2\/types\/product"}],"wp:featuredmedia":[{"embeddable":true,"href":"https:\/\/staging.nbg.eu\/sv\/wp-json\/wp\/v2\/media\/582641"}],"wp:attachment":[{"href":"https:\/\/staging.nbg.eu\/sv\/wp-json\/wp\/v2\/media?parent=582560"}],"wp:term":[{"taxonomy":"product_brand","embeddable":true,"href":"https:\/\/staging.nbg.eu\/sv\/wp-json\/wp\/v2\/product_brand?post=582560"},{"taxonomy":"product_cat","embeddable":true,"href":"https:\/\/staging.nbg.eu\/sv\/wp-json\/wp\/v2\/product_cat?post=582560"},{"taxonomy":"product_tag","embeddable":true,"href":"https:\/\/staging.nbg.eu\/sv\/wp-json\/wp\/v2\/product_tag?post=582560"}],"curies":[{"name":"wp","href":"https:\/\/api.w.org\/{rel}","templated":true}]}}