{"id":581589,"date":"2025-10-10T18:09:59","date_gmt":"2025-10-10T15:09:59","guid":{"rendered":"https:\/\/staging.nbg.eu\/product\/daa-x-ray-polymer-pouch-black\/"},"modified":"2025-10-16T11:21:59","modified_gmt":"2025-10-16T08:21:59","slug":"daa-x-ray-polymerficka-svart","status":"publish","type":"product","link":"https:\/\/staging.nbg.eu\/sv\/produkt\/daa-x-ray-polymerficka-svart\/","title":{"rendered":"DAA X-Ray Polymerficka &#8211; Svart"},"content":{"rendered":"<h2>DAA X-Ray Polymer Magasinficka &#8211; Svart<\/h2>\n<p>DAA X-Ray Polymer Magasinficka f\u00f6r t\u00e4vlingsbruk. Denna design har f\u00f6ljande egenskaper:<\/p>\n<ul>\n<li>Utskuren design f\u00f6r minskad vikt<\/li>\n<li>8 monteringspunkter f\u00f6r anv\u00e4ndning med b\u00e5da h\u00e4nder och flexibel positionering<\/li>\n<li>3 upps\u00e4ttningar distanser som passar de flesta dubbel-stack magasin<\/li>\n<li>Fiberf\u00f6rst\u00e4rkt polymer-konstruktion<\/li>\n<li>\u00d6vre kant utformad f\u00f6r enklare magasinins\u00e4ttning<\/li>\n<li>L\u00e5sskruv f\u00f6r att f\u00f6rhindra oavsiktlig \u00f6ppning<\/li>\n<li>13mm kulled f\u00f6r stabilitet<\/li>\n<li>Sp\u00e4nningsjustering utan verktyg med stort justeringshjul<\/li>\n<\/ul>\n<p>DAA X-Ray Polymer Magasinficka \u00e4r utformad f\u00f6r anv\u00e4ndning p\u00e5 skjutbanan.<\/p>\n","protected":false},"excerpt":{"rendered":"<p>DAA X-Ray polymerficka: Elegant, m\u00e5ngsidig och s\u00e4ker magasinh\u00e5llare f\u00f6r t\u00e4vlande.<\/p>\n","protected":false},"featured_media":581712,"template":"","meta":{"_acf_changed":false},"product_brand":[],"product_cat":[13011,13023,13045,13020],"product_tag":[],"class_list":{"0":"post-581589","1":"product","2":"type-product","3":"status-publish","4":"has-post-thumbnail","6":"product_cat-fickor","7":"product_cat-sportbaelten","8":"product_cat-sporthoelster","9":"product_cat-utrustning","11":"first","12":"instock","13":"taxable","14":"shipping-taxable","15":"purchasable","16":"product-type-simple"},"acf":[],"_links":{"self":[{"href":"https:\/\/staging.nbg.eu\/sv\/wp-json\/wp\/v2\/product\/581589","targetHints":{"allow":["GET"]}}],"collection":[{"href":"https:\/\/staging.nbg.eu\/sv\/wp-json\/wp\/v2\/product"}],"about":[{"href":"https:\/\/staging.nbg.eu\/sv\/wp-json\/wp\/v2\/types\/product"}],"wp:featuredmedia":[{"embeddable":true,"href":"https:\/\/staging.nbg.eu\/sv\/wp-json\/wp\/v2\/media\/581712"}],"wp:attachment":[{"href":"https:\/\/staging.nbg.eu\/sv\/wp-json\/wp\/v2\/media?parent=581589"}],"wp:term":[{"taxonomy":"product_brand","embeddable":true,"href":"https:\/\/staging.nbg.eu\/sv\/wp-json\/wp\/v2\/product_brand?post=581589"},{"taxonomy":"product_cat","embeddable":true,"href":"https:\/\/staging.nbg.eu\/sv\/wp-json\/wp\/v2\/product_cat?post=581589"},{"taxonomy":"product_tag","embeddable":true,"href":"https:\/\/staging.nbg.eu\/sv\/wp-json\/wp\/v2\/product_tag?post=581589"}],"curies":[{"name":"wp","href":"https:\/\/api.w.org\/{rel}","templated":true}]}}