{"id":58066,"date":"2024-02-20T19:33:36","date_gmt":"2024-09-13T14:53:54","guid":{"rendered":"https:\/\/staging.nbg.eu\/product\/geissele-super-precision-compm5s-series-optic-mounts-black-1-93\/"},"modified":"2024-09-13T14:54:56","modified_gmt":"2024-09-13T14:54:56","slug":"geissele-super-precision-compm5s-serie-optikfaesten-svart-193","status":"publish","type":"product","link":"https:\/\/staging.nbg.eu\/sv\/produkt\/geissele-super-precision-compm5s-serie-optikfaesten-svart-193\/","title":{"rendered":"Geissele Super Precision\u00ae &#8211; CompM5s Serie Optikf\u00e4sten, Svart (1.93&#8243;)"},"content":{"rendered":"<div class=\"product-description\">\n<h2>Geissele Super Precision\u00ae &#8211; CompM5s-seriens kikarf\u00e4sten, Svart (1,93&#8243;)<\/h2>\n<p>Geissele Super Precision\u00ae CompM5s-seriens kikarf\u00e4ste. Utformad f\u00f6r Aimpoint CompM5s och liknande r\u00f6dpunktssikten, erbjuder detta f\u00e4ste precision och h\u00e5llbarhet.<\/p>\n<ul>\n<li>Precisionstillverkad fr\u00e5n ett stycke 7075-T6 h\u00f6gh\u00e5llfast aluminium<\/li>\n<li>1,93&#8243; h\u00f6jdalternativ f\u00f6r siktbild<\/li>\n<li>Mutter- och bultf\u00e4stmetod med 1 400 lbs kl\u00e4mkraft<\/li>\n<li>3 skjuvklackar f\u00f6r stabilitet och \u00e5terg\u00e5ng till nollpunkt<\/li>\n<li>Svart Typ 3 Hardcoat anodiserad yta<\/li>\n<\/ul>\n<p>Detta kikarf\u00e4ste erbjuder tillf\u00f6rlitlighet och prestanda.<\/p>\n<\/div>\n","protected":false},"excerpt":{"rendered":"<p>Precisionsfr\u00e4st f\u00e4ste f\u00f6r Aimpoint CompM5s, extremt s\u00e4kert och h\u00e5llbart.<\/p>\n","protected":false},"featured_media":58067,"template":"","meta":{"_acf_changed":false},"product_brand":[11396],"product_cat":[13053],"product_tag":[],"class_list":{"0":"post-58066","1":"product","2":"type-product","3":"status-publish","4":"has-post-thumbnail","6":"product_brand-geissele","7":"product_cat-gevaer","9":"first","10":"instock","11":"taxable","12":"shipping-taxable","13":"product-type-simple"},"acf":[],"_links":{"self":[{"href":"https:\/\/staging.nbg.eu\/sv\/wp-json\/wp\/v2\/product\/58066","targetHints":{"allow":["GET"]}}],"collection":[{"href":"https:\/\/staging.nbg.eu\/sv\/wp-json\/wp\/v2\/product"}],"about":[{"href":"https:\/\/staging.nbg.eu\/sv\/wp-json\/wp\/v2\/types\/product"}],"wp:featuredmedia":[{"embeddable":true,"href":"https:\/\/staging.nbg.eu\/sv\/wp-json\/wp\/v2\/media\/58067"}],"wp:attachment":[{"href":"https:\/\/staging.nbg.eu\/sv\/wp-json\/wp\/v2\/media?parent=58066"}],"wp:term":[{"taxonomy":"product_brand","embeddable":true,"href":"https:\/\/staging.nbg.eu\/sv\/wp-json\/wp\/v2\/product_brand?post=58066"},{"taxonomy":"product_cat","embeddable":true,"href":"https:\/\/staging.nbg.eu\/sv\/wp-json\/wp\/v2\/product_cat?post=58066"},{"taxonomy":"product_tag","embeddable":true,"href":"https:\/\/staging.nbg.eu\/sv\/wp-json\/wp\/v2\/product_tag?post=58066"}],"curies":[{"name":"wp","href":"https:\/\/api.w.org\/{rel}","templated":true}]}}