{"id":57763,"date":"2024-02-20T19:53:48","date_gmt":"2024-09-13T14:33:34","guid":{"rendered":"https:\/\/staging.nbg.eu\/product\/geissele-ar15-super-precision-30mm-extended\/"},"modified":"2024-09-13T14:34:37","modified_gmt":"2024-09-13T14:34:37","slug":"geissele-ar15-super-precision-30mm-foerlaengd","status":"publish","type":"product","link":"https:\/\/staging.nbg.eu\/sv\/produkt\/geissele-ar15-super-precision-30mm-foerlaengd\/","title":{"rendered":"Geissele AR15 Super Precision\u00ae 30mm, F\u00f6rl\u00e4ngd"},"content":{"rendered":"<div class=\"product-description\">\n<h2>Geissele AR15 Super Precision\u00ae 30mm, F\u00f6rl\u00e4ngd<\/h2>\n<p>Konstruerad f\u00f6r AR-15\/M4 \u00f6vre delar. Egenskaper inkluderar:<\/p>\n<ul>\n<li>7-sektioners picatinny-skena med 4 skjuvl\u00e5s f\u00f6r montering<\/li>\n<li>Mutter- och bultl\u00e5ssystem som ger 1 400 lbs kraft per set<\/li>\n<li>Tillverkad av ett stycke 7075-T6 aluminium<\/li>\n<li>F\u00f6rst\u00e4rkt genom strategisk urfr\u00e4sning och ribbning<\/li>\n<li>Precisionborrade lock f\u00f6r passform och skydd av kikarsiktet<\/li>\n<li>Flexibla lockpositioner f\u00f6r olika kikarsiktesdesigner<\/li>\n<\/ul>\n<p>Detta f\u00e4ste erbjuder noggrannhet vid \u00e5terg\u00e5ng till nollpunkt och h\u00e5llbarhet, utformat f\u00f6r kr\u00e4vande f\u00f6rh\u00e5llanden.<\/p>\n<\/div>\n","protected":false},"excerpt":{"rendered":"<p>Precisions 30mm AR-15 kikarsikte-f\u00e4ste. S\u00e4kert, h\u00e5llbart, tillverkat av 7075-T6 aluminium.<\/p>\n","protected":false},"featured_media":57764,"template":"","meta":{"_acf_changed":false},"product_brand":[11396],"product_cat":[13053],"product_tag":[],"class_list":{"0":"post-57763","1":"product","2":"type-product","3":"status-publish","4":"has-post-thumbnail","6":"product_brand-geissele","7":"product_cat-gevaer","9":"first","10":"instock","11":"taxable","12":"shipping-taxable","13":"product-type-variable","14":"wvs-archive-product-wrapper"},"acf":[],"_links":{"self":[{"href":"https:\/\/staging.nbg.eu\/sv\/wp-json\/wp\/v2\/product\/57763","targetHints":{"allow":["GET"]}}],"collection":[{"href":"https:\/\/staging.nbg.eu\/sv\/wp-json\/wp\/v2\/product"}],"about":[{"href":"https:\/\/staging.nbg.eu\/sv\/wp-json\/wp\/v2\/types\/product"}],"wp:featuredmedia":[{"embeddable":true,"href":"https:\/\/staging.nbg.eu\/sv\/wp-json\/wp\/v2\/media\/57764"}],"wp:attachment":[{"href":"https:\/\/staging.nbg.eu\/sv\/wp-json\/wp\/v2\/media?parent=57763"}],"wp:term":[{"taxonomy":"product_brand","embeddable":true,"href":"https:\/\/staging.nbg.eu\/sv\/wp-json\/wp\/v2\/product_brand?post=57763"},{"taxonomy":"product_cat","embeddable":true,"href":"https:\/\/staging.nbg.eu\/sv\/wp-json\/wp\/v2\/product_cat?post=57763"},{"taxonomy":"product_tag","embeddable":true,"href":"https:\/\/staging.nbg.eu\/sv\/wp-json\/wp\/v2\/product_tag?post=57763"}],"curies":[{"name":"wp","href":"https:\/\/api.w.org\/{rel}","templated":true}]}}