{"id":577588,"date":"2025-10-10T16:06:59","date_gmt":"2025-10-10T13:06:59","guid":{"rendered":"https:\/\/staging.nbg.eu\/product\/polymer-magazine-556x45-mm-for-akm-rifles-10-rounds\/"},"modified":"2025-10-15T12:30:28","modified_gmt":"2025-10-15T09:30:28","slug":"polymermagasin-556x45-mm-foer-akm-gevaer-10-skott","status":"publish","type":"product","link":"https:\/\/staging.nbg.eu\/sv\/produkt\/polymermagasin-556x45-mm-foer-akm-gevaer-10-skott\/","title":{"rendered":"Polymermagasin 5,56&#215;45 mm f\u00f6r AKM gev\u00e4r &#8211; 10 skott"},"content":{"rendered":"<h2>Polymermagasin f\u00f6r AK 5,56&#215;45 mm \/ .223 Rem &#8211; 10 skott<\/h2>\n<p>Ett polymermagasin fr\u00e5n WBP Rog\u00f3w f\u00f6r AK-gev\u00e4r. Utformat f\u00f6r 5,56&#215;45 mm \/ .223 Rem ammunition, detta 10-skottsmagasin \u00e4r kompatibelt med Jack, Mini Jack, Beryl och Mini Beryl karbiner.<\/p>\n<h2>Egenskaper:<\/h2>\n<ul>\n<li>Polymerstruktur<\/li>\n<li>L\u00e4tt design<\/li>\n<li>Halvgenomskinlig kropp f\u00f6r ammunitionskontroll<\/li>\n<li>Bottenplatta i st\u00e5l<\/li>\n<\/ul>\n<h2>Tekniska specifikationer:<\/h2>\n<ul>\n<li>Kropp: Polymer<\/li>\n<li>F\u00f6ljare: St\u00e5l<\/li>\n<li>Kaliber: 5,56&#215;45 mm \/ .223 Rem<\/li>\n<li>Kapacitet: 10 skott<\/li>\n<li>Vikt: 103 g<\/li>\n<li>F\u00e4rg: Genomskinlig<\/li>\n<\/ul>\n<p>Ett magasin f\u00f6r AK-gev\u00e4r.<\/p>\n","protected":false},"excerpt":{"rendered":"<p>Polymer AK-magasin, 10 skott, 5,56&#215;45\/.223, halvgenomskinligt, WBP Rog\u00f3w<\/p>\n","protected":false},"featured_media":577632,"template":"","meta":{"_acf_changed":false},"product_brand":[],"product_cat":[13053,13036],"product_tag":[],"class_list":{"0":"post-577588","1":"product","2":"type-product","3":"status-publish","4":"has-post-thumbnail","6":"product_cat-gevaer","7":"product_cat-gevaersmagasin","9":"first","10":"outofstock","11":"taxable","12":"shipping-taxable","13":"product-type-simple"},"acf":[],"_links":{"self":[{"href":"https:\/\/staging.nbg.eu\/sv\/wp-json\/wp\/v2\/product\/577588","targetHints":{"allow":["GET"]}}],"collection":[{"href":"https:\/\/staging.nbg.eu\/sv\/wp-json\/wp\/v2\/product"}],"about":[{"href":"https:\/\/staging.nbg.eu\/sv\/wp-json\/wp\/v2\/types\/product"}],"wp:featuredmedia":[{"embeddable":true,"href":"https:\/\/staging.nbg.eu\/sv\/wp-json\/wp\/v2\/media\/577632"}],"wp:attachment":[{"href":"https:\/\/staging.nbg.eu\/sv\/wp-json\/wp\/v2\/media?parent=577588"}],"wp:term":[{"taxonomy":"product_brand","embeddable":true,"href":"https:\/\/staging.nbg.eu\/sv\/wp-json\/wp\/v2\/product_brand?post=577588"},{"taxonomy":"product_cat","embeddable":true,"href":"https:\/\/staging.nbg.eu\/sv\/wp-json\/wp\/v2\/product_cat?post=577588"},{"taxonomy":"product_tag","embeddable":true,"href":"https:\/\/staging.nbg.eu\/sv\/wp-json\/wp\/v2\/product_tag?post=577588"}],"curies":[{"name":"wp","href":"https:\/\/api.w.org\/{rel}","templated":true}]}}