{"id":577337,"date":"2025-10-10T16:06:55","date_gmt":"2025-10-10T13:06:55","guid":{"rendered":"https:\/\/staging.nbg.eu\/product\/polymer-magazine-762x39-mm-for-akm-rifle-30-rounds\/"},"modified":"2025-10-15T12:27:21","modified_gmt":"2025-10-15T09:27:21","slug":"polymermagasin-762x39-mm-foer-akm-gevaer-30-skott","status":"publish","type":"product","link":"https:\/\/staging.nbg.eu\/sv\/produkt\/polymermagasin-762x39-mm-foer-akm-gevaer-30-skott\/","title":{"rendered":"Polymermagasin 7,62&#215;39 mm f\u00f6r AKM gev\u00e4r 30 skott"},"content":{"rendered":"<div class=\"product-description\">\n<h2>WBP\u00ae Polymermagasin f\u00f6r AK\/AKM-gev\u00e4r &#8211; 7,62&#215;39 mm, 30 skott<\/h2>\n<p>Detta 30-skotts magasin fr\u00e5n WBP\u00ae \u00e4r tillverkat f\u00f6r AK\/AKM-gev\u00e4r. Tillverkat i Polen med f\u00f6ljande egenskaper:<\/p>\n<ul>\n<li>Transparent polymerkropp f\u00f6r att kontrollera ammunition<\/li>\n<li>L\u00e4tt design med st\u00e5lbottenplatta<\/li>\n<li>Passar de flesta AK-47-plattformsgev\u00e4r i 7,62\u00d739 mm<\/li>\n<li>Polsktillverkad och testad av specialstyrkor<\/li>\n<\/ul>\n<p>WBP:s polymermagasin \u00e4r utvecklat f\u00f6r AK-anv\u00e4ndare.<\/p>\n<p><strong>Specifikationer:<\/strong> Kaliber: 7,62&#215;39 mm | Kapacitet: 30 skott | Material: Polymer med st\u00e5lbottenplatta<\/p>\n<\/div>\n","protected":false},"excerpt":{"rendered":"<p>Genomskinligt 30-skotts magasin f\u00f6r AK\/AKM. H\u00e5llbar polymer, st\u00e5lbotten. 7,62&#215;39 mm.<\/p>\n","protected":false},"featured_media":577503,"template":"","meta":{"_acf_changed":false},"product_brand":[],"product_cat":[13053,13036],"product_tag":[],"class_list":{"0":"post-577337","1":"product","2":"type-product","3":"status-publish","4":"has-post-thumbnail","6":"product_cat-gevaer","7":"product_cat-gevaersmagasin","9":"first","10":"outofstock","11":"taxable","12":"shipping-taxable","13":"product-type-simple"},"acf":[],"_links":{"self":[{"href":"https:\/\/staging.nbg.eu\/sv\/wp-json\/wp\/v2\/product\/577337","targetHints":{"allow":["GET"]}}],"collection":[{"href":"https:\/\/staging.nbg.eu\/sv\/wp-json\/wp\/v2\/product"}],"about":[{"href":"https:\/\/staging.nbg.eu\/sv\/wp-json\/wp\/v2\/types\/product"}],"wp:featuredmedia":[{"embeddable":true,"href":"https:\/\/staging.nbg.eu\/sv\/wp-json\/wp\/v2\/media\/577503"}],"wp:attachment":[{"href":"https:\/\/staging.nbg.eu\/sv\/wp-json\/wp\/v2\/media?parent=577337"}],"wp:term":[{"taxonomy":"product_brand","embeddable":true,"href":"https:\/\/staging.nbg.eu\/sv\/wp-json\/wp\/v2\/product_brand?post=577337"},{"taxonomy":"product_cat","embeddable":true,"href":"https:\/\/staging.nbg.eu\/sv\/wp-json\/wp\/v2\/product_cat?post=577337"},{"taxonomy":"product_tag","embeddable":true,"href":"https:\/\/staging.nbg.eu\/sv\/wp-json\/wp\/v2\/product_tag?post=577337"}],"curies":[{"name":"wp","href":"https:\/\/api.w.org\/{rel}","templated":true}]}}