{"id":576664,"date":"2025-10-10T15:52:39","date_gmt":"2025-10-10T12:52:39","guid":{"rendered":"https:\/\/staging.nbg.eu\/product\/adapter-single-arta435-52-52mm\/"},"modified":"2025-10-15T12:10:51","modified_gmt":"2025-10-15T09:10:51","slug":"adapter-enkel-arta435-52-52mm","status":"publish","type":"product","link":"https:\/\/staging.nbg.eu\/sv\/produkt\/adapter-enkel-arta435-52-52mm\/","title":{"rendered":"Adapter enkel ARTA435-52, 52mm"},"content":{"rendered":"<div class=\"product-description\">\n<h2>Adapter enkel ARTA435-52, 52mm<\/h2>\n<p>ARTA435-52 \u00e4r en snabbkopplingsadapter f\u00f6r Guide TA &amp; TB v\u00e4rmekameror. Denna 52mm adapter anv\u00e4nds f\u00f6r att ansluta ett dagsiktessikte till en v\u00e4rmekamera.<\/p>\n<h2>Huvudegenskaper:<\/h2>\n<ul>\n<li>Kompatibel med enheter som anv\u00e4nder M33.5&#215;0.75 g\u00e4nga<\/li>\n<li>Tillverkad av aluminium<\/li>\n<li>R\u00f6rliga delar av h\u00e4rdat st\u00e5l<\/li>\n<li>Inre skyddsbel\u00e4ggning<\/li>\n<li>S\u00e4kert grepp och skyddar optiken<\/li>\n<li>Snabbkopplingsmekanism<\/li>\n<\/ul>\n<h2>Kompatibilitet:<\/h2>\n<p>Denna adapter \u00e4r kompatibel med flera v\u00e4rmekameror, inklusive:<\/p>\n<ul>\n<li>Guide TB &amp; TA-serien<\/li>\n<li>Athlon Cronus ATS Pro<\/li>\n<li>Burris BTC50, BTC35 v2 &amp; v3<\/li>\n<li>Steiner Nighthunter C35 Gen I &amp; Gen II<\/li>\n<li>Konus Fiery<\/li>\n<li>Nitehog Viper<\/li>\n<\/ul>\n<p>Kontrollera att siktesobjektivets yttre diameter \u00e4r 52mm f\u00f6re k\u00f6p. F\u00f6r alternativa monteringsalternativ, \u00f6verv\u00e4g v\u00e5ra Picatinny-skenadaptrar i olika h\u00f6jder.<\/p>\n<p>Tillverkad av Rusan-Mikron, denna adapter passar till v\u00e4rmekamerasystem. ARTA435-52-adaptern kan anv\u00e4ndas f\u00f6r jakt eller taktiska \u00e4ndam\u00e5l.<\/p>\n<\/div>\n","protected":false},"excerpt":{"rendered":"<p>52 mm Rusan-adapter f\u00f6r Guide v\u00e4rmeklipps. Snabbkoppling, aluminium.<\/p>\n","protected":false},"featured_media":576739,"template":"","meta":{"_acf_changed":false},"product_brand":[],"product_cat":[12986,13029,12984],"product_tag":[],"class_list":{"0":"post-576664","1":"product","2":"type-product","3":"status-publish","4":"has-post-thumbnail","6":"product_cat-siktestillbehoer","7":"product_cat-siktning","8":"product_cat-termisk","10":"first","11":"outofstock","12":"taxable","13":"shipping-taxable","14":"purchasable","15":"product-type-simple"},"acf":[],"_links":{"self":[{"href":"https:\/\/staging.nbg.eu\/sv\/wp-json\/wp\/v2\/product\/576664","targetHints":{"allow":["GET"]}}],"collection":[{"href":"https:\/\/staging.nbg.eu\/sv\/wp-json\/wp\/v2\/product"}],"about":[{"href":"https:\/\/staging.nbg.eu\/sv\/wp-json\/wp\/v2\/types\/product"}],"wp:featuredmedia":[{"embeddable":true,"href":"https:\/\/staging.nbg.eu\/sv\/wp-json\/wp\/v2\/media\/576739"}],"wp:attachment":[{"href":"https:\/\/staging.nbg.eu\/sv\/wp-json\/wp\/v2\/media?parent=576664"}],"wp:term":[{"taxonomy":"product_brand","embeddable":true,"href":"https:\/\/staging.nbg.eu\/sv\/wp-json\/wp\/v2\/product_brand?post=576664"},{"taxonomy":"product_cat","embeddable":true,"href":"https:\/\/staging.nbg.eu\/sv\/wp-json\/wp\/v2\/product_cat?post=576664"},{"taxonomy":"product_tag","embeddable":true,"href":"https:\/\/staging.nbg.eu\/sv\/wp-json\/wp\/v2\/product_tag?post=576664"}],"curies":[{"name":"wp","href":"https:\/\/api.w.org\/{rel}","templated":true}]}}