{"id":575371,"date":"2025-10-10T12:34:58","date_gmt":"2025-10-10T09:34:58","guid":{"rendered":"https:\/\/staging.nbg.eu\/product\/grips-kmr-l-dotmatrix-short-for-orca-emiq-pink\/"},"modified":"2025-10-15T11:40:27","modified_gmt":"2025-10-15T08:40:27","slug":"grepp-kmr-l-prickmatris-kort-foer-orca-emiq-rosa","status":"publish","type":"product","link":"https:\/\/staging.nbg.eu\/sv\/produkt\/grepp-kmr-l-prickmatris-kort-foer-orca-emiq-rosa\/","title":{"rendered":"GREPP KMR L PRICKMATRIS KORT f\u00f6r ORCA, EMIQ ROSA"},"content":{"rendered":"<div class=\"product-description\">\n<h2>GREPP KMR L DOTMATRIX KORT f\u00f6r ORCA, EMIQ &#8211; ROSA<\/h2>\n<p>Dessa duralumin-grepp fr\u00e5n KMR Precision Arms har ett golfbollsm\u00f6nster f\u00f6r kontroll.<\/p>\n<ul>\n<li>Referens: 0611-03202-0110<\/li>\n<li>F\u00e4rg: Rosa<\/li>\n<li>Storlek: Kort<\/li>\n<li>Material: Anodiserad duralumin<\/li>\n<li>M\u00f6nster: Dotmatrix (golfboll)<\/li>\n<li>Anv\u00e4ndning: Med magasinguide<\/li>\n<li>Inkluderar: Torx-skruvar<\/li>\n<\/ul>\n<p>Passar f\u00f6r uppgradering av pistol eller f\u00f6r t\u00e4vlingsskytte. Kompatibel med KMR L-02 EMIQ, KMR L-02 EMIQ (OR) och KMR L-02 ORCA (till 2023) modeller.<\/p>\n<p>Greppet har en textur f\u00f6r s\u00e4kert grepp. Fr\u00e5n KMR Precision Arms.<\/p>\n<\/div>\n","protected":false},"excerpt":{"rendered":"<p>Rosa KMR-grepp i duralumin f\u00f6r ORCA, EMIQ. Golfbollsm\u00f6nster, kort.<\/p>\n","protected":false},"featured_media":575388,"template":"","meta":{"_acf_changed":false},"product_brand":[],"product_cat":[13005],"product_tag":[],"class_list":{"0":"post-575371","1":"product","2":"type-product","3":"status-publish","4":"has-post-thumbnail","6":"product_cat-kmr-delar","8":"first","9":"instock","10":"taxable","11":"shipping-taxable","12":"purchasable","13":"product-type-simple"},"acf":[],"_links":{"self":[{"href":"https:\/\/staging.nbg.eu\/sv\/wp-json\/wp\/v2\/product\/575371","targetHints":{"allow":["GET"]}}],"collection":[{"href":"https:\/\/staging.nbg.eu\/sv\/wp-json\/wp\/v2\/product"}],"about":[{"href":"https:\/\/staging.nbg.eu\/sv\/wp-json\/wp\/v2\/types\/product"}],"wp:featuredmedia":[{"embeddable":true,"href":"https:\/\/staging.nbg.eu\/sv\/wp-json\/wp\/v2\/media\/575388"}],"wp:attachment":[{"href":"https:\/\/staging.nbg.eu\/sv\/wp-json\/wp\/v2\/media?parent=575371"}],"wp:term":[{"taxonomy":"product_brand","embeddable":true,"href":"https:\/\/staging.nbg.eu\/sv\/wp-json\/wp\/v2\/product_brand?post=575371"},{"taxonomy":"product_cat","embeddable":true,"href":"https:\/\/staging.nbg.eu\/sv\/wp-json\/wp\/v2\/product_cat?post=575371"},{"taxonomy":"product_tag","embeddable":true,"href":"https:\/\/staging.nbg.eu\/sv\/wp-json\/wp\/v2\/product_tag?post=575371"}],"curies":[{"name":"wp","href":"https:\/\/api.w.org\/{rel}","templated":true}]}}