{"id":574730,"date":"2025-10-10T12:34:45","date_gmt":"2025-10-10T09:34:45","guid":{"rendered":"https:\/\/staging.nbg.eu\/product\/trigger-kmr-sa-da-straight-from-2024\/"},"modified":"2025-10-15T11:10:40","modified_gmt":"2025-10-15T08:10:40","slug":"avtryckare-kmr-sada-raet-fran-2024","status":"publish","type":"product","link":"https:\/\/staging.nbg.eu\/sv\/produkt\/avtryckare-kmr-sada-raet-fran-2024\/","title":{"rendered":"AVTRYCKARE KMR SA\/DA R\u00c4T (fr\u00e5n 2024)"},"content":{"rendered":"<h2>AVTRYCKARE KMR SA\/DA RAK (fr\u00e5n 2024)<\/h2>\n<h2>Referens: 0861-02301-0900<\/h2>\n<h3>M\u00e4rke: KMR Precision Arms<\/h3>\n<p>AVTRYCKARE KMR SA\/DA RAK \u00e4r utformad f\u00f6r KMR-pistoler tillverkade fr\u00e5n 2024 och fram\u00e5t. Denna ers\u00e4ttningsavtryckare \u00e4r kompatibel med b\u00e5de aluminium- och st\u00e5lramsmodeller.<\/p>\n<ul>\n<li>Rak avtryckardesign<\/li>\n<li>Kompatibel med 3 mm avtryckarstift<\/li>\n<li>Fungerar med L SA\/DA eller W SA\/DA avtryckarst\u00e5ng<\/li>\n<li>Tillverkad av st\u00e5l<\/li>\n<li>Passar KMR-modeller: L-02 SPECTRA, L-02 UMBRA, S-01 LANCE (OR), S-02 och W-02 UMBRA<\/li>\n<\/ul>\n<p>Denna raka avtryckare \u00e4r utformad f\u00f6r anv\u00e4ndning i b\u00e5de enkel- och dubbelverkande l\u00e4gen. Den passar KMR-pistoler.<\/p>\n","protected":false},"excerpt":{"rendered":"<p>Rak SA\/DA-avtryckare i st\u00e5l f\u00f6r KMR-pistoler fr\u00e5n 2024. Kompatibel med 3mm sprint.<\/p>\n","protected":false},"featured_media":574766,"template":"","meta":{"_acf_changed":false},"product_brand":[],"product_cat":[13005],"product_tag":[],"class_list":{"0":"post-574730","1":"product","2":"type-product","3":"status-publish","4":"has-post-thumbnail","6":"product_cat-kmr-delar","8":"first","9":"instock","10":"taxable","11":"shipping-taxable","12":"purchasable","13":"product-type-simple"},"acf":[],"_links":{"self":[{"href":"https:\/\/staging.nbg.eu\/sv\/wp-json\/wp\/v2\/product\/574730","targetHints":{"allow":["GET"]}}],"collection":[{"href":"https:\/\/staging.nbg.eu\/sv\/wp-json\/wp\/v2\/product"}],"about":[{"href":"https:\/\/staging.nbg.eu\/sv\/wp-json\/wp\/v2\/types\/product"}],"wp:featuredmedia":[{"embeddable":true,"href":"https:\/\/staging.nbg.eu\/sv\/wp-json\/wp\/v2\/media\/574766"}],"wp:attachment":[{"href":"https:\/\/staging.nbg.eu\/sv\/wp-json\/wp\/v2\/media?parent=574730"}],"wp:term":[{"taxonomy":"product_brand","embeddable":true,"href":"https:\/\/staging.nbg.eu\/sv\/wp-json\/wp\/v2\/product_brand?post=574730"},{"taxonomy":"product_cat","embeddable":true,"href":"https:\/\/staging.nbg.eu\/sv\/wp-json\/wp\/v2\/product_cat?post=574730"},{"taxonomy":"product_tag","embeddable":true,"href":"https:\/\/staging.nbg.eu\/sv\/wp-json\/wp\/v2\/product_tag?post=574730"}],"curies":[{"name":"wp","href":"https:\/\/api.w.org\/{rel}","templated":true}]}}