{"id":57297,"date":"2024-02-20T20:01:55","date_gmt":"2024-09-13T14:29:52","guid":{"rendered":"https:\/\/staging.nbg.eu\/product\/geissele-ar15-super-precision-34mm-extended\/"},"modified":"2024-09-13T14:31:14","modified_gmt":"2024-09-13T14:31:14","slug":"geissele-ar15-super-precision-34mm-foerlaengd","status":"publish","type":"product","link":"https:\/\/staging.nbg.eu\/sv\/produkt\/geissele-ar15-super-precision-34mm-foerlaengd\/","title":{"rendered":"Geissele AR15 Super Precision\u00ae 34mm, F\u00f6rl\u00e4ngd"},"content":{"rendered":"<div class=\"product-description\">\n<h2>Geissele AR15 Super Precision\u00ae 34mm, F\u00f6rl\u00e4ngd<\/h2>\n<p>F\u00f6rb\u00e4ttra precisionen p\u00e5 din AR-15\/M4 med Geissele Super Precision\u00ae 34mm F\u00f6rl\u00e4ngd Kikarsikte F\u00e4ste. Detta f\u00e4ste har f\u00f6ljande egenskaper:<\/p>\n<ul>\n<li>7 picatinny-sektioner med 4 skjuvklackar f\u00f6r \u00f6kad stabilitet<\/li>\n<li>Mutter- och bultsp\u00e4nnsystem som ger 1 400 lbs kraft per par<\/li>\n<li>Tillverkad av ett stycke 7075-T6 h\u00f6gh\u00e5llfast aluminiumg\u00f6t<\/li>\n<li>F\u00f6rb\u00e4ttrad styvhet genom strategisk urfr\u00e4sning och f\u00f6rst\u00e4rkning<\/li>\n<li>Linjeborradelock f\u00f6r perfekt kikarsiktepassning och skydd<\/li>\n<li>Serienumrerade lock f\u00f6r garanterad inriktning<\/li>\n<li>M\u00e5ngsidig design som passar olika typer av kikarsikten<\/li>\n<\/ul>\n<p>Geisseles precisionstillverkning ger noggrann \u00e5terg\u00e5ng till nollpunkt och h\u00e5llbarhet.<\/p>\n<\/div>\n","protected":false},"excerpt":{"rendered":"<p>Precisionsutformad 34 mm AR-15-kikarsikte f\u00f6r o\u00f6vertr\u00e4ffad stabilitet.<\/p>\n","protected":false},"featured_media":57299,"template":"","meta":{"_acf_changed":false},"product_brand":[11396],"product_cat":[13053],"product_tag":[],"class_list":{"0":"post-57297","1":"product","2":"type-product","3":"status-publish","4":"has-post-thumbnail","6":"product_brand-geissele","7":"product_cat-gevaer","9":"first","10":"instock","11":"taxable","12":"shipping-taxable","13":"product-type-variable","14":"wvs-archive-product-wrapper"},"acf":[],"_links":{"self":[{"href":"https:\/\/staging.nbg.eu\/sv\/wp-json\/wp\/v2\/product\/57297","targetHints":{"allow":["GET"]}}],"collection":[{"href":"https:\/\/staging.nbg.eu\/sv\/wp-json\/wp\/v2\/product"}],"about":[{"href":"https:\/\/staging.nbg.eu\/sv\/wp-json\/wp\/v2\/types\/product"}],"wp:featuredmedia":[{"embeddable":true,"href":"https:\/\/staging.nbg.eu\/sv\/wp-json\/wp\/v2\/media\/57299"}],"wp:attachment":[{"href":"https:\/\/staging.nbg.eu\/sv\/wp-json\/wp\/v2\/media?parent=57297"}],"wp:term":[{"taxonomy":"product_brand","embeddable":true,"href":"https:\/\/staging.nbg.eu\/sv\/wp-json\/wp\/v2\/product_brand?post=57297"},{"taxonomy":"product_cat","embeddable":true,"href":"https:\/\/staging.nbg.eu\/sv\/wp-json\/wp\/v2\/product_cat?post=57297"},{"taxonomy":"product_tag","embeddable":true,"href":"https:\/\/staging.nbg.eu\/sv\/wp-json\/wp\/v2\/product_tag?post=57297"}],"curies":[{"name":"wp","href":"https:\/\/api.w.org\/{rel}","templated":true}]}}