{"id":572777,"date":"2025-10-10T23:44:24","date_gmt":"2025-10-10T20:44:24","guid":{"rendered":"https:\/\/staging.nbg.eu\/product\/e-arthur-brown-company-inc-knob-s-lever-for-harris-type-bipods\/"},"modified":"2025-10-15T00:50:03","modified_gmt":"2025-10-14T21:50:03","slug":"e-arthur-brown-company-inc-ratt-s-spak-foer-harris-typ-benpipor","status":"publish","type":"product","link":"https:\/\/staging.nbg.eu\/sv\/produkt\/e-arthur-brown-company-inc-ratt-s-spak-foer-harris-typ-benpipor\/","title":{"rendered":"E. ARTHUR BROWN COMPANY, INC. RATT S-SPAK F\u00d6R HARRIS-TYP BENPIPOR"},"content":{"rendered":"<h2>E. Arthur Brown Company S-Lever\u00ae Sp\u00e4nnare<\/h2>\n<p>Uppgradera din Harris-typ eller Caldwell XLA tv\u00e5benst\u00f6d med S-Lever\u00ae Sp\u00e4nnare. Denna ers\u00e4ttning f\u00f6r standardfriktionsknappen erbjuder:<\/p>\n<ul>\n<li>F\u00f6rb\u00e4ttrad kontroll f\u00f6r lutningsjusteringar<\/li>\n<li>M\u00f6jlighet till finjustering f\u00f6r exakt positionering<\/li>\n<li>Konstruktion av fiberf\u00f6rst\u00e4rkt nylon<\/li>\n<li>Design som b\u00f6jer sig eller g\u00e5r s\u00f6nder under extrem belastning<\/li>\n<li>Enkel installation med medf\u00f6ljande instruktioner<\/li>\n<li>Tillverkad i USA<\/li>\n<\/ul>\n<p>Utformad f\u00f6r S-typ Harris och Caldwell XLA tv\u00e5benst\u00f6d. Denna svarta aluminiumspak m\u00f6jligg\u00f6r snabba justeringar av tv\u00e5benst\u00f6det i f\u00e4lt. E. Arthur Brown Company S-Lever\u00ae Sp\u00e4nnare.<\/p>\n","protected":false},"excerpt":{"rendered":"<p>Ergonomisk S-spak f\u00f6r enkel justering av tv\u00e5fotsst\u00e4llets lutning p\u00e5 Harris-liknande tv\u00e5fotsstativ.<\/p>\n","protected":false},"featured_media":572928,"template":"","meta":{"_acf_changed":false},"product_brand":[],"product_cat":[13046],"product_tag":[],"class_list":{"0":"post-572777","1":"product","2":"type-product","3":"status-publish","4":"has-post-thumbnail","6":"product_cat-tvabenstoed","8":"first","9":"instock","10":"taxable","11":"shipping-taxable","12":"purchasable","13":"product-type-simple"},"acf":[],"_links":{"self":[{"href":"https:\/\/staging.nbg.eu\/sv\/wp-json\/wp\/v2\/product\/572777","targetHints":{"allow":["GET"]}}],"collection":[{"href":"https:\/\/staging.nbg.eu\/sv\/wp-json\/wp\/v2\/product"}],"about":[{"href":"https:\/\/staging.nbg.eu\/sv\/wp-json\/wp\/v2\/types\/product"}],"wp:featuredmedia":[{"embeddable":true,"href":"https:\/\/staging.nbg.eu\/sv\/wp-json\/wp\/v2\/media\/572928"}],"wp:attachment":[{"href":"https:\/\/staging.nbg.eu\/sv\/wp-json\/wp\/v2\/media?parent=572777"}],"wp:term":[{"taxonomy":"product_brand","embeddable":true,"href":"https:\/\/staging.nbg.eu\/sv\/wp-json\/wp\/v2\/product_brand?post=572777"},{"taxonomy":"product_cat","embeddable":true,"href":"https:\/\/staging.nbg.eu\/sv\/wp-json\/wp\/v2\/product_cat?post=572777"},{"taxonomy":"product_tag","embeddable":true,"href":"https:\/\/staging.nbg.eu\/sv\/wp-json\/wp\/v2\/product_tag?post=572777"}],"curies":[{"name":"wp","href":"https:\/\/api.w.org\/{rel}","templated":true}]}}