{"id":56840,"date":"2024-02-20T20:12:58","date_gmt":"2024-09-13T13:32:39","guid":{"rendered":"https:\/\/staging.nbg.eu\/product\/geissele-super-precision-scope-mount-30mm-for-ar-15-vortex-1-6\/"},"modified":"2024-09-13T13:33:41","modified_gmt":"2024-09-13T13:33:41","slug":"geissele-super-precision-kikarsiktesfaeste-30mm-foer-ar-15-vortex-1-6","status":"publish","type":"product","link":"https:\/\/staging.nbg.eu\/sv\/produkt\/geissele-super-precision-kikarsiktesfaeste-30mm-foer-ar-15-vortex-1-6\/","title":{"rendered":"Geissele Super Precision Kikarsiktesf\u00e4ste 30mm, f\u00f6r AR-15 (Vortex 1-6)"},"content":{"rendered":"<div class=\"description-text\">\n<div class=\"exerpt\">\n<p>Denna AR-15 siktesf\u00e4ste \u00e4r en del av Geissele SOPMOD-certifierade serien och inneh\u00e5ller Geissele-produkter som f\u00f6r n\u00e4rvarande anv\u00e4nds av milit\u00e4ra och antiterrorenheter inom U.S. Special Operations Command (USSOCOM). SOPMOD \u00e4r ett USSOCOM-program som l\u00e5ter specialoperationspersonal konfigurera sina vapen efter individuella preferenser och uppdragskrav. Programmet \u00e4r ett godk\u00e4nt tillbeh\u00f6rssystem f\u00f6r M4A1-karbinen, FN SCAR Mk 16\/17 och andra vapen som anv\u00e4nds av USSOCOM. Varje Geissele-artikel i Geissele SOPMOD-serien har genomg\u00e5tt rigor\u00f6s testning och certifiering av den amerikanska regeringen genom USSOCOM. Dessa siktesf\u00e4sten \u00e4r tillverkade av ett enda 2 kg block av flygplanskvalitet 7075-T6 billetaluminium.<\/p>\n<p>De individuellt numrerade siktesk\u00e5porna \u00e4r linjeborade med kroppen och skapade i en enda operation, vilket ger b\u00e4sta m\u00f6jliga passform till optikens kropp. Geissele-f\u00e4sten l\u00e5ses p\u00e5 plats med hj\u00e4lp av det klassiska, bepr\u00f6vade mutter- och kl\u00e4msystemet, som ger 635 kg kl\u00e4mkraft per mutter. Detta system ger upp till 3 g\u00e5nger mer kl\u00e4mkraft \u00e4n n\u00e5got spaksystem, medan precisionsbearbetade skjuvluggar hj\u00e4lper till att l\u00e5sa optiken p\u00e5 plats p\u00e5 mottagaren under rekyl. Monteringsytan str\u00e4cker sig \u00f6ver 8 picatinny-sektioner.<\/p>\n<h2 style=\"text-align: center\"><strong>&#8212; SPECIFIKATIONER &#8212;<\/strong><\/h2>\n<table border=\"1\">\n<tbody>\n<tr>\n<td><strong>MATERIAL: <\/strong><\/td>\n<td> 7075-T6<\/td>\n<\/tr>\n<tr>\n<td><strong>F\u00c4RG: <\/strong><\/td>\n<td> Svart<\/td>\n<\/tr>\n<tr>\n<td><strong>YTBEHANDLING: <\/strong><\/td>\n<td> Typ-3 h\u00e5rdanodisering<\/td>\n<\/tr>\n<tr>\n<td><strong>VIKT: <\/strong><\/td>\n<td> 201 g<\/td>\n<\/tr>\n<tr>\n<td><strong>RINGSTORLEK: <\/strong><\/td>\n<td> 30mm<\/td>\n<\/tr>\n<\/tbody>\n<\/table>\n<\/div>\n<\/div>\n","protected":false},"excerpt":{"rendered":"<p><strong>Del av Geissele SOPMOD-certifierade serie<\/strong><\/p>\n","protected":false},"featured_media":56841,"template":"","meta":{"_acf_changed":false},"product_brand":[11396],"product_cat":[13053],"product_tag":[],"class_list":{"0":"post-56840","1":"product","2":"type-product","3":"status-publish","4":"has-post-thumbnail","6":"product_brand-geissele","7":"product_cat-gevaer","9":"first","10":"instock","11":"taxable","12":"shipping-taxable","13":"product-type-variable","14":"wvs-archive-product-wrapper"},"acf":[],"_links":{"self":[{"href":"https:\/\/staging.nbg.eu\/sv\/wp-json\/wp\/v2\/product\/56840","targetHints":{"allow":["GET"]}}],"collection":[{"href":"https:\/\/staging.nbg.eu\/sv\/wp-json\/wp\/v2\/product"}],"about":[{"href":"https:\/\/staging.nbg.eu\/sv\/wp-json\/wp\/v2\/types\/product"}],"wp:featuredmedia":[{"embeddable":true,"href":"https:\/\/staging.nbg.eu\/sv\/wp-json\/wp\/v2\/media\/56841"}],"wp:attachment":[{"href":"https:\/\/staging.nbg.eu\/sv\/wp-json\/wp\/v2\/media?parent=56840"}],"wp:term":[{"taxonomy":"product_brand","embeddable":true,"href":"https:\/\/staging.nbg.eu\/sv\/wp-json\/wp\/v2\/product_brand?post=56840"},{"taxonomy":"product_cat","embeddable":true,"href":"https:\/\/staging.nbg.eu\/sv\/wp-json\/wp\/v2\/product_cat?post=56840"},{"taxonomy":"product_tag","embeddable":true,"href":"https:\/\/staging.nbg.eu\/sv\/wp-json\/wp\/v2\/product_tag?post=56840"}],"curies":[{"name":"wp","href":"https:\/\/api.w.org\/{rel}","templated":true}]}}