{"id":56563,"date":"2024-02-20T20:21:46","date_gmt":"2024-09-13T13:27:08","guid":{"rendered":"https:\/\/staging.nbg.eu\/product\/geissele-super-precision-zero-compromise-scope-mount-36mm-black\/"},"modified":"2024-09-13T13:28:09","modified_gmt":"2024-09-13T13:28:09","slug":"geissele-super-precision-zero-compromise-kikarsiktesfaeste-36mm-svart","status":"publish","type":"product","link":"https:\/\/staging.nbg.eu\/sv\/produkt\/geissele-super-precision-zero-compromise-kikarsiktesfaeste-36mm-svart\/","title":{"rendered":"Geissele Super Precision\u00ae &#8211; Zero Compromise Kikarsiktesf\u00e4ste, 36mm &#8211; Svart"},"content":{"rendered":"<div class=\"product-description\">\n<h2>Geissele Super Precision\u00ae &#8211; Kikarf\u00e4ste f\u00f6r Zero Compromise, 36mm &#8211; Svart<\/h2>\n<p>Utformad f\u00f6r Zero Compromise ZC420 Optik-serien. Detta f\u00e4ste \u00e4r avsett f\u00f6r l\u00e5ngdistansskytte. Egenskaper inkluderar:<\/p>\n<ul>\n<li>20 MOA (5,7 MIL) inbyggd lutning f\u00f6r ut\u00f6kade h\u00f6jdjusteringar<\/li>\n<li>2,5&#8243; f\u00f6rl\u00e4ngd konsoldesign f\u00f6r optimal \u00f6gonavst\u00e5nd<\/li>\n<li>Precisionsfr\u00e4sta skjuvklackar f\u00f6r stabilitet<\/li>\n<li>1 400 lbs kl\u00e4mkraft med Geisseles uppdaterade mutter- och bultsystem<\/li>\n<li>Snabb installation och borttagning med vanliga verktyg<\/li>\n<li>M\u00f6jlighet att \u00e5terg\u00e5 till nollpunkten<\/li>\n<li>Kompakt utformning<\/li>\n<\/ul>\n<p>Geissele Super Precision\u00ae Zero Compromise kikarf\u00e4ste.<\/p>\n<\/div>\n","protected":false},"excerpt":{"rendered":"<p>Robust 36 mm kikarsiktemontage f\u00f6r extremt l\u00e5ngdistansskytte med h\u00f6g precision.<\/p>\n","protected":false},"featured_media":56564,"template":"","meta":{"_acf_changed":false},"product_brand":[11396],"product_cat":[13053],"product_tag":[],"class_list":{"0":"post-56563","1":"product","2":"type-product","3":"status-publish","4":"has-post-thumbnail","6":"product_brand-geissele","7":"product_cat-gevaer","9":"first","10":"instock","11":"taxable","12":"shipping-taxable","13":"product-type-simple"},"acf":[],"_links":{"self":[{"href":"https:\/\/staging.nbg.eu\/sv\/wp-json\/wp\/v2\/product\/56563","targetHints":{"allow":["GET"]}}],"collection":[{"href":"https:\/\/staging.nbg.eu\/sv\/wp-json\/wp\/v2\/product"}],"about":[{"href":"https:\/\/staging.nbg.eu\/sv\/wp-json\/wp\/v2\/types\/product"}],"wp:featuredmedia":[{"embeddable":true,"href":"https:\/\/staging.nbg.eu\/sv\/wp-json\/wp\/v2\/media\/56564"}],"wp:attachment":[{"href":"https:\/\/staging.nbg.eu\/sv\/wp-json\/wp\/v2\/media?parent=56563"}],"wp:term":[{"taxonomy":"product_brand","embeddable":true,"href":"https:\/\/staging.nbg.eu\/sv\/wp-json\/wp\/v2\/product_brand?post=56563"},{"taxonomy":"product_cat","embeddable":true,"href":"https:\/\/staging.nbg.eu\/sv\/wp-json\/wp\/v2\/product_cat?post=56563"},{"taxonomy":"product_tag","embeddable":true,"href":"https:\/\/staging.nbg.eu\/sv\/wp-json\/wp\/v2\/product_tag?post=56563"}],"curies":[{"name":"wp","href":"https:\/\/api.w.org\/{rel}","templated":true}]}}