{"id":56135,"date":"2024-01-30T18:03:59","date_gmt":"2024-09-13T13:19:38","guid":{"rendered":"https:\/\/staging.nbg.eu\/product\/fox-classic-hunter-30-multiple-gr\/"},"modified":"2024-09-13T13:20:48","modified_gmt":"2024-09-13T13:20:48","slug":"fox-classic-hunter-30-flera-gr","status":"publish","type":"product","link":"https:\/\/staging.nbg.eu\/sv\/produkt\/fox-classic-hunter-30-flera-gr\/","title":{"rendered":"Fox Classic Hunter .30 (Flera gr)"},"content":{"rendered":"<div class=\"product-description\">\n<h2>Fox Classic Hunter<\/h2>\n<p>Fox Classic Hunter \u00e4r en blyfri kula avsedd f\u00f6r europeiska j\u00e4gare i olika jaktscenarier. Den h\u00e4r kulan av koppar-zinklegering \u00e4r l\u00e4mplig f\u00f6r b\u00e5de drivjakt p\u00e5 vildsvin och jakt p\u00e5 gems i bergen.<\/p>\n<ul>\n<li>Blyfri sammans\u00e4ttning<\/li>\n<li>Deformation vid l\u00e4gre anslagshastigheter (500 m\/s)<\/li>\n<li>R\u00e4fflad design f\u00f6r minskat piptrykck och \u00f6kad hastighet<\/li>\n<li>V\u00e4rmestabil plastspets f\u00f6rb\u00e4ttrar ballistik och verkan i m\u00e5let<\/li>\n<li>Kontrollerad expansion f\u00f6r energi\u00f6verf\u00f6ring<\/li>\n<li>Svampformad deformation upp till tv\u00e5 g\u00e5nger kaliberdiametern<\/li>\n<li>H\u00f6g stoppkraft med minimal k\u00f6ttkada<\/li>\n<\/ul>\n<p>Fox Classic Hunter \u00e4r l\u00e4mplig f\u00f6r jakt i Europa.<\/p>\n<\/div>\n","protected":false},"excerpt":{"rendered":"<p>Blyfri koppar-zink kula f\u00f6r m\u00e5ngsidig jakt. Snabb expansion, h\u00f6g precision.<\/p>\n","protected":false},"featured_media":56136,"template":"","meta":{"_acf_changed":false},"product_brand":[11351],"product_cat":[13049],"product_tag":[],"class_list":{"0":"post-56135","1":"product","2":"type-product","3":"status-publish","4":"has-post-thumbnail","6":"product_brand-fox-bullets","7":"product_cat-omladdning","9":"first","10":"instock","11":"taxable","12":"shipping-taxable","13":"purchasable","14":"product-type-variable","15":"wvs-archive-product-wrapper"},"acf":[],"_links":{"self":[{"href":"https:\/\/staging.nbg.eu\/sv\/wp-json\/wp\/v2\/product\/56135","targetHints":{"allow":["GET"]}}],"collection":[{"href":"https:\/\/staging.nbg.eu\/sv\/wp-json\/wp\/v2\/product"}],"about":[{"href":"https:\/\/staging.nbg.eu\/sv\/wp-json\/wp\/v2\/types\/product"}],"wp:featuredmedia":[{"embeddable":true,"href":"https:\/\/staging.nbg.eu\/sv\/wp-json\/wp\/v2\/media\/56136"}],"wp:attachment":[{"href":"https:\/\/staging.nbg.eu\/sv\/wp-json\/wp\/v2\/media?parent=56135"}],"wp:term":[{"taxonomy":"product_brand","embeddable":true,"href":"https:\/\/staging.nbg.eu\/sv\/wp-json\/wp\/v2\/product_brand?post=56135"},{"taxonomy":"product_cat","embeddable":true,"href":"https:\/\/staging.nbg.eu\/sv\/wp-json\/wp\/v2\/product_cat?post=56135"},{"taxonomy":"product_tag","embeddable":true,"href":"https:\/\/staging.nbg.eu\/sv\/wp-json\/wp\/v2\/product_tag?post=56135"}],"curies":[{"name":"wp","href":"https:\/\/api.w.org\/{rel}","templated":true}]}}