{"id":55561,"date":"2024-02-28T08:15:21","date_gmt":"2024-09-13T13:12:37","guid":{"rendered":"https:\/\/staging.nbg.eu\/product\/fox-ammunition-65x55se-123-gr\/"},"modified":"2024-09-13T13:13:47","modified_gmt":"2024-09-13T13:13:47","slug":"fox-ammunition-65x55se-123-gr","status":"publish","type":"product","link":"https:\/\/staging.nbg.eu\/sv\/produkt\/fox-ammunition-65x55se-123-gr\/","title":{"rendered":"Fox Ammunition 6,5x55SE (123 gr)"},"content":{"rendered":"<div class=\"product-description\">\n<h2>Fox Classic Hunter Ammunition<\/h2>\n<p>Fox Classic Hunter-kulor \u00e4r blyfria, avsedda f\u00f6r alla europeiska jaktscenarier. De \u00e4r tillverkade av koppar-zinklegering och erbjuder:<\/p>\n<ul>\n<li>Prestanda f\u00f6r b\u00e5de n\u00e4rjakt p\u00e5 vildsvin och l\u00e5ngdistansskott i bergen<\/li>\n<li>Deformation vid l\u00e4gre anslagshastigheter (500 m\/s)<\/li>\n<li>R\u00e4fflad design f\u00f6r minskat pipstryck och \u00f6kad hastighet<\/li>\n<li>V\u00e4rmestabil plastspets f\u00f6r f\u00f6rb\u00e4ttrad ballistik och anslagsverkan<\/li>\n<li>Kontrollerad expansion f\u00f6r energi\u00f6verf\u00f6ring och stoppkraft<\/li>\n<li>Svampformad deformation upp till dubbla kaliberdiametern<\/li>\n<li>95%+ massretention under normala penetrationsf\u00f6rh\u00e5llanden<\/li>\n<li>Bevarar k\u00f6ttkvaliteten<\/li>\n<\/ul>\n<p>Fox Classic Hunter ammunition f\u00f6r jakt.<\/p>\n<\/div>\n","protected":false},"excerpt":{"rendered":"<p>Blyfri ammunition f\u00f6r m\u00e5ngsidig europeisk jakt. Precis och effektiv.<\/p>\n","protected":false},"featured_media":55569,"template":"","meta":{"_acf_changed":false},"product_brand":[11351],"product_cat":[13028,13065],"product_tag":[],"class_list":{"0":"post-55561","1":"product","2":"type-product","3":"status-publish","4":"has-post-thumbnail","6":"product_brand-fox-bullets","7":"product_cat-ammunition","8":"product_cat-gevaersammunition","10":"first","11":"instock","12":"taxable","13":"shipping-taxable","14":"purchasable","15":"product-type-simple"},"acf":[],"_links":{"self":[{"href":"https:\/\/staging.nbg.eu\/sv\/wp-json\/wp\/v2\/product\/55561","targetHints":{"allow":["GET"]}}],"collection":[{"href":"https:\/\/staging.nbg.eu\/sv\/wp-json\/wp\/v2\/product"}],"about":[{"href":"https:\/\/staging.nbg.eu\/sv\/wp-json\/wp\/v2\/types\/product"}],"wp:featuredmedia":[{"embeddable":true,"href":"https:\/\/staging.nbg.eu\/sv\/wp-json\/wp\/v2\/media\/55569"}],"wp:attachment":[{"href":"https:\/\/staging.nbg.eu\/sv\/wp-json\/wp\/v2\/media?parent=55561"}],"wp:term":[{"taxonomy":"product_brand","embeddable":true,"href":"https:\/\/staging.nbg.eu\/sv\/wp-json\/wp\/v2\/product_brand?post=55561"},{"taxonomy":"product_cat","embeddable":true,"href":"https:\/\/staging.nbg.eu\/sv\/wp-json\/wp\/v2\/product_cat?post=55561"},{"taxonomy":"product_tag","embeddable":true,"href":"https:\/\/staging.nbg.eu\/sv\/wp-json\/wp\/v2\/product_tag?post=55561"}],"curies":[{"name":"wp","href":"https:\/\/api.w.org\/{rel}","templated":true}]}}