{"id":554511,"date":"2025-09-05T18:19:19","date_gmt":"2025-09-05T15:19:19","guid":{"rendered":"https:\/\/staging.nbg.eu\/product\/magpul-enhanced-ejection-port-cover-for-ar-15\/"},"modified":"2025-10-01T16:38:27","modified_gmt":"2025-10-01T13:38:27","slug":"magpul-foerstaerkt-utkastarportskydd-foer-ar-15","status":"publish","type":"product","link":"https:\/\/staging.nbg.eu\/sv\/produkt\/magpul-foerstaerkt-utkastarportskydd-foer-ar-15\/","title":{"rendered":"MAGPUL F\u00d6RST\u00c4RKT UTKASTARPORTSKYDD F\u00d6R AR-15"},"content":{"rendered":"<div class=\"product-description\">\n<h2>Magpul F\u00f6rb\u00e4ttrat Utkastar\u00f6ppningslock f\u00f6r AR-15<\/h2>\n<p>Magpul F\u00f6rb\u00e4ttrat Utkastar\u00f6ppningslock \u00e4r en komponent f\u00f6r AR-15. Detta dammskydd har f\u00f6ljande egenskaper:<\/p>\n<ul>\n<li>Korrosionsbest\u00e4ndig och st\u00f6tt\u00e5lig polymer konstruktion<\/li>\n<li>Enkel installation utan att ta bort handskydd, pipa, c-kl\u00e4mmor eller fj\u00e4drar<\/li>\n<li>Kompatibel med .223 Remington\/5.56 kaliber AR-15 plattformar<\/li>\n<li>Svart finish<\/li>\n<\/ul>\n<p>Magpul F\u00f6rb\u00e4ttrat Utkastar\u00f6ppningslock erbjuder enkel installation och underh\u00e5ll f\u00f6r din AR-15. Detta tillbeh\u00f6r kombinerar funktionalitet och enkelhet.<\/p>\n<\/div>\n","protected":false},"excerpt":{"rendered":"<p>P\u00e5sn\u00e4ppbar, korrosionsbest\u00e4ndig dammskydd f\u00f6r AR-15. Enkel installation.<\/p>\n","protected":false},"featured_media":499458,"template":"","meta":{"_acf_changed":false},"product_brand":[],"product_cat":[13014,13053,13002],"product_tag":[],"class_list":{"0":"post-554511","1":"product","2":"type-product","3":"status-publish","4":"has-post-thumbnail","6":"product_cat-ar-justering","7":"product_cat-gevaer","8":"product_cat-gevaersjustering","10":"first","11":"instock","12":"taxable","13":"shipping-taxable","14":"purchasable","15":"product-type-simple"},"acf":[],"_links":{"self":[{"href":"https:\/\/staging.nbg.eu\/sv\/wp-json\/wp\/v2\/product\/554511","targetHints":{"allow":["GET"]}}],"collection":[{"href":"https:\/\/staging.nbg.eu\/sv\/wp-json\/wp\/v2\/product"}],"about":[{"href":"https:\/\/staging.nbg.eu\/sv\/wp-json\/wp\/v2\/types\/product"}],"wp:featuredmedia":[{"embeddable":true,"href":"https:\/\/staging.nbg.eu\/sv\/wp-json\/wp\/v2\/media\/499458"}],"wp:attachment":[{"href":"https:\/\/staging.nbg.eu\/sv\/wp-json\/wp\/v2\/media?parent=554511"}],"wp:term":[{"taxonomy":"product_brand","embeddable":true,"href":"https:\/\/staging.nbg.eu\/sv\/wp-json\/wp\/v2\/product_brand?post=554511"},{"taxonomy":"product_cat","embeddable":true,"href":"https:\/\/staging.nbg.eu\/sv\/wp-json\/wp\/v2\/product_cat?post=554511"},{"taxonomy":"product_tag","embeddable":true,"href":"https:\/\/staging.nbg.eu\/sv\/wp-json\/wp\/v2\/product_tag?post=554511"}],"curies":[{"name":"wp","href":"https:\/\/api.w.org\/{rel}","templated":true}]}}