{"id":554302,"date":"2025-09-06T16:21:27","date_gmt":"2025-09-06T13:21:27","guid":{"rendered":"https:\/\/staging.nbg.eu\/product\/armazone-q-r-viper-30mm\/"},"modified":"2025-10-01T16:26:49","modified_gmt":"2025-10-01T13:26:49","slug":"ram-q-r-viper-30mm","status":"publish","type":"product","link":"https:\/\/staging.nbg.eu\/sv\/produkt\/ram-q-r-viper-30mm\/","title":{"rendered":"Ram Q-R Viper 30mm"},"content":{"rendered":"<h2>Armazone Q-R Viper 30mm<\/h2>\n<p>Armazone Q-R Viper 30mm \u00e4r en QR-adapter f\u00f6r enheter med M33.5\u00d70.75 g\u00e4nga. Denna adapter m\u00f6jligg\u00f6r integration av m\u00f6rkerseende eller v\u00e4rmekameror med dagssikten.<\/p>\n<h2>Funktioner:<\/h2>\n<ul>\n<li>Snabbl\u00e5sspak f\u00f6r montering och borttagning<\/li>\n<li>Justering och installation utan verktyg<\/li>\n<li>ArmaZone-tejp f\u00f6r ljudreducering vid montering och skjutning<\/li>\n<li>Kompatibel med Nitehog v\u00e4rmekameratillbeh\u00f6r<\/li>\n<li>Kompenserar f\u00f6r upp till 1mm ned\u00e5triktad avb\u00f6jning<\/li>\n<\/ul>\n<p>Armazone Q-R Viper 30mm \u00e4r en l\u00f6sning f\u00f6r skyttar och j\u00e4gare som beh\u00f6ver f\u00f6rb\u00e4ttrad nattkapacitet.<\/p>\n","protected":false},"excerpt":{"rendered":"<p>Snabbf\u00e4stesadapter f\u00f6r termiska enheter p\u00e5 Nitehog-kikarsikten. Verktygsfri.<\/p>\n","protected":false},"featured_media":499547,"template":"","meta":{"_acf_changed":false},"product_brand":[],"product_cat":[12986,13029,12984],"product_tag":[],"class_list":{"0":"post-554302","1":"product","2":"type-product","3":"status-publish","4":"has-post-thumbnail","6":"product_cat-siktestillbehoer","7":"product_cat-siktning","8":"product_cat-termisk","10":"first","11":"instock","12":"taxable","13":"shipping-taxable","14":"purchasable","15":"product-type-simple"},"acf":[],"_links":{"self":[{"href":"https:\/\/staging.nbg.eu\/sv\/wp-json\/wp\/v2\/product\/554302","targetHints":{"allow":["GET"]}}],"collection":[{"href":"https:\/\/staging.nbg.eu\/sv\/wp-json\/wp\/v2\/product"}],"about":[{"href":"https:\/\/staging.nbg.eu\/sv\/wp-json\/wp\/v2\/types\/product"}],"wp:featuredmedia":[{"embeddable":true,"href":"https:\/\/staging.nbg.eu\/sv\/wp-json\/wp\/v2\/media\/499547"}],"wp:attachment":[{"href":"https:\/\/staging.nbg.eu\/sv\/wp-json\/wp\/v2\/media?parent=554302"}],"wp:term":[{"taxonomy":"product_brand","embeddable":true,"href":"https:\/\/staging.nbg.eu\/sv\/wp-json\/wp\/v2\/product_brand?post=554302"},{"taxonomy":"product_cat","embeddable":true,"href":"https:\/\/staging.nbg.eu\/sv\/wp-json\/wp\/v2\/product_cat?post=554302"},{"taxonomy":"product_tag","embeddable":true,"href":"https:\/\/staging.nbg.eu\/sv\/wp-json\/wp\/v2\/product_tag?post=554302"}],"curies":[{"name":"wp","href":"https:\/\/api.w.org\/{rel}","templated":true}]}}