{"id":54918,"date":"2024-03-01T10:55:25","date_gmt":"2024-09-13T13:05:34","guid":{"rendered":"https:\/\/staging.nbg.eu\/product\/fox-ammunition-30-06-spring-165-180-gr\/"},"modified":"2024-09-13T13:06:39","modified_gmt":"2024-09-13T13:06:39","slug":"fox-ammunition-30-06-spring-165180-gr","status":"publish","type":"product","link":"https:\/\/staging.nbg.eu\/sv\/produkt\/fox-ammunition-30-06-spring-165180-gr\/","title":{"rendered":"Fox Ammunition 30-06 Spring. (165\/180 gr)"},"content":{"rendered":"<div class=\"product-description\">\n<h2>Fox Classic Hunter Ammunition<\/h2>\n<p>Fox Classic Hunter kulor \u00e4r blyfria, avsedda f\u00f6r alla europeiska jaktscenarier. Tillverkade av koppar-zinklegering, erbjuder de:<\/p>\n<ul>\n<li>Prestanda f\u00f6r vildsvinsjakt p\u00e5 n\u00e4ra h\u00e5ll till l\u00e5ngdistansskott i bergen<\/li>\n<li>Deformation vid l\u00e4gre anslagshastigheter (500 m\/s)<\/li>\n<li>R\u00e4fflad design f\u00f6r minskat piptryck och \u00f6kad hastighet<\/li>\n<li>Termostabil plastspets f\u00f6r f\u00f6rb\u00e4ttrad ballistik och sluteffekt<\/li>\n<li>Kontrollerad expansion f\u00f6r energi\u00f6verf\u00f6ring och stoppkraft<\/li>\n<li>Svampformad deformation upp till dubbla kaliberdiametern<\/li>\n<li>95%+ massretention under normala penetrationsf\u00f6rh\u00e5llanden<\/li>\n<li>K\u00f6ttkvalitetsbevarande<\/li>\n<\/ul>\n<p>Fox Classic Hunter ammunition f\u00f6r jakt.<\/p>\n<\/div>\n","protected":false},"excerpt":{"rendered":"<p>Blyfri ammunition f\u00f6r m\u00e5ngsidig europeisk jakt. Precis och effektiv.<\/p>\n","protected":false},"featured_media":54919,"template":"","meta":{"_acf_changed":false},"product_brand":[11351],"product_cat":[13028,13065,13038],"product_tag":[],"class_list":{"0":"post-54918","1":"product","2":"type-product","3":"status-publish","4":"has-post-thumbnail","6":"product_brand-fox-bullets","7":"product_cat-ammunition","8":"product_cat-gevaersammunition","9":"product_cat-licensierad","11":"first","12":"instock","13":"taxable","14":"shipping-taxable","15":"purchasable","16":"product-type-variable","17":"wvs-archive-product-wrapper"},"acf":[],"_links":{"self":[{"href":"https:\/\/staging.nbg.eu\/sv\/wp-json\/wp\/v2\/product\/54918","targetHints":{"allow":["GET"]}}],"collection":[{"href":"https:\/\/staging.nbg.eu\/sv\/wp-json\/wp\/v2\/product"}],"about":[{"href":"https:\/\/staging.nbg.eu\/sv\/wp-json\/wp\/v2\/types\/product"}],"wp:featuredmedia":[{"embeddable":true,"href":"https:\/\/staging.nbg.eu\/sv\/wp-json\/wp\/v2\/media\/54919"}],"wp:attachment":[{"href":"https:\/\/staging.nbg.eu\/sv\/wp-json\/wp\/v2\/media?parent=54918"}],"wp:term":[{"taxonomy":"product_brand","embeddable":true,"href":"https:\/\/staging.nbg.eu\/sv\/wp-json\/wp\/v2\/product_brand?post=54918"},{"taxonomy":"product_cat","embeddable":true,"href":"https:\/\/staging.nbg.eu\/sv\/wp-json\/wp\/v2\/product_cat?post=54918"},{"taxonomy":"product_tag","embeddable":true,"href":"https:\/\/staging.nbg.eu\/sv\/wp-json\/wp\/v2\/product_tag?post=54918"}],"curies":[{"name":"wp","href":"https:\/\/api.w.org\/{rel}","templated":true}]}}