{"id":547312,"date":"2025-09-05T18:17:28","date_gmt":"2025-09-05T15:17:28","guid":{"rendered":"https:\/\/staging.nbg.eu\/product\/armazone-viper-fts\/"},"modified":"2025-10-01T11:24:18","modified_gmt":"2025-10-01T08:24:18","slug":"ram-viper-fts","status":"publish","type":"product","link":"https:\/\/staging.nbg.eu\/sv\/produkt\/ram-viper-fts\/","title":{"rendered":"Ram Viper FTS"},"content":{"rendered":"<div class=\"product-description\">\n<h2>Armazone Viper FTS Adapter<\/h2>\n<p>Armazone Viper FTS Adapter \u00e4r en l\u00f6sning f\u00f6r montering av m\u00f6rkerseende- eller v\u00e4rmeavbildningstillsatser p\u00e5 din Picatinny- eller Weaver-bas. Denna adapter erbjuder:<\/p>\n<ul>\n<li>Placering av v\u00e4rmeavbildningstillbeh\u00f6r<\/li>\n<li>Integration med dagsiktets synf\u00e4lt<\/li>\n<li>Snabba reaktioner i olika skjutsituationer<\/li>\n<li>Kompatibilitet med b\u00e5de Picatinny- och Weaver-baser<\/li>\n<li>H\u00e5llbar konstruktion f\u00f6r anv\u00e4ndning i f\u00e4lt<\/li>\n<\/ul>\n<p>Armazone Viper FTS Adapter \u00e4r anv\u00e4ndbar f\u00f6r taktiska operationer, jakt eller sportskytte. Den kan anv\u00e4ndas f\u00f6r att f\u00f6rb\u00e4ttra optiken vid svaga ljusf\u00f6rh\u00e5llanden.<\/p>\n<\/div>\n","protected":false},"excerpt":{"rendered":"<p>Armazone Viper FTS: Snabbmonteringsadapter f\u00f6r termiska\/m\u00f6rkerseende-tillsatser.<\/p>\n","protected":false},"featured_media":499320,"template":"","meta":{"_acf_changed":false},"product_brand":[],"product_cat":[12986,13029,12984],"product_tag":[],"class_list":{"0":"post-547312","1":"product","2":"type-product","3":"status-publish","4":"has-post-thumbnail","6":"product_cat-siktestillbehoer","7":"product_cat-siktning","8":"product_cat-termisk","10":"first","11":"instock","12":"taxable","13":"shipping-taxable","14":"purchasable","15":"product-type-simple"},"acf":[],"_links":{"self":[{"href":"https:\/\/staging.nbg.eu\/sv\/wp-json\/wp\/v2\/product\/547312","targetHints":{"allow":["GET"]}}],"collection":[{"href":"https:\/\/staging.nbg.eu\/sv\/wp-json\/wp\/v2\/product"}],"about":[{"href":"https:\/\/staging.nbg.eu\/sv\/wp-json\/wp\/v2\/types\/product"}],"wp:featuredmedia":[{"embeddable":true,"href":"https:\/\/staging.nbg.eu\/sv\/wp-json\/wp\/v2\/media\/499320"}],"wp:attachment":[{"href":"https:\/\/staging.nbg.eu\/sv\/wp-json\/wp\/v2\/media?parent=547312"}],"wp:term":[{"taxonomy":"product_brand","embeddable":true,"href":"https:\/\/staging.nbg.eu\/sv\/wp-json\/wp\/v2\/product_brand?post=547312"},{"taxonomy":"product_cat","embeddable":true,"href":"https:\/\/staging.nbg.eu\/sv\/wp-json\/wp\/v2\/product_cat?post=547312"},{"taxonomy":"product_tag","embeddable":true,"href":"https:\/\/staging.nbg.eu\/sv\/wp-json\/wp\/v2\/product_tag?post=547312"}],"curies":[{"name":"wp","href":"https:\/\/api.w.org\/{rel}","templated":true}]}}