{"id":546134,"date":"2025-09-05T18:15:45","date_gmt":"2025-09-05T15:15:45","guid":{"rendered":"https:\/\/staging.nbg.eu\/product\/rrs-sc-arc-harris-bipod-adapter-black\/"},"modified":"2025-10-01T10:58:49","modified_gmt":"2025-10-01T07:58:49","slug":"rrs-sc-arc-harris-skjutstoedadapter-svart","status":"publish","type":"product","link":"https:\/\/staging.nbg.eu\/sv\/produkt\/rrs-sc-arc-harris-skjutstoedadapter-svart\/","title":{"rendered":"RRS SC-ARC Harris Skjutst\u00f6dadapter Svart"},"content":{"rendered":"<div class=\"product-description\">\n<h2>RRS SC-ARC Harris Bipod-adapter Svart<\/h2>\n<h2>Harris Bipod-adapter<\/h2>\n<p>RRS SC-ARC Harris Bipod-adapter integreras med dina befintliga Harris &#8217;S&#8217; Bipods och ger \u00f6kad funktionalitet och f\u00f6rdelar.<\/p>\n<h3>F\u00f6rdelar:<\/h3>\n<ul>\n<li><strong>Snabba utrustningsbyten:<\/strong> Byt snabbt mellan upps\u00e4ttningar.<\/li>\n<li><strong>Stabilare st\u00f6d:<\/strong> \u00d6kad stabilitet och p\u00e5litlighet.<\/li>\n<li><strong>Bred kompatibilitet:<\/strong> Fungerar med RRS-kl\u00e4mmor som BTC-Pro och SC-ARC.<\/li>\n<\/ul>\n<p>Harris Bipod-adaptern kopplar samman din nuvarande upps\u00e4ttning med RRS-utrustning.<\/p>\n<h3>Specifikationer:<\/h3>\n<table>\n<tr>\n<td><strong>L\u00e4ngd:<\/strong><\/td>\n<td>35,6 mm<\/td>\n<\/tr>\n<tr>\n<td><strong>Bredd:<\/strong><\/td>\n<td>33,8 mm<\/td>\n<\/tr>\n<tr>\n<td><strong>H\u00f6jd:<\/strong><\/td>\n<td>34,3 mm<\/td>\n<\/tr>\n<tr>\n<td><strong>Vikt:<\/strong><\/td>\n<td>34,7 g<\/td>\n<\/tr>\n<\/table>\n<p>RRS SC-ARC Harris Bipod-adapter \u00e4r utformad f\u00f6r att f\u00f6rb\u00e4ttra funktionaliteten hos dina Harris &#8217;S&#8217; Bipods och ger en integrering med RRS-kl\u00e4mmor. Adaptern erbjuder m\u00e5ngsidighet och stabilitet f\u00f6r precisa skott och snabba justeringar i f\u00e4lt.<\/p>\n<\/div>\n","protected":false},"excerpt":{"rendered":"<p>F\u00f6rb\u00e4ttra stabilitet och m\u00e5ngsidighet med denna l\u00e4tta Harris tv\u00e5bensst\u00f6dsadapter.<\/p>\n","protected":false},"featured_media":499240,"template":"","meta":{"_acf_changed":false},"product_brand":[],"product_cat":[13053,13046],"product_tag":[],"class_list":{"0":"post-546134","1":"product","2":"type-product","3":"status-publish","4":"has-post-thumbnail","6":"product_cat-gevaer","7":"product_cat-tvabenstoed","9":"first","10":"instock","11":"taxable","12":"shipping-taxable","13":"purchasable","14":"product-type-simple"},"acf":[],"_links":{"self":[{"href":"https:\/\/staging.nbg.eu\/sv\/wp-json\/wp\/v2\/product\/546134","targetHints":{"allow":["GET"]}}],"collection":[{"href":"https:\/\/staging.nbg.eu\/sv\/wp-json\/wp\/v2\/product"}],"about":[{"href":"https:\/\/staging.nbg.eu\/sv\/wp-json\/wp\/v2\/types\/product"}],"wp:featuredmedia":[{"embeddable":true,"href":"https:\/\/staging.nbg.eu\/sv\/wp-json\/wp\/v2\/media\/499240"}],"wp:attachment":[{"href":"https:\/\/staging.nbg.eu\/sv\/wp-json\/wp\/v2\/media?parent=546134"}],"wp:term":[{"taxonomy":"product_brand","embeddable":true,"href":"https:\/\/staging.nbg.eu\/sv\/wp-json\/wp\/v2\/product_brand?post=546134"},{"taxonomy":"product_cat","embeddable":true,"href":"https:\/\/staging.nbg.eu\/sv\/wp-json\/wp\/v2\/product_cat?post=546134"},{"taxonomy":"product_tag","embeddable":true,"href":"https:\/\/staging.nbg.eu\/sv\/wp-json\/wp\/v2\/product_tag?post=546134"}],"curies":[{"name":"wp","href":"https:\/\/api.w.org\/{rel}","templated":true}]}}