{"id":54564,"date":"2024-03-02T07:29:43","date_gmt":"2024-09-13T13:02:39","guid":{"rendered":"https:\/\/staging.nbg.eu\/product\/bore-tech-proof-positive-rifle-jag-multiple-calibers\/"},"modified":"2024-09-13T13:03:44","modified_gmt":"2024-09-13T13:03:44","slug":"bore-tech-proof-positive-gevaer-jag-flera-kalibrar","status":"publish","type":"product","link":"https:\/\/staging.nbg.eu\/sv\/produkt\/bore-tech-proof-positive-gevaer-jag-flera-kalibrar\/","title":{"rendered":"Bore Tech Proof-Positive Gev\u00e4r Jag (Flera Kalibrar)"},"content":{"rendered":"<div class=\"product-description\">\n<h2>Bore Tech Proof-Positive Gev\u00e4rsborste (Flera kalibrar)<\/h2>\n<p>Bore Techs Proof-Positive gev\u00e4rsborstar eliminerar falska indikationer p\u00e5 kopparavlagringar. Tillverkade av en m\u00e4ssingsfri legering som \u00e4r s\u00e4ker f\u00f6r pipan och har h\u00f6g h\u00e5llfasthet. Egenskaper inkluderar:<\/p>\n<ul>\n<li>Dubbla upps\u00e4ttningar av 4 kontaktringar f\u00f6r f\u00f6rb\u00e4ttrad reng\u00f6ring<\/li>\n<li>Precisionstillverkad f\u00f6r j\u00e4mnt tryck<\/li>\n<li>Omv\u00e4nd konisk design f\u00f6r att skydda vapnets mynning<\/li>\n<\/ul>\n<p>F\u00f6r effektiv reng\u00f6ring av pipor med mindre spill.<\/p>\n<\/div>\n","protected":false},"excerpt":{"rendered":"<p>Innovativ gev\u00e4rsreng\u00f6ringsduk eliminerar falska indikationer p\u00e5 kopparavlagringar.<\/p>\n","protected":false},"featured_media":54565,"template":"","meta":{"_acf_changed":false},"product_brand":[11162],"product_cat":[13061,13059,13034],"product_tag":[],"class_list":{"0":"post-54564","1":"product","2":"type-product","3":"status-publish","4":"has-post-thumbnail","6":"product_brand-boretech","7":"product_cat-borstar","8":"product_cat-rensnalar","9":"product_cat-vapenrengoering","11":"first","12":"instock","13":"taxable","14":"shipping-taxable","15":"purchasable","16":"product-type-variable","17":"wvs-archive-product-wrapper"},"acf":[],"_links":{"self":[{"href":"https:\/\/staging.nbg.eu\/sv\/wp-json\/wp\/v2\/product\/54564","targetHints":{"allow":["GET"]}}],"collection":[{"href":"https:\/\/staging.nbg.eu\/sv\/wp-json\/wp\/v2\/product"}],"about":[{"href":"https:\/\/staging.nbg.eu\/sv\/wp-json\/wp\/v2\/types\/product"}],"wp:featuredmedia":[{"embeddable":true,"href":"https:\/\/staging.nbg.eu\/sv\/wp-json\/wp\/v2\/media\/54565"}],"wp:attachment":[{"href":"https:\/\/staging.nbg.eu\/sv\/wp-json\/wp\/v2\/media?parent=54564"}],"wp:term":[{"taxonomy":"product_brand","embeddable":true,"href":"https:\/\/staging.nbg.eu\/sv\/wp-json\/wp\/v2\/product_brand?post=54564"},{"taxonomy":"product_cat","embeddable":true,"href":"https:\/\/staging.nbg.eu\/sv\/wp-json\/wp\/v2\/product_cat?post=54564"},{"taxonomy":"product_tag","embeddable":true,"href":"https:\/\/staging.nbg.eu\/sv\/wp-json\/wp\/v2\/product_tag?post=54564"}],"curies":[{"name":"wp","href":"https:\/\/api.w.org\/{rel}","templated":true}]}}