{"id":545580,"date":"2025-09-05T18:15:43","date_gmt":"2025-09-05T15:15:43","guid":{"rendered":"https:\/\/staging.nbg.eu\/product\/kmr-baseball-cap\/"},"modified":"2025-10-01T10:41:27","modified_gmt":"2025-10-01T07:41:27","slug":"kmr-basebollkeps","status":"publish","type":"product","link":"https:\/\/staging.nbg.eu\/sv\/produkt\/kmr-basebollkeps\/","title":{"rendered":"KMR Basebollkeps"},"content":{"rendered":"<h2>KMR Basebollkeps<\/h2>\n<h2>Referens: 0380-00501-0000<\/h2>\n<p>Basebollkeps fr\u00e5n KMR Precision Arms. Kepsen \u00e4r designad f\u00f6r bekv\u00e4mlighet och har KMR-logotypen. Den har justerbar rem f\u00f6r anpassning av storlek och \u00e4r tillverkad av andningsbart tyg. L\u00e4mplig f\u00f6r skyttar och vapenentusiaster.<\/p>\n","protected":false},"excerpt":{"rendered":"<p>KMR Basebollkeps: Stilren t\u00e4vlingsm\u00f6ssa f\u00f6r precisionsskyttar.<\/p>\n","protected":false},"featured_media":499079,"template":"","meta":{"_acf_changed":false},"product_brand":[],"product_cat":[13069],"product_tag":[],"class_list":{"0":"post-545580","1":"product","2":"type-product","3":"status-publish","4":"has-post-thumbnail","6":"product_cat-okategoriserad","8":"first","9":"instock","10":"taxable","11":"shipping-taxable","12":"purchasable","13":"product-type-simple"},"acf":[],"_links":{"self":[{"href":"https:\/\/staging.nbg.eu\/sv\/wp-json\/wp\/v2\/product\/545580","targetHints":{"allow":["GET"]}}],"collection":[{"href":"https:\/\/staging.nbg.eu\/sv\/wp-json\/wp\/v2\/product"}],"about":[{"href":"https:\/\/staging.nbg.eu\/sv\/wp-json\/wp\/v2\/types\/product"}],"wp:featuredmedia":[{"embeddable":true,"href":"https:\/\/staging.nbg.eu\/sv\/wp-json\/wp\/v2\/media\/499079"}],"wp:attachment":[{"href":"https:\/\/staging.nbg.eu\/sv\/wp-json\/wp\/v2\/media?parent=545580"}],"wp:term":[{"taxonomy":"product_brand","embeddable":true,"href":"https:\/\/staging.nbg.eu\/sv\/wp-json\/wp\/v2\/product_brand?post=545580"},{"taxonomy":"product_cat","embeddable":true,"href":"https:\/\/staging.nbg.eu\/sv\/wp-json\/wp\/v2\/product_cat?post=545580"},{"taxonomy":"product_tag","embeddable":true,"href":"https:\/\/staging.nbg.eu\/sv\/wp-json\/wp\/v2\/product_tag?post=545580"}],"curies":[{"name":"wp","href":"https:\/\/api.w.org\/{rel}","templated":true}]}}