{"id":545127,"date":"2025-09-05T18:09:58","date_gmt":"2025-09-05T15:09:58","guid":{"rendered":"https:\/\/staging.nbg.eu\/product\/muzzle-break-vanward-pro-break-for-qd55\/"},"modified":"2025-10-01T10:24:26","modified_gmt":"2025-10-01T07:24:26","slug":"mynningsbroms-vanward-pro-break-foer-qd55","status":"publish","type":"product","link":"https:\/\/staging.nbg.eu\/sv\/produkt\/mynningsbroms-vanward-pro-break-foer-qd55\/","title":{"rendered":"Mynningsbroms Vanward Pro-Break f\u00f6r QD55"},"content":{"rendered":"<div class=\"product-description\">\n<h2>Mynningsbroms Vanward Pro-Break f\u00f6r QD55<\/h2>\n<p>Vanward Pro-Brake \u00e4r en f\u00f6rb\u00e4ttrad version av Salamander Tacticals Fafnir. Denna mynningsbroms erbjuder:<\/p>\n<ul>\n<li>78% rekyld\u00e4mpning (testad av Vaapentidingen)<\/li>\n<li>Kompatibel med Vanward QD55 ljudd\u00e4mpare<\/li>\n<li>Montering och indexering med medf\u00f6ljande l\u00e5smutter<\/li>\n<li>Vikt: 174 gram<\/li>\n<\/ul>\n<p>Den kan balansera en hylsa under ett skott med 6.5&#215;47 kaliber. Avsedd f\u00f6r precisionskytte och kompatibilitet med ljudd\u00e4mpare. Vanward Pro-Brake \u00e4r tillg\u00e4nglig nu.<\/p>\n<\/div>\n","protected":false},"excerpt":{"rendered":"<p>Avancerad rekylbroms f\u00f6r QD55, 78% reduktion. Kompatibel med ljudd\u00e4mpare.<\/p>\n","protected":false},"featured_media":498987,"template":"","meta":{"_acf_changed":false},"product_brand":[],"product_cat":[13053,13002,13006,13025],"product_tag":[],"class_list":{"0":"post-545127","1":"product","2":"type-product","3":"status-publish","4":"has-post-thumbnail","6":"product_cat-gevaer","7":"product_cat-gevaersjustering","8":"product_cat-gevaersljuddaempare","9":"product_cat-ljuddaempartillbehoer","11":"first","12":"outofstock","13":"taxable","14":"shipping-taxable","15":"product-type-simple"},"acf":[],"_links":{"self":[{"href":"https:\/\/staging.nbg.eu\/sv\/wp-json\/wp\/v2\/product\/545127","targetHints":{"allow":["GET"]}}],"collection":[{"href":"https:\/\/staging.nbg.eu\/sv\/wp-json\/wp\/v2\/product"}],"about":[{"href":"https:\/\/staging.nbg.eu\/sv\/wp-json\/wp\/v2\/types\/product"}],"wp:featuredmedia":[{"embeddable":true,"href":"https:\/\/staging.nbg.eu\/sv\/wp-json\/wp\/v2\/media\/498987"}],"wp:attachment":[{"href":"https:\/\/staging.nbg.eu\/sv\/wp-json\/wp\/v2\/media?parent=545127"}],"wp:term":[{"taxonomy":"product_brand","embeddable":true,"href":"https:\/\/staging.nbg.eu\/sv\/wp-json\/wp\/v2\/product_brand?post=545127"},{"taxonomy":"product_cat","embeddable":true,"href":"https:\/\/staging.nbg.eu\/sv\/wp-json\/wp\/v2\/product_cat?post=545127"},{"taxonomy":"product_tag","embeddable":true,"href":"https:\/\/staging.nbg.eu\/sv\/wp-json\/wp\/v2\/product_tag?post=545127"}],"curies":[{"name":"wp","href":"https:\/\/api.w.org\/{rel}","templated":true}]}}