{"id":544923,"date":"2025-09-05T18:09:58","date_gmt":"2025-09-05T15:09:58","guid":{"rendered":"https:\/\/staging.nbg.eu\/product\/magpul-rubber-butt-pad-0-70\/"},"modified":"2025-10-01T10:16:24","modified_gmt":"2025-10-01T07:16:24","slug":"magpul-gummikolvdyna-070","status":"publish","type":"product","link":"https:\/\/staging.nbg.eu\/sv\/produkt\/magpul-gummikolvdyna-070\/","title":{"rendered":"Magpul &#8211; Gummikolvdyna &#8211; 0.70&#8243;"},"content":{"rendered":"<div class=\"product-description\">\n<h2>Magpul Gummibakplatta &#8211; 0,70&#8243;<\/h2>\n<p>Gummibakplatta f\u00f6r Magpul-kolvar. Denna 0,70&#8243; platta \u00e4r kompatibel med olika Magpul-kolvar, inklusive CTR\u00ae, MOE\u00ae Carbine Mil-Spec, UBR\u00ae, STR\u00ae, ACS-L\u2122 och ACS-modeller.<\/p>\n<ul>\n<li>F\u00f6rb\u00e4ttrat axelst\u00f6d och rekylreducering<\/li>\n<li>Tjockare, ventilerad konstruktion<\/li>\n<li>Inkluderar monteringsh\u00e5rdvara<\/li>\n<li>M\u00e5tt: 13 x 4 x 1,6 cm (ungef\u00e4r)<\/li>\n<li>Vikt: 62 g (ungef\u00e4r)<\/li>\n<li>Tillverkad i USA<\/li>\n<\/ul>\n<p><strong>Obs:<\/strong> Ej kompatibel med MOE\u00ae Fixed Carbine Stock. Kan begr\u00e4nsa full hopf\u00e4llning p\u00e5 Commercial MOE\u00ae\/CTR\u00ae Stocks p\u00e5 grund av f\u00f6rl\u00e4ngd, fasad baksida.<\/p>\n<\/div>\n","protected":false},"excerpt":{"rendered":"<p>F\u00f6rb\u00e4ttrad 0,70&#8243; gummi-bakkappa f\u00f6r Magpul-kolvar. F\u00f6rb\u00e4ttrat st\u00f6d.<\/p>\n","protected":false},"featured_media":498962,"template":"","meta":{"_acf_changed":false},"product_brand":[11551],"product_cat":[13020],"product_tag":[],"class_list":{"0":"post-544923","1":"product","2":"type-product","3":"status-publish","4":"has-post-thumbnail","6":"product_brand-magpul","7":"product_cat-utrustning","9":"first","10":"instock","11":"taxable","12":"shipping-taxable","13":"purchasable","14":"product-type-simple"},"acf":[],"_links":{"self":[{"href":"https:\/\/staging.nbg.eu\/sv\/wp-json\/wp\/v2\/product\/544923","targetHints":{"allow":["GET"]}}],"collection":[{"href":"https:\/\/staging.nbg.eu\/sv\/wp-json\/wp\/v2\/product"}],"about":[{"href":"https:\/\/staging.nbg.eu\/sv\/wp-json\/wp\/v2\/types\/product"}],"wp:featuredmedia":[{"embeddable":true,"href":"https:\/\/staging.nbg.eu\/sv\/wp-json\/wp\/v2\/media\/498962"}],"wp:attachment":[{"href":"https:\/\/staging.nbg.eu\/sv\/wp-json\/wp\/v2\/media?parent=544923"}],"wp:term":[{"taxonomy":"product_brand","embeddable":true,"href":"https:\/\/staging.nbg.eu\/sv\/wp-json\/wp\/v2\/product_brand?post=544923"},{"taxonomy":"product_cat","embeddable":true,"href":"https:\/\/staging.nbg.eu\/sv\/wp-json\/wp\/v2\/product_cat?post=544923"},{"taxonomy":"product_tag","embeddable":true,"href":"https:\/\/staging.nbg.eu\/sv\/wp-json\/wp\/v2\/product_tag?post=544923"}],"curies":[{"name":"wp","href":"https:\/\/api.w.org\/{rel}","templated":true}]}}