{"id":54124,"date":"2024-03-02T10:05:47","date_gmt":"2024-09-13T12:58:27","guid":{"rendered":"https:\/\/staging.nbg.eu\/product\/bore-tech-proof-positive-shotgun-jag-12-16-20-ga\/"},"modified":"2024-09-13T12:59:29","modified_gmt":"2024-09-13T12:59:29","slug":"bore-tech-proof-positive-hagelgevaer-jag-121620-ga","status":"publish","type":"product","link":"https:\/\/staging.nbg.eu\/sv\/produkt\/bore-tech-proof-positive-hagelgevaer-jag-121620-ga\/","title":{"rendered":"Bore Tech Proof-Positive Hagelgev\u00e4r Jag (12\/16\/20 GA)"},"content":{"rendered":"<div class=\"product-description\">\n<h2>Bore Tech Proof-Positive Hagelj\u00e4rn (12\/16\/20 GA)<\/h2>\n<p>Bore Techs patenterade hagelj\u00e4rn. Egenskaper:<\/p>\n<ul>\n<li>4 flexibla blad f\u00f6r anpassning till pipan<\/li>\n<li>Tillverkad av nylon<\/li>\n<li>Kan passera genom choker<\/li>\n<li>Passar standardg\u00e4ngade st\u00e4nger 5\/16-27<\/li>\n<\/ul>\n<p>F\u00f6r underh\u00e5ll av hagelgev\u00e4r. F\u00f6r hagelgev\u00e4rsanv\u00e4ndare.<\/p>\n<p><strong>Pris: 14,99 USD<\/strong><\/p>\n<\/div>\n","protected":false},"excerpt":{"rendered":"<p>Flexibel 4-bladig rensare f\u00f6r effektiv reng\u00f6ring av hagelgev\u00e4r. Skonsam mot choker.<\/p>\n","protected":false},"featured_media":54125,"template":"","meta":{"_acf_changed":false},"product_brand":[11162],"product_cat":[13061,13059,13034],"product_tag":[],"class_list":{"0":"post-54124","1":"product","2":"type-product","3":"status-publish","4":"has-post-thumbnail","6":"product_brand-boretech","7":"product_cat-borstar","8":"product_cat-rensnalar","9":"product_cat-vapenrengoering","11":"first","12":"instock","13":"taxable","14":"shipping-taxable","15":"purchasable","16":"product-type-variable","17":"wvs-archive-product-wrapper"},"acf":[],"_links":{"self":[{"href":"https:\/\/staging.nbg.eu\/sv\/wp-json\/wp\/v2\/product\/54124","targetHints":{"allow":["GET"]}}],"collection":[{"href":"https:\/\/staging.nbg.eu\/sv\/wp-json\/wp\/v2\/product"}],"about":[{"href":"https:\/\/staging.nbg.eu\/sv\/wp-json\/wp\/v2\/types\/product"}],"wp:featuredmedia":[{"embeddable":true,"href":"https:\/\/staging.nbg.eu\/sv\/wp-json\/wp\/v2\/media\/54125"}],"wp:attachment":[{"href":"https:\/\/staging.nbg.eu\/sv\/wp-json\/wp\/v2\/media?parent=54124"}],"wp:term":[{"taxonomy":"product_brand","embeddable":true,"href":"https:\/\/staging.nbg.eu\/sv\/wp-json\/wp\/v2\/product_brand?post=54124"},{"taxonomy":"product_cat","embeddable":true,"href":"https:\/\/staging.nbg.eu\/sv\/wp-json\/wp\/v2\/product_cat?post=54124"},{"taxonomy":"product_tag","embeddable":true,"href":"https:\/\/staging.nbg.eu\/sv\/wp-json\/wp\/v2\/product_tag?post=54124"}],"curies":[{"name":"wp","href":"https:\/\/api.w.org\/{rel}","templated":true}]}}