{"id":540857,"date":"2025-09-05T18:09:45","date_gmt":"2025-09-05T15:09:45","guid":{"rendered":"https:\/\/staging.nbg.eu\/product\/bullet-berger-cal-6-5-creedmoor-elite-hunter-140gr-100pcs\/"},"modified":"2025-09-30T17:22:58","modified_gmt":"2025-09-30T14:22:58","slug":"kula-berger-kal-65-creedmoor-elite-hunter-140gr100st","status":"publish","type":"product","link":"https:\/\/staging.nbg.eu\/sv\/produkt\/kula-berger-kal-65-creedmoor-elite-hunter-140gr100st\/","title":{"rendered":"Kula Berger kal. 6.5 Creedmoor Elite Hunter 140gr.\/100st."},"content":{"rendered":"<h2>Kula Berger kal. 6.5 Creedmoor Elite Hunter 140gr.\/100st.<\/h2>\n<p>Bergers 6.5 Creedmoor 140 Grain Elite Hunter gev\u00e4rsammunition \u00e4r designad f\u00f6r jakt p\u00e5 medelstora vilt. Denna kula erbjuder:<\/p>\n<ul>\n<li><strong>Precision:<\/strong> Anv\u00e4nder J4 Precision kulmantel med +\/-.0003&#8243; Total Indicated Runout (TIR)<\/li>\n<li><strong>Hybrid Ogive:<\/strong> Kombinerar tangent- och sekantnosformer f\u00f6r enkel justering och flackare bana<\/li>\n<li><strong>Konsekvent k\u00e4rna:<\/strong> Eliminerar behovet av viktsortering<\/li>\n<li><strong>Boat Tail Design:<\/strong> Ger aerodynamisk f\u00f6rdel p\u00e5 l\u00e4ngre avst\u00e5nd<\/li>\n<li><strong>J4 Jaktmantel:<\/strong> M\u00f6jligg\u00f6r 2-3&#8243; penetration f\u00f6re snabb expansion<\/li>\n<\/ul>\n<p>6.5 Creedmoor Elite Hunter erbjuder extern ballistik, termisk prestanda och optimal rekyl. Med en G1 BC p\u00e5 0,606 och en mynningshastighet p\u00e5 2750 fps ger denna ammunition precision p\u00e5 l\u00e5nga avst\u00e5nd.<\/p>\n<p>Specifikationer:<\/p>\n<ul>\n<li>Vikt: 140 Grain<\/li>\n<li>G7 BC: 0,31<\/li>\n<li>Minsta vridning: 1:8&#8243; eller snabbare<\/li>\n<li>Maximal COAL: 2,825&#8243;<\/li>\n<li>Mynningsenergi: 2351 ft-lb<\/li>\n<\/ul>\n<p>Bergers Elite Hunter \u00e4r l\u00e4mplig f\u00f6r jakt och t\u00e4vlingsskytte.<\/p>\n","protected":false},"excerpt":{"rendered":"<p>Elite Hunter 6.5 Creedmoor: Precis, p\u00e5litlig 140gr kula f\u00f6r medelstort vilt.<\/p>\n","protected":false},"featured_media":498862,"template":"","meta":{"_acf_changed":false},"product_brand":[],"product_cat":[13028,13049],"product_tag":[],"class_list":{"0":"post-540857","1":"product","2":"type-product","3":"status-publish","4":"has-post-thumbnail","6":"product_cat-ammunition","7":"product_cat-omladdning","9":"first","10":"instock","11":"taxable","12":"shipping-taxable","13":"product-type-simple"},"acf":[],"_links":{"self":[{"href":"https:\/\/staging.nbg.eu\/sv\/wp-json\/wp\/v2\/product\/540857","targetHints":{"allow":["GET"]}}],"collection":[{"href":"https:\/\/staging.nbg.eu\/sv\/wp-json\/wp\/v2\/product"}],"about":[{"href":"https:\/\/staging.nbg.eu\/sv\/wp-json\/wp\/v2\/types\/product"}],"wp:featuredmedia":[{"embeddable":true,"href":"https:\/\/staging.nbg.eu\/sv\/wp-json\/wp\/v2\/media\/498862"}],"wp:attachment":[{"href":"https:\/\/staging.nbg.eu\/sv\/wp-json\/wp\/v2\/media?parent=540857"}],"wp:term":[{"taxonomy":"product_brand","embeddable":true,"href":"https:\/\/staging.nbg.eu\/sv\/wp-json\/wp\/v2\/product_brand?post=540857"},{"taxonomy":"product_cat","embeddable":true,"href":"https:\/\/staging.nbg.eu\/sv\/wp-json\/wp\/v2\/product_cat?post=540857"},{"taxonomy":"product_tag","embeddable":true,"href":"https:\/\/staging.nbg.eu\/sv\/wp-json\/wp\/v2\/product_tag?post=540857"}],"curies":[{"name":"wp","href":"https:\/\/api.w.org\/{rel}","templated":true}]}}