{"id":539587,"date":"2025-09-05T17:38:18","date_gmt":"2025-09-05T14:38:18","guid":{"rendered":"https:\/\/staging.nbg.eu\/product\/or-leupold-delta-point-mounting-kit-for-l-02-w-02-steel-black\/"},"modified":"2025-09-30T14:24:48","modified_gmt":"2025-09-30T11:24:48","slug":"or-leupold-delta-point-monteringssats-foer-l-02-w-02-stal-svart","status":"publish","type":"product","link":"https:\/\/staging.nbg.eu\/sv\/produkt\/or-leupold-delta-point-monteringssats-foer-l-02-w-02-stal-svart\/","title":{"rendered":"OR LEUPOLD DELTA POINT MONTERINGSSATS F\u00d6R L-02, W-02, ST\u00c5L SVART"},"content":{"rendered":"<div class=\"product-description\">\n<h2>OR LEUPOLD DELTA POINT PRO MONTERINGSSATS LW64<\/h2>\n<p><strong>Referens:<\/strong> 0091-01207-0001<\/p>\n<p><strong>M\u00e4rke:<\/strong> KMR Precision Arms<\/p>\n<h2>Beskrivning<\/h2>\n<p>OR LEUPOLD DELTA POINT PRO MONTERINGSSATS LW64 \u00e4r avsedd f\u00f6r KMR L-02 eller W-02 pistol. Denna basplatta \u00e4r utformad f\u00f6r optik-redo (OR) KMR L-02 och W-02 pistolmodeller, och passar optik med Leupold DeltaPoint Pro-f\u00e4ste.<\/p>\n<h2>Produktdetaljer<\/h2>\n<ul>\n<li>Material: St\u00e5l<\/li>\n<li>F\u00e4rg: Svart<\/li>\n<li>Inkluderar tv\u00e5 M4-installationsskruvar<\/li>\n<\/ul>\n<h2>Installation<\/h2>\n<ol>\n<li>Skruva loss den ursprungliga basplattan fr\u00e5n pistolen<\/li>\n<li>Reng\u00f6r noggrant monteringsytan<\/li>\n<li>Installera den nya basplattan<\/li>\n<li>Dra \u00e5t de tv\u00e5 medf\u00f6ljande M4-skruvarna med g\u00e4ngl\u00e5sning<\/li>\n<\/ol>\n<p><strong>Viktigt:<\/strong> ANV\u00c4ND INTE R\u00d6D LOCTITE!<\/p>\n<h2>Kompatibla Red Dot-sikten<\/h2>\n<p>Denna monteringssats \u00e4r kompatibel med olika red dot-sikten som delar Leupold DeltaPoint Pro-monteringsstandard, inklusive:<\/p>\n<ul>\n<li>Leupold DeltaPoint Pro<\/li>\n<li>Vortex Defender XL<\/li>\n<li>Eotech Eflx<\/li>\n<li>Holosun SCS 320<\/li>\n<li>Och m\u00e5nga andra<\/li>\n<\/ul>\n<p>Denna monteringssats g\u00f6r det m\u00f6jligt att f\u00e4sta ditt f\u00f6redragna red dot-sikte p\u00e5 din KMR L-02 eller W-02 pistol.<\/p>\n<\/div>\n","protected":false},"excerpt":{"rendered":"<p>Basplatta i st\u00e5l f\u00f6r KMR L-02\/W-02-pistoler, passar DeltaPoint Pro-optik<\/p>\n","protected":false},"featured_media":497561,"template":"","meta":{"_acf_changed":false},"product_brand":[11511],"product_cat":[13005],"product_tag":[],"class_list":{"0":"post-539587","1":"product","2":"type-product","3":"status-publish","4":"has-post-thumbnail","6":"product_brand-kmr-precision","7":"product_cat-kmr-delar","9":"first","10":"instock","11":"taxable","12":"shipping-taxable","13":"purchasable","14":"product-type-simple"},"acf":[],"_links":{"self":[{"href":"https:\/\/staging.nbg.eu\/sv\/wp-json\/wp\/v2\/product\/539587","targetHints":{"allow":["GET"]}}],"collection":[{"href":"https:\/\/staging.nbg.eu\/sv\/wp-json\/wp\/v2\/product"}],"about":[{"href":"https:\/\/staging.nbg.eu\/sv\/wp-json\/wp\/v2\/types\/product"}],"wp:featuredmedia":[{"embeddable":true,"href":"https:\/\/staging.nbg.eu\/sv\/wp-json\/wp\/v2\/media\/497561"}],"wp:attachment":[{"href":"https:\/\/staging.nbg.eu\/sv\/wp-json\/wp\/v2\/media?parent=539587"}],"wp:term":[{"taxonomy":"product_brand","embeddable":true,"href":"https:\/\/staging.nbg.eu\/sv\/wp-json\/wp\/v2\/product_brand?post=539587"},{"taxonomy":"product_cat","embeddable":true,"href":"https:\/\/staging.nbg.eu\/sv\/wp-json\/wp\/v2\/product_cat?post=539587"},{"taxonomy":"product_tag","embeddable":true,"href":"https:\/\/staging.nbg.eu\/sv\/wp-json\/wp\/v2\/product_tag?post=539587"}],"curies":[{"name":"wp","href":"https:\/\/api.w.org\/{rel}","templated":true}]}}