{"id":53949,"date":"2024-03-04T08:23:25","date_gmt":"2024-09-13T12:54:41","guid":{"rendered":"https:\/\/staging.nbg.eu\/product\/bore-tech-bronze-rifle-brush-3-pack-multiple-calibers\/"},"modified":"2024-09-13T12:55:46","modified_gmt":"2024-09-13T12:55:46","slug":"bore-tech-brons-gevaer-borste-3-pack-flera-kalibrar","status":"publish","type":"product","link":"https:\/\/staging.nbg.eu\/sv\/produkt\/bore-tech-brons-gevaer-borste-3-pack-flera-kalibrar\/","title":{"rendered":"Bore Tech Brons Gev\u00e4r Borste (3-pack, Flera Kalibrar)"},"content":{"rendered":"<p>\nBore Tech Bronze gev\u00e4rsborste \u00e4r konstruerad med f\u00f6ljande egenskaper:<\/p>\n<ul>\n<li>Dubbel m\u00e4ngd fosforbronsborst<\/li>\n<li>\u00d6gleformad, dubbellindad k\u00e4rna f\u00f6r pips\u00e4kerhet<\/li>\n<li>Aluminiumf\u00e4sten av flygplanskvalitet<\/li>\n<li>Kaliberspecifika borstdiametrar<\/li>\n<li>Tillg\u00e4nglig i kaliber .17 till .50<\/li>\n<\/ul>\n<p>Bore Techs borstar \u00e4r designade f\u00f6r effektiv reng\u00f6ring.<\/p>\n","protected":false},"excerpt":{"rendered":"<p>Premiumborste i brons f\u00f6r effektiv och s\u00e4ker reng\u00f6ring av gev\u00e4rspipan.<\/p>\n","protected":false},"featured_media":53950,"template":"","meta":{"_acf_changed":false},"product_brand":[11162],"product_cat":[13061,13034],"product_tag":[],"class_list":{"0":"post-53949","1":"product","2":"type-product","3":"status-publish","4":"has-post-thumbnail","6":"product_brand-boretech","7":"product_cat-borstar","8":"product_cat-vapenrengoering","10":"first","11":"instock","12":"taxable","13":"shipping-taxable","14":"purchasable","15":"product-type-variable","16":"wvs-archive-product-wrapper"},"acf":[],"_links":{"self":[{"href":"https:\/\/staging.nbg.eu\/sv\/wp-json\/wp\/v2\/product\/53949","targetHints":{"allow":["GET"]}}],"collection":[{"href":"https:\/\/staging.nbg.eu\/sv\/wp-json\/wp\/v2\/product"}],"about":[{"href":"https:\/\/staging.nbg.eu\/sv\/wp-json\/wp\/v2\/types\/product"}],"wp:featuredmedia":[{"embeddable":true,"href":"https:\/\/staging.nbg.eu\/sv\/wp-json\/wp\/v2\/media\/53950"}],"wp:attachment":[{"href":"https:\/\/staging.nbg.eu\/sv\/wp-json\/wp\/v2\/media?parent=53949"}],"wp:term":[{"taxonomy":"product_brand","embeddable":true,"href":"https:\/\/staging.nbg.eu\/sv\/wp-json\/wp\/v2\/product_brand?post=53949"},{"taxonomy":"product_cat","embeddable":true,"href":"https:\/\/staging.nbg.eu\/sv\/wp-json\/wp\/v2\/product_cat?post=53949"},{"taxonomy":"product_tag","embeddable":true,"href":"https:\/\/staging.nbg.eu\/sv\/wp-json\/wp\/v2\/product_tag?post=53949"}],"curies":[{"name":"wp","href":"https:\/\/api.w.org\/{rel}","templated":true}]}}